{"id":10205,"date":"2022-12-01T19:02:07","date_gmt":"2022-12-01T18:02:07","guid":{"rendered":"https:\/\/www.notredamealarose.be\/2022\/discover\/"},"modified":"2023-02-11T16:30:30","modified_gmt":"2023-02-11T15:30:30","slug":"discover","status":"publish","type":"page","link":"https:\/\/www.notredamealarose.be\/en\/discover\/","title":{"rendered":"Discover"},"content":{"rendered":"\n<div class=\"wp-block-query is-layout-constrained wp-block-query-is-layout-constrained\"><ul class=\"is-flex-container columns-4 wp-block-post-template is-layout-flow wp-block-post-template-is-layout-flow\"><li class=\"wp-block-post post-10217 page type-page status-publish has-post-thumbnail hentry\">\n<figure class=\"wp-block-post-featured-image\"><a href=\"https:\/\/www.notredamealarose.be\/en\/discover\/the-museum\/architecture\/\" target=\"_self\"  ><img loading=\"lazy\" decoding=\"async\" width=\"1000\" height=\"670\" src=\"https:\/\/www.notredamealarose.be\/2022\/wp-content\/uploads\/2022\/12\/5603-1000x670-1.jpg\" class=\"attachment-post-thumbnail size-post-thumbnail wp-post-image\" alt=\"Architecture\" style=\"object-fit:cover;\" srcset=\"https:\/\/www.notredamealarose.be\/2022\/wp-content\/uploads\/2022\/12\/5603-1000x670-1.jpg 1000w, https:\/\/www.notredamealarose.be\/2022\/wp-content\/uploads\/2022\/12\/5603-1000x670-1-300x201.jpg 300w, https:\/\/www.notredamealarose.be\/2022\/wp-content\/uploads\/2022\/12\/5603-1000x670-1-768x515.jpg 768w\" sizes=\"auto, (max-width: 1000px) 100vw, 1000px\" \/><\/a><\/figure>\n\n<h3 class=\"wp-block-post-title\"><a href=\"https:\/\/www.notredamealarose.be\/en\/discover\/the-museum\/architecture\/\" target=\"_self\" >Architecture<\/a><\/h3>\n\n<div class=\"wp-block-post-excerpt\"><p class=\"wp-block-post-excerpt__excerpt\">One of the oldest hospitals in Europe! A majestic and authentic architectural ensemble. One of the oldest hospitals in Europe! A majestic and authentic architectural ensemble. A rich and original heritage site : Baroque chapel, cloister, gardens, sick ward, convent\u2026 A most enchanting place where cares of soul and body were combined\u2026 The cloister of&hellip; <\/p><\/div>\n\n\n<p><\/p>\n\n<\/li><li class=\"wp-block-post post-10222 page type-page status-publish has-post-thumbnail hentry\">\n<figure class=\"wp-block-post-featured-image\"><a href=\"https:\/\/www.notredamealarose.be\/en\/discover\/the-museum\/kunst\/\" target=\"_self\"  ><img loading=\"lazy\" decoding=\"async\" width=\"1021\" height=\"684\" src=\"https:\/\/www.notredamealarose.be\/2022\/wp-content\/uploads\/2022\/12\/Lamentation-detail.jpg\" class=\"attachment-post-thumbnail size-post-thumbnail wp-post-image\" alt=\"Art\" style=\"object-fit:cover;\" srcset=\"https:\/\/www.notredamealarose.be\/2022\/wp-content\/uploads\/2022\/12\/Lamentation-detail.jpg 1021w, https:\/\/www.notredamealarose.be\/2022\/wp-content\/uploads\/2022\/12\/Lamentation-detail-300x201.jpg 300w, https:\/\/www.notredamealarose.be\/2022\/wp-content\/uploads\/2022\/12\/Lamentation-detail-768x515.jpg 768w\" sizes=\"auto, (max-width: 1021px) 100vw, 1021px\" \/><\/a><\/figure>\n\n<h3 class=\"wp-block-post-title\"><a href=\"https:\/\/www.notredamealarose.be\/en\/discover\/the-museum\/kunst\/\" target=\"_self\" >Art<\/a><\/h3>\n\n<div class=\"wp-block-post-excerpt\"><p class=\"wp-block-post-excerpt__excerpt\">The originality and interest of the collections of the Hospital Notre-Dame \u00e0 la Rose lies in their variety and quality. Indeed, they illustrate many areas of the history of art and science. Moreover, they are preserved in situ and contribute very largely to recreate an atmosphere, peculiar to this place where time seems to have&hellip; <\/p><\/div>\n\n\n<p><\/p>\n\n<\/li><li class=\"wp-block-post post-10230 page type-page status-publish has-post-thumbnail hentry\">\n<figure class=\"wp-block-post-featured-image\"><a href=\"https:\/\/www.notredamealarose.be\/en\/discover\/the-museum\/medical-and-pharmaceutical-collections\/\" target=\"_self\"  ><img loading=\"lazy\" decoding=\"async\" width=\"1000\" height=\"668\" src=\"https:\/\/www.notredamealarose.be\/2022\/wp-content\/uploads\/2022\/12\/chirurgie.jpg\" class=\"attachment-post-thumbnail size-post-thumbnail wp-post-image\" alt=\"Medical and pharmaceutical collections\" style=\"object-fit:cover;\" srcset=\"https:\/\/www.notredamealarose.be\/2022\/wp-content\/uploads\/2022\/12\/chirurgie.jpg 1000w, https:\/\/www.notredamealarose.be\/2022\/wp-content\/uploads\/2022\/12\/chirurgie-300x200.jpg 300w, https:\/\/www.notredamealarose.be\/2022\/wp-content\/uploads\/2022\/12\/chirurgie-768x513.jpg 768w\" sizes=\"auto, (max-width: 1000px) 100vw, 1000px\" \/><\/a><\/figure>\n\n<h3 class=\"wp-block-post-title\"><a href=\"https:\/\/www.notredamealarose.be\/en\/discover\/the-museum\/medical-and-pharmaceutical-collections\/\" target=\"_self\" >Medical and pharmaceutical collections<\/a><\/h3>\n\n<div class=\"wp-block-post-excerpt\"><p class=\"wp-block-post-excerpt__excerpt\">The Hospital Notre-Dame a la Rose houses a beautiful collection of medical and pharmaceutical objects. This collection is partly original but some acquisitions were added in recent years. Initially, the hospital is a charitable institution, as indicated by the etymological origin of its name (hospitality). The works of mercy are practiced in the name of&hellip; <\/p><\/div>\n\n\n<p><\/p>\n\n<\/li><li class=\"wp-block-post post-10228 page type-page status-publish has-post-thumbnail hentry\">\n<figure class=\"wp-block-post-featured-image\"><a href=\"https:\/\/www.notredamealarose.be\/en\/discover\/the-museum\/the-gardens\/\" target=\"_self\"  ><img loading=\"lazy\" decoding=\"async\" width=\"1358\" height=\"866\" src=\"https:\/\/www.notredamealarose.be\/2022\/wp-content\/uploads\/2022\/12\/29062016-1M9A6457-basse-def.jpg\" class=\"attachment-post-thumbnail size-post-thumbnail wp-post-image\" alt=\"The Gardens\" style=\"object-fit:cover;\" srcset=\"https:\/\/www.notredamealarose.be\/2022\/wp-content\/uploads\/2022\/12\/29062016-1M9A6457-basse-def.jpg 1358w, https:\/\/www.notredamealarose.be\/2022\/wp-content\/uploads\/2022\/12\/29062016-1M9A6457-basse-def-300x191.jpg 300w, https:\/\/www.notredamealarose.be\/2022\/wp-content\/uploads\/2022\/12\/29062016-1M9A6457-basse-def-1024x653.jpg 1024w, https:\/\/www.notredamealarose.be\/2022\/wp-content\/uploads\/2022\/12\/29062016-1M9A6457-basse-def-768x490.jpg 768w\" sizes=\"auto, (max-width: 1358px) 100vw, 1358px\" \/><\/a><\/figure>\n\n<h3 class=\"wp-block-post-title\"><a href=\"https:\/\/www.notredamealarose.be\/en\/discover\/the-museum\/the-gardens\/\" target=\"_self\" >The Gardens<\/a><\/h3>\n\n<div class=\"wp-block-post-excerpt\"><p class=\"wp-block-post-excerpt__excerpt\">The Hospital Notre-Dame \u00e0 la Rose now houses a magnificent garden of medicinal plants where it is pleasant to walk around. Better still, if you are interested in plants and their benefits on health, beauty and well-being, you will find didactic panels (and their take-away booklet) which, for each plant, will detail its usable part,&hellip; <\/p><\/div>\n\n\n<p><\/p>\n\n<\/li><\/ul>\n\n<\/div>\n\n\n\n\n\n<div class=\"wp-block-cover alignfull is-light has-parallax\" style=\"min-height:300px;aspect-ratio:unset;\"><span aria-hidden=\"true\" class=\"wp-block-cover__background has-background-dim-0 has-background-dim\"><\/span><div role=\"img\" class=\"wp-block-cover__image-background wp-image-9678 has-parallax\" style=\"background-position:50% 50%;background-image:url(https:\/\/www.notredamealarose.be\/2022\/wp-content\/uploads\/2022\/12\/bgflou_HNDR_0199.jpg)\"><\/div><div class=\"wp-block-cover__inner-container is-layout-flow wp-block-cover-is-layout-flow\">\n<div class=\"wp-block-buttons is-content-justification-center is-layout-flex wp-container-core-buttons-is-layout-a89b3969 wp-block-buttons-is-layout-flex\">\n<div class=\"wp-block-button\"><a class=\"wp-block-button__link wp-element-button\" href=\"https:\/\/www.notredamealarose.be\/2022\/en\/discover\/foto-gallery\/\"><i class=\"fas fa-image\"><\/i> Foto gallery<\/a><\/div>\n\n\n\n<div class=\"wp-block-button\"><a class=\"wp-block-button__link wp-element-button\" href=\"https:\/\/www.notredamealarose.be\/2022\/en\/discover\/video-gallery\/\"><i class=\"fas fa-film\"><\/i> Video gallery<\/a><\/div>\n<\/div>\n<\/div><\/div>\n\n\n\n\n\n<div class=\"wp-block-columns is-layout-flex wp-container-core-columns-is-layout-28f84493 wp-block-columns-is-layout-flex\">\n<div class=\"wp-block-column is-layout-flow wp-block-column-is-layout-flow\" style=\"flex-basis:66.66%\">\n<p>When Alix de Rosoit founded this hospital by establishing a religious community there, her intention was twofold : to provide for prayer for the eternel rest of the soul of her husband, Anould IV of Oudenaarde, and to do an act of charity by welcoming \u00ab the sick whose health is such that they are unable to go and beg from door to door\u2026 \u00bb.<\/p>\n\n\n\n<div class=\"wp-block-buttons is-content-justification-center is-layout-flex wp-container-core-buttons-is-layout-a89b3969 wp-block-buttons-is-layout-flex\">\n<div class=\"wp-block-button\"><a class=\"wp-block-button__link wp-element-button\" href=\"https:\/\/www.notredamealarose.be\/2022\/en\/discover\/history\/\"><i class=\"fas fa-book\"><\/i> Discover the history of the site<\/a><\/div>\n<\/div>\n<\/div>\n\n\n\n<div class=\"wp-block-column is-layout-flow wp-block-column-is-layout-flow\" style=\"flex-basis:33.33%\">\n<figure class=\"wp-block-image size-full\"><img loading=\"lazy\" decoding=\"async\" width=\"712\" height=\"720\" src=\"https:\/\/www.notredamealarose.be\/2022\/wp-content\/uploads\/2022\/12\/armoiries.jpg\" alt=\"\" class=\"wp-image-9867\" srcset=\"https:\/\/www.notredamealarose.be\/2022\/wp-content\/uploads\/2022\/12\/armoiries.jpg 712w, https:\/\/www.notredamealarose.be\/2022\/wp-content\/uploads\/2022\/12\/armoiries-297x300.jpg 297w\" sizes=\"auto, (max-width: 712px) 100vw, 712px\" \/><\/figure>\n<\/div>\n<\/div>\n","protected":false},"excerpt":{"rendered":"<p>When Alix de Rosoit founded this hospital by establishing a religious community there, her intention was twofold : to provide for prayer for the eternel rest of the soul of her husband, Anould IV of Oudenaarde, and to do an act of charity by welcoming \u00ab the sick whose health is such that they are [&hellip;]<\/p>\n","protected":false},"author":1,"featured_media":0,"parent":0,"menu_order":0,"comment_status":"closed","ping_status":"closed","template":"","meta":{"site-sidebar-layout":"default","site-content-layout":"","ast-site-content-layout":"","site-content-style":"default","site-sidebar-style":"default","ast-global-header-display":"","ast-banner-title-visibility":"","ast-main-header-display":"","ast-hfb-above-header-display":"","ast-hfb-below-header-display":"","ast-hfb-mobile-header-display":"","site-post-title":"","ast-breadcrumbs-content":"","ast-featured-img":"","footer-sml-layout":"","theme-transparent-header-meta":"","adv-header-id-meta":"","stick-header-meta":"","header-above-stick-meta":"","header-main-stick-meta":"","header-below-stick-meta":"","astra-migrate-meta-layouts":"default","ast-page-background-enabled":"default","ast-page-background-meta":{"desktop":{"background-color":"var(--ast-global-color-4)","background-image":"","background-repeat":"repeat","background-position":"center center","background-size":"auto","background-attachment":"scroll","background-type":"","background-media":"","overlay-type":"","overlay-color":"","overlay-gradient":""},"tablet":{"background-color":"","background-image":"","background-repeat":"repeat","background-position":"center center","background-size":"auto","background-attachment":"scroll","background-type":"","background-media":"","overlay-type":"","overlay-color":"","overlay-gradient":""},"mobile":{"background-color":"","background-image":"","background-repeat":"repeat","background-position":"center center","background-size":"auto","background-attachment":"scroll","background-type":"","background-media":"","overlay-type":"","overlay-color":"","overlay-gradient":""}},"ast-content-background-meta":{"desktop":{"background-color":"var(--ast-global-color-5)","background-image":"","background-repeat":"repeat","background-position":"center center","background-size":"auto","background-attachment":"scroll","background-type":"","background-media":"","overlay-type":"","overlay-color":"","overlay-gradient":""},"tablet":{"background-color":"var(--ast-global-color-5)","background-image":"","background-repeat":"repeat","background-position":"center center","background-size":"auto","background-attachment":"scroll","background-type":"","background-media":"","overlay-type":"","overlay-color":"","overlay-gradient":""},"mobile":{"background-color":"var(--ast-global-color-5)","background-image":"","background-repeat":"repeat","background-position":"center center","background-size":"auto","background-attachment":"scroll","background-type":"","background-media":"","overlay-type":"","overlay-color":"","overlay-gradient":""}},"_price":"","_stock":"","_tribe_ticket_header":"","_tribe_default_ticket_provider":"","_tribe_ticket_capacity":"0","_ticket_start_date":"","_ticket_end_date":"","_tribe_ticket_show_description":"","_tribe_ticket_show_not_going":false,"_tribe_ticket_use_global_stock":"","_tribe_ticket_global_stock_level":"","_global_stock_mode":"","_global_stock_cap":"","_tribe_rsvp_for_event":"","_tribe_ticket_going_count":"","_tribe_ticket_not_going_count":"","_tribe_tickets_list":"[]","_tribe_ticket_has_attendee_info_fields":false,"footnotes":""},"class_list":["post-10205","page","type-page","status-publish","hentry"],"yoast_head":"<!-- This site is optimized with the Yoast SEO plugin v27.5 - https:\/\/yoast.com\/product\/yoast-seo-wordpress\/ -->\n<title>Discover - H\u00f4pital Notre-Dame \u00e0 la Rose - Lessines<\/title>\n<meta name=\"robots\" content=\"index, follow, max-snippet:-1, max-image-preview:large, max-video-preview:-1\" \/>\n<link rel=\"canonical\" href=\"https:\/\/www.notredamealarose.be\/decouvrir\/\" \/>\n<meta property=\"og:locale\" content=\"en_US\" \/>\n<meta property=\"og:type\" content=\"article\" \/>\n<meta property=\"og:title\" content=\"Discover - H\u00f4pital Notre-Dame \u00e0 la Rose - Lessines\" \/>\n<meta property=\"og:description\" content=\"When Alix de Rosoit founded this hospital by establishing a religious community there, her intention was twofold : to provide for prayer for the eternel rest of the soul of her husband, Anould IV of Oudenaarde, and to do an act of charity by welcoming \u00ab the sick whose health is such that they are [&hellip;]\" \/>\n<meta property=\"og:url\" content=\"https:\/\/www.notredamealarose.be\/decouvrir\/\" \/>\n<meta property=\"og:site_name\" content=\"H\u00f4pital Notre-Dame \u00e0 la Rose - Lessines\" \/>\n<meta property=\"article:modified_time\" content=\"2023-02-11T15:30:30+00:00\" \/>\n<meta property=\"og:image\" content=\"https:\/\/www.notredamealarose.be\/2022\/wp-content\/uploads\/2022\/12\/armoiries.jpg\" \/>\n<meta name=\"twitter:card\" content=\"summary_large_image\" \/>\n<script type=\"application\/ld+json\" class=\"yoast-schema-graph\">{\"@context\":\"https:\\\/\\\/schema.org\",\"@graph\":[{\"@type\":\"WebPage\",\"@id\":\"https:\\\/\\\/www.notredamealarose.be\\\/decouvrir\\\/\",\"url\":\"https:\\\/\\\/www.notredamealarose.be\\\/decouvrir\\\/\",\"name\":\"Discover - H\u00f4pital Notre-Dame \u00e0 la Rose - Lessines\",\"isPartOf\":{\"@id\":\"https:\\\/\\\/www.notredamealarose.be\\\/#website\"},\"primaryImageOfPage\":{\"@id\":\"https:\\\/\\\/www.notredamealarose.be\\\/decouvrir\\\/#primaryimage\"},\"image\":{\"@id\":\"https:\\\/\\\/www.notredamealarose.be\\\/decouvrir\\\/#primaryimage\"},\"thumbnailUrl\":\"https:\\\/\\\/www.notredamealarose.be\\\/2022\\\/wp-content\\\/uploads\\\/2022\\\/12\\\/armoiries.jpg\",\"datePublished\":\"2022-12-01T18:02:07+00:00\",\"dateModified\":\"2023-02-11T15:30:30+00:00\",\"breadcrumb\":{\"@id\":\"https:\\\/\\\/www.notredamealarose.be\\\/decouvrir\\\/#breadcrumb\"},\"inLanguage\":\"en-US\",\"potentialAction\":[{\"@type\":\"ReadAction\",\"target\":[\"https:\\\/\\\/www.notredamealarose.be\\\/decouvrir\\\/\"]}]},{\"@type\":\"ImageObject\",\"inLanguage\":\"en-US\",\"@id\":\"https:\\\/\\\/www.notredamealarose.be\\\/decouvrir\\\/#primaryimage\",\"url\":\"https:\\\/\\\/www.notredamealarose.be\\\/2022\\\/wp-content\\\/uploads\\\/2022\\\/12\\\/armoiries.jpg\",\"contentUrl\":\"https:\\\/\\\/www.notredamealarose.be\\\/2022\\\/wp-content\\\/uploads\\\/2022\\\/12\\\/armoiries.jpg\"},{\"@type\":\"BreadcrumbList\",\"@id\":\"https:\\\/\\\/www.notredamealarose.be\\\/decouvrir\\\/#breadcrumb\",\"itemListElement\":[{\"@type\":\"ListItem\",\"position\":1,\"name\":\"Accueil\",\"item\":\"https:\\\/\\\/www.notredamealarose.be\\\/en\\\/\"},{\"@type\":\"ListItem\",\"position\":2,\"name\":\"Discover\"}]},{\"@type\":\"WebSite\",\"@id\":\"https:\\\/\\\/www.notredamealarose.be\\\/#website\",\"url\":\"https:\\\/\\\/www.notredamealarose.be\\\/\",\"name\":\"H\u00f4pital Notre-Dame \u00e0 la Rose - Lessines\",\"description\":\"Un mus\u00e9e magique et hors du temps !\",\"publisher\":{\"@id\":\"https:\\\/\\\/www.notredamealarose.be\\\/#organization\"},\"potentialAction\":[{\"@type\":\"SearchAction\",\"target\":{\"@type\":\"EntryPoint\",\"urlTemplate\":\"https:\\\/\\\/www.notredamealarose.be\\\/?s={search_term_string}\"},\"query-input\":{\"@type\":\"PropertyValueSpecification\",\"valueRequired\":true,\"valueName\":\"search_term_string\"}}],\"inLanguage\":\"en-US\"},{\"@type\":\"Organization\",\"@id\":\"https:\\\/\\\/www.notredamealarose.be\\\/#organization\",\"name\":\"H\u00f4pital Notre-Dame \u00e0 la Rose - Lessines\",\"url\":\"https:\\\/\\\/www.notredamealarose.be\\\/\",\"logo\":{\"@type\":\"ImageObject\",\"inLanguage\":\"en-US\",\"@id\":\"https:\\\/\\\/www.notredamealarose.be\\\/#\\\/schema\\\/logo\\\/image\\\/\",\"url\":\"https:\\\/\\\/www.notredamealarose.be\\\/2022\\\/wp-content\\\/uploads\\\/2023\\\/12\\\/HNDR-logo-monochrome-neg.png\",\"contentUrl\":\"https:\\\/\\\/www.notredamealarose.be\\\/2022\\\/wp-content\\\/uploads\\\/2023\\\/12\\\/HNDR-logo-monochrome-neg.png\",\"width\":1998,\"height\":1239,\"caption\":\"H\u00f4pital Notre-Dame \u00e0 la Rose - Lessines\"},\"image\":{\"@id\":\"https:\\\/\\\/www.notredamealarose.be\\\/#\\\/schema\\\/logo\\\/image\\\/\"}}]}<\/script>\n<!-- \/ Yoast SEO plugin. -->","yoast_head_json":{"title":"Discover - H\u00f4pital Notre-Dame \u00e0 la Rose - Lessines","robots":{"index":"index","follow":"follow","max-snippet":"max-snippet:-1","max-image-preview":"max-image-preview:large","max-video-preview":"max-video-preview:-1"},"canonical":"https:\/\/www.notredamealarose.be\/decouvrir\/","og_locale":"en_US","og_type":"article","og_title":"Discover - H\u00f4pital Notre-Dame \u00e0 la Rose - Lessines","og_description":"When Alix de Rosoit founded this hospital by establishing a religious community there, her intention was twofold : to provide for prayer for the eternel rest of the soul of her husband, Anould IV of Oudenaarde, and to do an act of charity by welcoming \u00ab the sick whose health is such that they are [&hellip;]","og_url":"https:\/\/www.notredamealarose.be\/decouvrir\/","og_site_name":"H\u00f4pital Notre-Dame \u00e0 la Rose - Lessines","article_modified_time":"2023-02-11T15:30:30+00:00","og_image":[{"url":"https:\/\/www.notredamealarose.be\/2022\/wp-content\/uploads\/2022\/12\/armoiries.jpg","type":"","width":"","height":""}],"twitter_card":"summary_large_image","schema":{"@context":"https:\/\/schema.org","@graph":[{"@type":"WebPage","@id":"https:\/\/www.notredamealarose.be\/decouvrir\/","url":"https:\/\/www.notredamealarose.be\/decouvrir\/","name":"Discover - H\u00f4pital Notre-Dame \u00e0 la Rose - Lessines","isPartOf":{"@id":"https:\/\/www.notredamealarose.be\/#website"},"primaryImageOfPage":{"@id":"https:\/\/www.notredamealarose.be\/decouvrir\/#primaryimage"},"image":{"@id":"https:\/\/www.notredamealarose.be\/decouvrir\/#primaryimage"},"thumbnailUrl":"https:\/\/www.notredamealarose.be\/2022\/wp-content\/uploads\/2022\/12\/armoiries.jpg","datePublished":"2022-12-01T18:02:07+00:00","dateModified":"2023-02-11T15:30:30+00:00","breadcrumb":{"@id":"https:\/\/www.notredamealarose.be\/decouvrir\/#breadcrumb"},"inLanguage":"en-US","potentialAction":[{"@type":"ReadAction","target":["https:\/\/www.notredamealarose.be\/decouvrir\/"]}]},{"@type":"ImageObject","inLanguage":"en-US","@id":"https:\/\/www.notredamealarose.be\/decouvrir\/#primaryimage","url":"https:\/\/www.notredamealarose.be\/2022\/wp-content\/uploads\/2022\/12\/armoiries.jpg","contentUrl":"https:\/\/www.notredamealarose.be\/2022\/wp-content\/uploads\/2022\/12\/armoiries.jpg"},{"@type":"BreadcrumbList","@id":"https:\/\/www.notredamealarose.be\/decouvrir\/#breadcrumb","itemListElement":[{"@type":"ListItem","position":1,"name":"Accueil","item":"https:\/\/www.notredamealarose.be\/en\/"},{"@type":"ListItem","position":2,"name":"Discover"}]},{"@type":"WebSite","@id":"https:\/\/www.notredamealarose.be\/#website","url":"https:\/\/www.notredamealarose.be\/","name":"H\u00f4pital Notre-Dame \u00e0 la Rose - Lessines","description":"Un mus\u00e9e magique et hors du temps !","publisher":{"@id":"https:\/\/www.notredamealarose.be\/#organization"},"potentialAction":[{"@type":"SearchAction","target":{"@type":"EntryPoint","urlTemplate":"https:\/\/www.notredamealarose.be\/?s={search_term_string}"},"query-input":{"@type":"PropertyValueSpecification","valueRequired":true,"valueName":"search_term_string"}}],"inLanguage":"en-US"},{"@type":"Organization","@id":"https:\/\/www.notredamealarose.be\/#organization","name":"H\u00f4pital Notre-Dame \u00e0 la Rose - Lessines","url":"https:\/\/www.notredamealarose.be\/","logo":{"@type":"ImageObject","inLanguage":"en-US","@id":"https:\/\/www.notredamealarose.be\/#\/schema\/logo\/image\/","url":"https:\/\/www.notredamealarose.be\/2022\/wp-content\/uploads\/2023\/12\/HNDR-logo-monochrome-neg.png","contentUrl":"https:\/\/www.notredamealarose.be\/2022\/wp-content\/uploads\/2023\/12\/HNDR-logo-monochrome-neg.png","width":1998,"height":1239,"caption":"H\u00f4pital Notre-Dame \u00e0 la Rose - Lessines"},"image":{"@id":"https:\/\/www.notredamealarose.be\/#\/schema\/logo\/image\/"}}]}},"jetpack_sharing_enabled":true,"_links":{"self":[{"href":"https:\/\/www.notredamealarose.be\/en\/wp-json\/wp\/v2\/pages\/10205","targetHints":{"allow":["GET"]}}],"collection":[{"href":"https:\/\/www.notredamealarose.be\/en\/wp-json\/wp\/v2\/pages"}],"about":[{"href":"https:\/\/www.notredamealarose.be\/en\/wp-json\/wp\/v2\/types\/page"}],"author":[{"embeddable":true,"href":"https:\/\/www.notredamealarose.be\/en\/wp-json\/wp\/v2\/users\/1"}],"replies":[{"embeddable":true,"href":"https:\/\/www.notredamealarose.be\/en\/wp-json\/wp\/v2\/comments?post=10205"}],"version-history":[{"count":3,"href":"https:\/\/www.notredamealarose.be\/en\/wp-json\/wp\/v2\/pages\/10205\/revisions"}],"predecessor-version":[{"id":11078,"href":"https:\/\/www.notredamealarose.be\/en\/wp-json\/wp\/v2\/pages\/10205\/revisions\/11078"}],"wp:attachment":[{"href":"https:\/\/www.notredamealarose.be\/en\/wp-json\/wp\/v2\/media?parent=10205"}],"curies":[{"name":"wp","href":"https:\/\/api.w.org\/{rel}","templated":true}]}}