{"id":10222,"date":"2022-12-01T21:23:11","date_gmt":"2022-12-01T20:23:11","guid":{"rendered":"https:\/\/www.notredamealarose.be\/2022\/discover\/the-museum\/kunst\/"},"modified":"2022-12-19T15:45:40","modified_gmt":"2022-12-19T14:45:40","slug":"kunst","status":"publish","type":"page","link":"https:\/\/www.notredamealarose.be\/en\/discover\/the-museum\/kunst\/","title":{"rendered":"Art"},"content":{"rendered":"\n<div class=\"wp-block-columns is-layout-flex wp-container-core-columns-is-layout-28f84493 wp-block-columns-is-layout-flex\">\n<div class=\"wp-block-column is-layout-flow wp-block-column-is-layout-flow\" style=\"flex-basis:66.66%\">\n<p>The originality and interest of the collections of the Hospital Notre-Dame \u00e0 la Rose lies in their variety and quality. Indeed, they illustrate many areas of the history of art and science. Moreover, they are preserved in situ and contribute very largely to recreate an atmosphere, peculiar to this place where time seems to have stopped. Many links can be highlighted between the objects presented today to visitors and the daily life or major events experienced by those who made and wrote the history of Notre-Dame \u00e0 la Rose .<\/p>\n\n\n\n<p>The art collections contain several thousand pieces. They include Gothic and Renaissance furniture as well as Regency or Baroque woodwork. The credenzas and the Gothic benches are unique in Belgium.<\/p>\n<\/div>\n\n\n\n<div class=\"wp-block-column is-layout-flow wp-block-column-is-layout-flow\" style=\"flex-basis:33.33%\">\n<figure class=\"wp-block-image size-large\"><img loading=\"lazy\" decoding=\"async\" width=\"699\" height=\"1024\" src=\"https:\/\/www.notredamealarose.be\/2022\/wp-content\/uploads\/2022\/12\/Credence-1000x1465-1-699x1024.jpg\" alt=\"\" class=\"wp-image-9648\" srcset=\"https:\/\/www.notredamealarose.be\/2022\/wp-content\/uploads\/2022\/12\/Credence-1000x1465-1-699x1024.jpg 699w, https:\/\/www.notredamealarose.be\/2022\/wp-content\/uploads\/2022\/12\/Credence-1000x1465-1-205x300.jpg 205w, https:\/\/www.notredamealarose.be\/2022\/wp-content\/uploads\/2022\/12\/Credence-1000x1465-1-768x1125.jpg 768w, https:\/\/www.notredamealarose.be\/2022\/wp-content\/uploads\/2022\/12\/Credence-1000x1465-1.jpg 1000w\" sizes=\"auto, (max-width: 699px) 100vw, 699px\" \/><figcaption class=\"wp-element-caption\">\u00a9 Francis Vauban<\/figcaption><\/figure><\/div>\n<\/div>\n\n<div style=\"height:100px\" aria-hidden=\"true\" class=\"wp-block-spacer\"><\/div>\n\n<div class=\"wp-block-cover alignfull is-light has-parallax\" style=\"min-height:400px;aspect-ratio:unset;\"><span aria-hidden=\"true\" class=\"wp-block-cover__background has-background-dim-0 has-background-dim\"><\/span><div role=\"img\" class=\"wp-block-cover__image-background wp-image-9649 has-parallax\" style=\"background-position:50% 50%;background-image:url(https:\/\/www.notredamealarose.be\/2022\/wp-content\/uploads\/2022\/12\/Lamentation-detail-1.jpg)\"><\/div><div class=\"wp-block-cover__inner-container is-layout-flow wp-block-cover-is-layout-flow\">\n<p class=\"has-text-align-center has-large-font-size\"><\/p>\n<\/div><\/div>\n\n<div style=\"height:100px\" aria-hidden=\"true\" class=\"wp-block-spacer\"><\/div>\n\n<div class=\"wp-block-columns is-layout-flex wp-container-core-columns-is-layout-28f84493 wp-block-columns-is-layout-flex\">\n<div class=\"wp-block-column is-layout-flow wp-block-column-is-layout-flow\" style=\"flex-basis:33.33%\">\n<figure class=\"wp-block-image size-full\"><img loading=\"lazy\" decoding=\"async\" width=\"1000\" height=\"751\" src=\"https:\/\/www.notredamealarose.be\/2022\/wp-content\/uploads\/2022\/12\/Allegorie-1000x751-1.jpg\" alt=\"\" class=\"wp-image-9650\" srcset=\"https:\/\/www.notredamealarose.be\/2022\/wp-content\/uploads\/2022\/12\/Allegorie-1000x751-1.jpg 1000w, https:\/\/www.notredamealarose.be\/2022\/wp-content\/uploads\/2022\/12\/Allegorie-1000x751-1-300x225.jpg 300w, https:\/\/www.notredamealarose.be\/2022\/wp-content\/uploads\/2022\/12\/Allegorie-1000x751-1-768x577.jpg 768w\" sizes=\"auto, (max-width: 1000px) 100vw, 1000px\" \/><\/figure><\/div>\n\n\n\n<div class=\"wp-block-column is-layout-flow wp-block-column-is-layout-flow\" style=\"flex-basis:66.66%\">\n<p>The paintings on wood or on canvas (15th to 20th century) are of high quality and we can cite, for example, the allegory of religious life, extraordinary anonymous painting of the 16th century or the cycle of 14 paintings of the large refectory of the community as well as the Madonna and Child of Monseigneur\u2019s apartment. Finally, how not to speak of the surprising Christ with breasts or Lamentation of Christ rediscovered during the preparation of the exhibition \u201cThe enclosed garden\u201d. The statuary is not left behind with a Virgin with the child of the 14th and a pieta of the 15th century.<\/p>\n<\/div>\n<\/div>\n\n<div style=\"height:100px\" aria-hidden=\"true\" class=\"wp-block-spacer\"><\/div>\n\n<div class=\"wp-block-cover alignfull is-light has-parallax\" style=\"min-height:400px;aspect-ratio:unset;\"><span aria-hidden=\"true\" class=\"wp-block-cover__background has-background-dim-0 has-background-dim\"><\/span><div role=\"img\" class=\"wp-block-cover__image-background wp-image-9651 has-parallax\" style=\"background-position:50% 50%;background-image:url(https:\/\/www.notredamealarose.be\/2022\/wp-content\/uploads\/2022\/12\/53491.jpg)\"><\/div><div class=\"wp-block-cover__inner-container is-layout-flow wp-block-cover-is-layout-flow\">\n<p class=\"has-text-align-center has-large-font-size\"><\/p>\n<\/div><\/div>\n\n<div style=\"height:100px\" aria-hidden=\"true\" class=\"wp-block-spacer\"><\/div>\n\n<div class=\"wp-block-columns is-layout-flex wp-container-core-columns-is-layout-28f84493 wp-block-columns-is-layout-flex\">\n<div class=\"wp-block-column is-layout-flow wp-block-column-is-layout-flow\" style=\"flex-basis:66.66%\">\n<p>The treasure of civil and religious silverware, rich of more than forty pieces, further reinforces the interest of the artistic collections of the Hospital Notre-Dame \u00e0 la Rose. All this without mentioning laces, brass, pewter, porcelain, crystals and fabrics.<\/p>\n\n\n\n<p>It is interesting to note the way in which the collection has gradually been formed. Most items are gifts and donations of the sisters themselves or of their family, given to the community when young girls entered religion at the Hospital to serve God and the sick. At times, prioresses from wealthy families also donated some of their heritage to the hospital, or commissioned paintings by renowned artists or pieces of silverware. These collections are an extraordinary testimony, a superb illustration of the life of the community that occupied the Hospital of Lessines for nearly 750 years.<\/p>\n<\/div>\n\n\n\n<div class=\"wp-block-column is-layout-flow wp-block-column-is-layout-flow\" style=\"flex-basis:33.33%\">\n<figure class=\"wp-block-image size-full\"><img loading=\"lazy\" decoding=\"async\" width=\"684\" height=\"1021\" src=\"https:\/\/www.notredamealarose.be\/2022\/wp-content\/uploads\/2022\/12\/HNDR_006511.jpg\" alt=\"\" class=\"wp-image-9652\" srcset=\"https:\/\/www.notredamealarose.be\/2022\/wp-content\/uploads\/2022\/12\/HNDR_006511.jpg 684w, https:\/\/www.notredamealarose.be\/2022\/wp-content\/uploads\/2022\/12\/HNDR_006511-201x300.jpg 201w\" sizes=\"auto, (max-width: 684px) 100vw, 684px\" \/><\/figure><\/div>\n<\/div>\n\n<div style=\"height:100px\" aria-hidden=\"true\" class=\"wp-block-spacer\"><\/div>\n","protected":false},"excerpt":{"rendered":"<p>The originality and interest of the collections of the Hospital Notre-Dame \u00e0 la Rose lies in their variety and quality. Indeed, they illustrate many areas of the history of art and science. Moreover, they are preserved in situ and contribute very largely to recreate an atmosphere, peculiar to this place where time seems to have [&hellip;]<\/p>\n","protected":false},"author":1,"featured_media":9740,"parent":10216,"menu_order":0,"comment_status":"closed","ping_status":"closed","template":"","meta":{"site-sidebar-layout":"default","site-content-layout":"","ast-site-content-layout":"","site-content-style":"default","site-sidebar-style":"default","ast-global-header-display":"","ast-banner-title-visibility":"","ast-main-header-display":"","ast-hfb-above-header-display":"","ast-hfb-below-header-display":"","ast-hfb-mobile-header-display":"","site-post-title":"","ast-breadcrumbs-content":"","ast-featured-img":"disabled","footer-sml-layout":"","theme-transparent-header-meta":"","adv-header-id-meta":"","stick-header-meta":"","header-above-stick-meta":"","header-main-stick-meta":"","header-below-stick-meta":"","astra-migrate-meta-layouts":"default","ast-page-background-enabled":"default","ast-page-background-meta":{"desktop":{"background-color":"var(--ast-global-color-4)","background-image":"","background-repeat":"repeat","background-position":"center center","background-size":"auto","background-attachment":"scroll","background-type":"","background-media":"","overlay-type":"","overlay-color":"","overlay-gradient":""},"tablet":{"background-color":"","background-image":"","background-repeat":"repeat","background-position":"center center","background-size":"auto","background-attachment":"scroll","background-type":"","background-media":"","overlay-type":"","overlay-color":"","overlay-gradient":""},"mobile":{"background-color":"","background-image":"","background-repeat":"repeat","background-position":"center center","background-size":"auto","background-attachment":"scroll","background-type":"","background-media":"","overlay-type":"","overlay-color":"","overlay-gradient":""}},"ast-content-background-meta":{"desktop":{"background-color":"var(--ast-global-color-5)","background-image":"","background-repeat":"repeat","background-position":"center center","background-size":"auto","background-attachment":"scroll","background-type":"","background-media":"","overlay-type":"","overlay-color":"","overlay-gradient":""},"tablet":{"background-color":"var(--ast-global-color-5)","background-image":"","background-repeat":"repeat","background-position":"center center","background-size":"auto","background-attachment":"scroll","background-type":"","background-media":"","overlay-type":"","overlay-color":"","overlay-gradient":""},"mobile":{"background-color":"var(--ast-global-color-5)","background-image":"","background-repeat":"repeat","background-position":"center center","background-size":"auto","background-attachment":"scroll","background-type":"","background-media":"","overlay-type":"","overlay-color":"","overlay-gradient":""}},"_price":"","_stock":"","_tribe_ticket_header":"","_tribe_default_ticket_provider":"","_tribe_ticket_capacity":"0","_ticket_start_date":"","_ticket_end_date":"","_tribe_ticket_show_description":"","_tribe_ticket_show_not_going":false,"_tribe_ticket_use_global_stock":"","_tribe_ticket_global_stock_level":"","_global_stock_mode":"","_global_stock_cap":"","_tribe_rsvp_for_event":"","_tribe_ticket_going_count":"","_tribe_ticket_not_going_count":"","_tribe_tickets_list":"[]","_tribe_ticket_has_attendee_info_fields":false,"footnotes":""},"class_list":["post-10222","page","type-page","status-publish","has-post-thumbnail","hentry"],"yoast_head":"<!-- This site is optimized with the Yoast SEO plugin v27.5 - https:\/\/yoast.com\/product\/yoast-seo-wordpress\/ -->\n<title>Art - H\u00f4pital Notre-Dame \u00e0 la Rose - Lessines<\/title>\n<meta name=\"robots\" content=\"index, follow, max-snippet:-1, max-image-preview:large, max-video-preview:-1\" \/>\n<link rel=\"canonical\" href=\"https:\/\/www.notredamealarose.be\/decouvrir\/le-musee\/art\/\" \/>\n<meta property=\"og:locale\" content=\"en_US\" \/>\n<meta property=\"og:type\" content=\"article\" \/>\n<meta property=\"og:title\" content=\"Art - H\u00f4pital Notre-Dame \u00e0 la Rose - Lessines\" \/>\n<meta property=\"og:description\" content=\"The originality and interest of the collections of the Hospital Notre-Dame \u00e0 la Rose lies in their variety and quality. Indeed, they illustrate many areas of the history of art and science. Moreover, they are preserved in situ and contribute very largely to recreate an atmosphere, peculiar to this place where time seems to have [&hellip;]\" \/>\n<meta property=\"og:url\" content=\"https:\/\/www.notredamealarose.be\/decouvrir\/le-musee\/art\/\" \/>\n<meta property=\"og:site_name\" content=\"H\u00f4pital Notre-Dame \u00e0 la Rose - Lessines\" \/>\n<meta property=\"article:modified_time\" content=\"2022-12-19T14:45:40+00:00\" \/>\n<meta property=\"og:image\" content=\"https:\/\/www.notredamealarose.be\/2022\/wp-content\/uploads\/2022\/12\/Lamentation-detail.jpg\" \/>\n\t<meta property=\"og:image:width\" content=\"1021\" \/>\n\t<meta property=\"og:image:height\" content=\"684\" \/>\n\t<meta property=\"og:image:type\" content=\"image\/jpeg\" \/>\n<meta name=\"twitter:card\" content=\"summary_large_image\" \/>\n<script type=\"application\/ld+json\" class=\"yoast-schema-graph\">{\"@context\":\"https:\\\/\\\/schema.org\",\"@graph\":[{\"@type\":\"WebPage\",\"@id\":\"https:\\\/\\\/www.notredamealarose.be\\\/decouvrir\\\/le-musee\\\/art\\\/\",\"url\":\"https:\\\/\\\/www.notredamealarose.be\\\/decouvrir\\\/le-musee\\\/art\\\/\",\"name\":\"Art - H\u00f4pital Notre-Dame \u00e0 la Rose - Lessines\",\"isPartOf\":{\"@id\":\"https:\\\/\\\/www.notredamealarose.be\\\/#website\"},\"primaryImageOfPage\":{\"@id\":\"https:\\\/\\\/www.notredamealarose.be\\\/decouvrir\\\/le-musee\\\/art\\\/#primaryimage\"},\"image\":{\"@id\":\"https:\\\/\\\/www.notredamealarose.be\\\/decouvrir\\\/le-musee\\\/art\\\/#primaryimage\"},\"thumbnailUrl\":\"https:\\\/\\\/www.notredamealarose.be\\\/2022\\\/wp-content\\\/uploads\\\/2022\\\/12\\\/Lamentation-detail.jpg\",\"datePublished\":\"2022-12-01T20:23:11+00:00\",\"dateModified\":\"2022-12-19T14:45:40+00:00\",\"breadcrumb\":{\"@id\":\"https:\\\/\\\/www.notredamealarose.be\\\/decouvrir\\\/le-musee\\\/art\\\/#breadcrumb\"},\"inLanguage\":\"en-US\",\"potentialAction\":[{\"@type\":\"ReadAction\",\"target\":[\"https:\\\/\\\/www.notredamealarose.be\\\/decouvrir\\\/le-musee\\\/art\\\/\"]}]},{\"@type\":\"ImageObject\",\"inLanguage\":\"en-US\",\"@id\":\"https:\\\/\\\/www.notredamealarose.be\\\/decouvrir\\\/le-musee\\\/art\\\/#primaryimage\",\"url\":\"https:\\\/\\\/www.notredamealarose.be\\\/2022\\\/wp-content\\\/uploads\\\/2022\\\/12\\\/Lamentation-detail.jpg\",\"contentUrl\":\"https:\\\/\\\/www.notredamealarose.be\\\/2022\\\/wp-content\\\/uploads\\\/2022\\\/12\\\/Lamentation-detail.jpg\",\"width\":1021,\"height\":684},{\"@type\":\"BreadcrumbList\",\"@id\":\"https:\\\/\\\/www.notredamealarose.be\\\/decouvrir\\\/le-musee\\\/art\\\/#breadcrumb\",\"itemListElement\":[{\"@type\":\"ListItem\",\"position\":1,\"name\":\"Accueil\",\"item\":\"https:\\\/\\\/www.notredamealarose.be\\\/en\\\/\"},{\"@type\":\"ListItem\",\"position\":2,\"name\":\"Discover\",\"item\":\"https:\\\/\\\/www.notredamealarose.be\\\/decouvrir\\\/\"},{\"@type\":\"ListItem\",\"position\":3,\"name\":\"The Museum\",\"item\":\"https:\\\/\\\/www.notredamealarose.be\\\/decouvrir\\\/le-musee\\\/\"},{\"@type\":\"ListItem\",\"position\":4,\"name\":\"Art\"}]},{\"@type\":\"WebSite\",\"@id\":\"https:\\\/\\\/www.notredamealarose.be\\\/#website\",\"url\":\"https:\\\/\\\/www.notredamealarose.be\\\/\",\"name\":\"H\u00f4pital Notre-Dame \u00e0 la Rose - Lessines\",\"description\":\"Un mus\u00e9e magique et hors du temps !\",\"publisher\":{\"@id\":\"https:\\\/\\\/www.notredamealarose.be\\\/#organization\"},\"potentialAction\":[{\"@type\":\"SearchAction\",\"target\":{\"@type\":\"EntryPoint\",\"urlTemplate\":\"https:\\\/\\\/www.notredamealarose.be\\\/?s={search_term_string}\"},\"query-input\":{\"@type\":\"PropertyValueSpecification\",\"valueRequired\":true,\"valueName\":\"search_term_string\"}}],\"inLanguage\":\"en-US\"},{\"@type\":\"Organization\",\"@id\":\"https:\\\/\\\/www.notredamealarose.be\\\/#organization\",\"name\":\"H\u00f4pital Notre-Dame \u00e0 la Rose - Lessines\",\"url\":\"https:\\\/\\\/www.notredamealarose.be\\\/\",\"logo\":{\"@type\":\"ImageObject\",\"inLanguage\":\"en-US\",\"@id\":\"https:\\\/\\\/www.notredamealarose.be\\\/#\\\/schema\\\/logo\\\/image\\\/\",\"url\":\"https:\\\/\\\/www.notredamealarose.be\\\/2022\\\/wp-content\\\/uploads\\\/2023\\\/12\\\/HNDR-logo-monochrome-neg.png\",\"contentUrl\":\"https:\\\/\\\/www.notredamealarose.be\\\/2022\\\/wp-content\\\/uploads\\\/2023\\\/12\\\/HNDR-logo-monochrome-neg.png\",\"width\":1998,\"height\":1239,\"caption\":\"H\u00f4pital Notre-Dame \u00e0 la Rose - Lessines\"},\"image\":{\"@id\":\"https:\\\/\\\/www.notredamealarose.be\\\/#\\\/schema\\\/logo\\\/image\\\/\"}}]}<\/script>\n<!-- \/ Yoast SEO plugin. -->","yoast_head_json":{"title":"Art - H\u00f4pital Notre-Dame \u00e0 la Rose - Lessines","robots":{"index":"index","follow":"follow","max-snippet":"max-snippet:-1","max-image-preview":"max-image-preview:large","max-video-preview":"max-video-preview:-1"},"canonical":"https:\/\/www.notredamealarose.be\/decouvrir\/le-musee\/art\/","og_locale":"en_US","og_type":"article","og_title":"Art - H\u00f4pital Notre-Dame \u00e0 la Rose - Lessines","og_description":"The originality and interest of the collections of the Hospital Notre-Dame \u00e0 la Rose lies in their variety and quality. Indeed, they illustrate many areas of the history of art and science. Moreover, they are preserved in situ and contribute very largely to recreate an atmosphere, peculiar to this place where time seems to have [&hellip;]","og_url":"https:\/\/www.notredamealarose.be\/decouvrir\/le-musee\/art\/","og_site_name":"H\u00f4pital Notre-Dame \u00e0 la Rose - Lessines","article_modified_time":"2022-12-19T14:45:40+00:00","og_image":[{"width":1021,"height":684,"url":"https:\/\/www.notredamealarose.be\/2022\/wp-content\/uploads\/2022\/12\/Lamentation-detail.jpg","type":"image\/jpeg"}],"twitter_card":"summary_large_image","schema":{"@context":"https:\/\/schema.org","@graph":[{"@type":"WebPage","@id":"https:\/\/www.notredamealarose.be\/decouvrir\/le-musee\/art\/","url":"https:\/\/www.notredamealarose.be\/decouvrir\/le-musee\/art\/","name":"Art - H\u00f4pital Notre-Dame \u00e0 la Rose - Lessines","isPartOf":{"@id":"https:\/\/www.notredamealarose.be\/#website"},"primaryImageOfPage":{"@id":"https:\/\/www.notredamealarose.be\/decouvrir\/le-musee\/art\/#primaryimage"},"image":{"@id":"https:\/\/www.notredamealarose.be\/decouvrir\/le-musee\/art\/#primaryimage"},"thumbnailUrl":"https:\/\/www.notredamealarose.be\/2022\/wp-content\/uploads\/2022\/12\/Lamentation-detail.jpg","datePublished":"2022-12-01T20:23:11+00:00","dateModified":"2022-12-19T14:45:40+00:00","breadcrumb":{"@id":"https:\/\/www.notredamealarose.be\/decouvrir\/le-musee\/art\/#breadcrumb"},"inLanguage":"en-US","potentialAction":[{"@type":"ReadAction","target":["https:\/\/www.notredamealarose.be\/decouvrir\/le-musee\/art\/"]}]},{"@type":"ImageObject","inLanguage":"en-US","@id":"https:\/\/www.notredamealarose.be\/decouvrir\/le-musee\/art\/#primaryimage","url":"https:\/\/www.notredamealarose.be\/2022\/wp-content\/uploads\/2022\/12\/Lamentation-detail.jpg","contentUrl":"https:\/\/www.notredamealarose.be\/2022\/wp-content\/uploads\/2022\/12\/Lamentation-detail.jpg","width":1021,"height":684},{"@type":"BreadcrumbList","@id":"https:\/\/www.notredamealarose.be\/decouvrir\/le-musee\/art\/#breadcrumb","itemListElement":[{"@type":"ListItem","position":1,"name":"Accueil","item":"https:\/\/www.notredamealarose.be\/en\/"},{"@type":"ListItem","position":2,"name":"Discover","item":"https:\/\/www.notredamealarose.be\/decouvrir\/"},{"@type":"ListItem","position":3,"name":"The Museum","item":"https:\/\/www.notredamealarose.be\/decouvrir\/le-musee\/"},{"@type":"ListItem","position":4,"name":"Art"}]},{"@type":"WebSite","@id":"https:\/\/www.notredamealarose.be\/#website","url":"https:\/\/www.notredamealarose.be\/","name":"H\u00f4pital Notre-Dame \u00e0 la Rose - Lessines","description":"Un mus\u00e9e magique et hors du temps !","publisher":{"@id":"https:\/\/www.notredamealarose.be\/#organization"},"potentialAction":[{"@type":"SearchAction","target":{"@type":"EntryPoint","urlTemplate":"https:\/\/www.notredamealarose.be\/?s={search_term_string}"},"query-input":{"@type":"PropertyValueSpecification","valueRequired":true,"valueName":"search_term_string"}}],"inLanguage":"en-US"},{"@type":"Organization","@id":"https:\/\/www.notredamealarose.be\/#organization","name":"H\u00f4pital Notre-Dame \u00e0 la Rose - Lessines","url":"https:\/\/www.notredamealarose.be\/","logo":{"@type":"ImageObject","inLanguage":"en-US","@id":"https:\/\/www.notredamealarose.be\/#\/schema\/logo\/image\/","url":"https:\/\/www.notredamealarose.be\/2022\/wp-content\/uploads\/2023\/12\/HNDR-logo-monochrome-neg.png","contentUrl":"https:\/\/www.notredamealarose.be\/2022\/wp-content\/uploads\/2023\/12\/HNDR-logo-monochrome-neg.png","width":1998,"height":1239,"caption":"H\u00f4pital Notre-Dame \u00e0 la Rose - Lessines"},"image":{"@id":"https:\/\/www.notredamealarose.be\/#\/schema\/logo\/image\/"}}]}},"jetpack_sharing_enabled":true,"_links":{"self":[{"href":"https:\/\/www.notredamealarose.be\/en\/wp-json\/wp\/v2\/pages\/10222","targetHints":{"allow":["GET"]}}],"collection":[{"href":"https:\/\/www.notredamealarose.be\/en\/wp-json\/wp\/v2\/pages"}],"about":[{"href":"https:\/\/www.notredamealarose.be\/en\/wp-json\/wp\/v2\/types\/page"}],"author":[{"embeddable":true,"href":"https:\/\/www.notredamealarose.be\/en\/wp-json\/wp\/v2\/users\/1"}],"replies":[{"embeddable":true,"href":"https:\/\/www.notredamealarose.be\/en\/wp-json\/wp\/v2\/comments?post=10222"}],"version-history":[{"count":3,"href":"https:\/\/www.notredamealarose.be\/en\/wp-json\/wp\/v2\/pages\/10222\/revisions"}],"predecessor-version":[{"id":10227,"href":"https:\/\/www.notredamealarose.be\/en\/wp-json\/wp\/v2\/pages\/10222\/revisions\/10227"}],"up":[{"embeddable":true,"href":"https:\/\/www.notredamealarose.be\/en\/wp-json\/wp\/v2\/pages\/10216"}],"wp:featuredmedia":[{"embeddable":true,"href":"https:\/\/www.notredamealarose.be\/en\/wp-json\/wp\/v2\/media\/9740"}],"wp:attachment":[{"href":"https:\/\/www.notredamealarose.be\/en\/wp-json\/wp\/v2\/media?parent=10222"}],"curies":[{"name":"wp","href":"https:\/\/api.w.org\/{rel}","templated":true}]}}