{"id":10228,"date":"2022-12-01T21:24:29","date_gmt":"2022-12-01T20:24:29","guid":{"rendered":"https:\/\/www.notredamealarose.be\/2022\/discover\/the-museum\/the-gardens\/"},"modified":"2024-03-04T09:07:02","modified_gmt":"2024-03-04T08:07:02","slug":"the-gardens","status":"publish","type":"page","link":"https:\/\/www.notredamealarose.be\/en\/discover\/the-museum\/the-gardens\/","title":{"rendered":"The Gardens"},"content":{"rendered":"\n<div class=\"wp-block-columns is-layout-flex wp-container-core-columns-is-layout-28f84493 wp-block-columns-is-layout-flex\">\n<div class=\"wp-block-column is-layout-flow wp-block-column-is-layout-flow\" style=\"flex-basis:66.66%\">\n<p>The Hospital Notre-Dame \u00e0 la Rose now houses a magnificent garden of medicinal plants where it is pleasant to walk around. Better still, if you are interested in plants and their benefits on health, beauty and well-being, you will find didactic panels (and their take-away booklet) which, for each plant, will detail its usable part, its properties, indications and ways to use it, plus each time a little anecdote about the plant\u2026.<\/p>\n\n\n\n<p>An audio guide with 1h30 of commentary will allow you to discover all the secrets of the medicinal plants. The garden also has a lovely rose garden.<\/p>\n<\/div>\n\n\n\n<div class=\"wp-block-column is-layout-flow wp-block-column-is-layout-flow\" style=\"flex-basis:33.33%\">\n<figure class=\"wp-block-image size-full\"><img loading=\"lazy\" decoding=\"async\" width=\"1000\" height=\"750\" src=\"https:\/\/www.notredamealarose.be\/2022\/wp-content\/uploads\/2022\/12\/Jardin-low-1000x750-1.jpg\" alt=\"\" class=\"wp-image-9835\" srcset=\"https:\/\/www.notredamealarose.be\/2022\/wp-content\/uploads\/2022\/12\/Jardin-low-1000x750-1.jpg 1000w, https:\/\/www.notredamealarose.be\/2022\/wp-content\/uploads\/2022\/12\/Jardin-low-1000x750-1-300x225.jpg 300w, https:\/\/www.notredamealarose.be\/2022\/wp-content\/uploads\/2022\/12\/Jardin-low-1000x750-1-768x576.jpg 768w\" sizes=\"auto, (max-width: 1000px) 100vw, 1000px\" \/><\/figure>\n<\/div>\n<\/div>\n\n\n\n\n\n<div class=\"wp-block-cover alignfull is-light has-parallax\" style=\"min-height:400px;aspect-ratio:unset;\"><span aria-hidden=\"true\" class=\"wp-block-cover__background has-background-dim-0 has-background-dim\"><\/span><div role=\"img\" class=\"wp-block-cover__image-background wp-image-9718 has-parallax\" style=\"background-position:50% 50%;background-image:url(https:\/\/www.notredamealarose.be\/2022\/wp-content\/uploads\/2022\/12\/29062016-1M9A6457-basse-def.jpg)\"><\/div><div class=\"wp-block-cover__inner-container is-layout-flow wp-block-cover-is-layout-flow\">\n<p class=\"has-text-align-center has-large-font-size\"><\/p>\n<\/div><\/div>\n\n\n\n\n\n<div class=\"wp-block-columns is-layout-flex wp-container-core-columns-is-layout-28f84493 wp-block-columns-is-layout-flex\">\n<div class=\"wp-block-column is-layout-flow wp-block-column-is-layout-flow\" style=\"flex-basis:33.33%\">\n<figure class=\"wp-block-image size-full\"><img loading=\"lazy\" decoding=\"async\" width=\"1000\" height=\"750\" src=\"https:\/\/www.notredamealarose.be\/2022\/wp-content\/uploads\/2022\/12\/AchilleemillefeuilleDSC01268-1000x750-1.jpg\" alt=\"\" class=\"wp-image-9841\" srcset=\"https:\/\/www.notredamealarose.be\/2022\/wp-content\/uploads\/2022\/12\/AchilleemillefeuilleDSC01268-1000x750-1.jpg 1000w, https:\/\/www.notredamealarose.be\/2022\/wp-content\/uploads\/2022\/12\/AchilleemillefeuilleDSC01268-1000x750-1-300x225.jpg 300w, https:\/\/www.notredamealarose.be\/2022\/wp-content\/uploads\/2022\/12\/AchilleemillefeuilleDSC01268-1000x750-1-768x576.jpg 768w\" sizes=\"auto, (max-width: 1000px) 100vw, 1000px\" \/><\/figure>\n<\/div>\n\n\n\n<div class=\"wp-block-column is-layout-flow wp-block-column-is-layout-flow\" style=\"flex-basis:66.66%\">\n<p>The garden of medicinal plants, with its well aligned cultures, is built according to the model of the Herbularius. It is one of the three components of the medieval garden, with Hortus (vegetable garden) and Viridarium (orchard).<\/p>\n\n\n\n<p>At the end of the 8th century already, in chapter 70 of his capitulary of Villis, Charlemagne (around 742-814) recommended in the gardens the cultivation of 73 medicinal plants and condiments (the two not being separated, according to the famous council of Hippocrates (circa 460 \u2013 ca. 370 BC): \u201cLet your food be your medicine\u201d): aurone, marshmallow, dill, fennel, rosemary, catnip, lovage, mallow, mint, parsley, rose, sage , savory, rue \u2026 Monks and nuns were already cultivating medicinal plants to respond to the commandment to heal the sick. In an autarkic search, the cultivated plants were then used to feed the community, but also the people and especially the needy, to treat the sick and to bloom the chapel.<\/p>\n\n\n\n<p>The doctrine of signatures, or signs of nature, is very old. It was especially developed by the Swiss doctor Philippe Theophrast Bombast of Hohenheim, better known under the name of Paracelsus (1493-1541). According to this theory, an analogy of form or color between a plant and a part of the human body suggests its ability to heal it. A little as if the Creator had disseminated these signs in his creation so that those who recognize them can enjoy their benefits.<\/p>\n\n\n\n<p>Thus, the pilewort, whose tubers evoke hemorrhoids, has been used in ointment against this affection. The big burnet, with flowers of a dark bloodred color, is an effective haemostatic. Celandine, yellow latex, fights jaundice (although it is no longer used because of its toxicity). But perhaps it is the walnut that best illustrates this theory. Its shell evokes the cranial box. Its kernels resemble the two cerebral hemispheres with their many convolutions. It is known that alpha-linolenic acid (fatty acid of the famille3 family) contained in nuts is useful for the proper functioning of the brain. The most amazing fact is that many of the deductions made from this theory are validated by current science.<\/p>\n<\/div>\n<\/div>\n\n\n\n\n\n<div class=\"wp-block-cover alignfull is-light has-parallax\" style=\"min-height:400px;aspect-ratio:unset;\"><span aria-hidden=\"true\" class=\"wp-block-cover__background has-background-dim-0 has-background-dim\"><\/span><div role=\"img\" class=\"wp-block-cover__image-background wp-image-9844 has-parallax\" style=\"background-position:50% 50%;background-image:url(https:\/\/www.notredamealarose.be\/2022\/wp-content\/uploads\/2022\/12\/Glaciere-scaled.jpg)\"><\/div><div class=\"wp-block-cover__inner-container is-layout-flow wp-block-cover-is-layout-flow\">\n<p class=\"has-text-align-center has-large-font-size\"><\/p>\n<\/div><\/div>\n\n\n\n\n\n<div class=\"wp-block-columns is-layout-flex wp-container-core-columns-is-layout-28f84493 wp-block-columns-is-layout-flex\">\n<div class=\"wp-block-column is-layout-flow wp-block-column-is-layout-flow\" style=\"flex-basis:66.66%\">\n<p>This icehouse is located in the garden, called \u201cGarden of God\u201d because of the large polychrome wooden crucifix that surmounts the construction; the latter, like almost all the icehouses, presents on the outside only a mound of earth planted with trees of various species sheltering it from the sun. Its entrance is located in the north (cold winds) and gives access to a staircase ending with a second door (icehouses had to have at least two doors). Behind it, a vestibule opens onto the well itself, a majestic brick building with a hemispherical vault, 8 meters in diameter and 10 meters high, the bottom of which is hollowed out by a circular conduit for meltwaters; in order to reduce the heat, the walls were covered with straw bales during the use.<\/p>\n\n\n\n<p>The ice, sawn from the river during winter and filled the well; in this way, we could still find, in the following August, about 1.50 meters of ice intended for the compresses of the patients, the making of refreshing drinks and the conservation of the meats. The icehouse of the Hospital of Lessines was still functioning during the First World War.<\/p>\n<\/div>\n\n\n\n<div class=\"wp-block-column is-layout-flow wp-block-column-is-layout-flow\" style=\"flex-basis:33.33%\">\n<figure class=\"wp-block-image size-full\"><img loading=\"lazy\" decoding=\"async\" width=\"369\" height=\"492\" src=\"https:\/\/www.notredamealarose.be\/2022\/wp-content\/uploads\/2022\/12\/Glaciere1.jpg\" alt=\"\" class=\"wp-image-9847\" srcset=\"https:\/\/www.notredamealarose.be\/2022\/wp-content\/uploads\/2022\/12\/Glaciere1.jpg 369w, https:\/\/www.notredamealarose.be\/2022\/wp-content\/uploads\/2022\/12\/Glaciere1-225x300.jpg 225w\" sizes=\"auto, (max-width: 369px) 100vw, 369px\" \/><\/figure>\n<\/div>\n<\/div>\n\n\n\n\n\n<div class=\"wp-block-cover alignfull is-light has-parallax\" style=\"min-height:400px;aspect-ratio:unset;\"><span aria-hidden=\"true\" class=\"wp-block-cover__background has-background-dim-0 has-background-dim\"><\/span><div role=\"img\" class=\"wp-block-cover__image-background wp-image-9850 has-parallax\" style=\"background-position:50% 50%;background-image:url(https:\/\/www.notredamealarose.be\/2022\/wp-content\/uploads\/2022\/12\/VAU2363.jpg)\"><\/div><div class=\"wp-block-cover__inner-container is-layout-flow wp-block-cover-is-layout-flow\">\n<p class=\"has-text-align-center has-large-font-size\"><\/p>\n<\/div><\/div>\n\n\n\n\n\n<div class=\"wp-block-columns is-layout-flex wp-container-core-columns-is-layout-28f84493 wp-block-columns-is-layout-flex\">\n<div class=\"wp-block-column is-layout-flow wp-block-column-is-layout-flow\" style=\"flex-basis:33.33%\">\n<figure class=\"wp-block-image size-full\"><img loading=\"lazy\" decoding=\"async\" width=\"808\" height=\"513\" src=\"https:\/\/www.notredamealarose.be\/2022\/wp-content\/uploads\/2022\/12\/ghoy.jpg\" alt=\"\" class=\"wp-image-9853\" srcset=\"https:\/\/www.notredamealarose.be\/2022\/wp-content\/uploads\/2022\/12\/ghoy.jpg 808w, https:\/\/www.notredamealarose.be\/2022\/wp-content\/uploads\/2022\/12\/ghoy-300x190.jpg 300w, https:\/\/www.notredamealarose.be\/2022\/wp-content\/uploads\/2022\/12\/ghoy-768x488.jpg 768w\" sizes=\"auto, (max-width: 808px) 100vw, 808px\" \/><\/figure>\n<\/div>\n\n\n\n<div class=\"wp-block-column is-layout-flow wp-block-column-is-layout-flow\" style=\"flex-basis:66.66%\">\n<p>Between the villages of Deux-Acren, Flobecq and Lessines the \u201cmedicinal triangle\u201d is located. Indeed, this region is known for its important production of medicinal plants. In 1940, the culture of \u201csimple\u201d occupies several hundred hectares. An industry specializing in plant processing (drying, grinding, etc.) is developing in parallel. These producers will then supply all the major pharmaceutical industries in the country and export also abroad. The cultivated plants are local species, well adapted to the field: chamomile, angelica, valerian and many others.<\/p>\n<\/div>\n<\/div>\n\n\n\n\n\n\n\n<div class=\"wp-block-query is-layout-constrained wp-block-query-is-layout-constrained\">\n\n<div class=\"wp-block-query-no-results\">\n\n<p><\/p>\n\n<\/div><\/div>\n","protected":false},"excerpt":{"rendered":"<p>The Hospital Notre-Dame \u00e0 la Rose now houses a magnificent garden of medicinal plants where it is pleasant to walk around. Better still, if you are interested in plants and their benefits on health, beauty and well-being, you will find didactic panels (and their take-away booklet) which, for each plant, will detail its usable part, [&hellip;]<\/p>\n","protected":false},"author":1,"featured_media":9810,"parent":10216,"menu_order":0,"comment_status":"closed","ping_status":"closed","template":"","meta":{"site-sidebar-layout":"default","site-content-layout":"","ast-site-content-layout":"default","site-content-style":"default","site-sidebar-style":"default","ast-global-header-display":"","ast-banner-title-visibility":"","ast-main-header-display":"","ast-hfb-above-header-display":"","ast-hfb-below-header-display":"","ast-hfb-mobile-header-display":"","site-post-title":"","ast-breadcrumbs-content":"","ast-featured-img":"","footer-sml-layout":"","theme-transparent-header-meta":"","adv-header-id-meta":"","stick-header-meta":"","header-above-stick-meta":"","header-main-stick-meta":"","header-below-stick-meta":"","astra-migrate-meta-layouts":"set","ast-page-background-enabled":"default","ast-page-background-meta":{"desktop":{"background-color":"var(--ast-global-color-4)","background-image":"","background-repeat":"repeat","background-position":"center center","background-size":"auto","background-attachment":"scroll","background-type":"","background-media":"","overlay-type":"","overlay-color":"","overlay-gradient":""},"tablet":{"background-color":"","background-image":"","background-repeat":"repeat","background-position":"center center","background-size":"auto","background-attachment":"scroll","background-type":"","background-media":"","overlay-type":"","overlay-color":"","overlay-gradient":""},"mobile":{"background-color":"","background-image":"","background-repeat":"repeat","background-position":"center center","background-size":"auto","background-attachment":"scroll","background-type":"","background-media":"","overlay-type":"","overlay-color":"","overlay-gradient":""}},"ast-content-background-meta":{"desktop":{"background-color":"var(--ast-global-color-5)","background-image":"","background-repeat":"repeat","background-position":"center center","background-size":"auto","background-attachment":"scroll","background-type":"","background-media":"","overlay-type":"","overlay-color":"","overlay-gradient":""},"tablet":{"background-color":"var(--ast-global-color-5)","background-image":"","background-repeat":"repeat","background-position":"center center","background-size":"auto","background-attachment":"scroll","background-type":"","background-media":"","overlay-type":"","overlay-color":"","overlay-gradient":""},"mobile":{"background-color":"var(--ast-global-color-5)","background-image":"","background-repeat":"repeat","background-position":"center center","background-size":"auto","background-attachment":"scroll","background-type":"","background-media":"","overlay-type":"","overlay-color":"","overlay-gradient":""}},"_price":"","_stock":"","_tribe_ticket_header":"","_tribe_default_ticket_provider":"","_tribe_ticket_capacity":"0","_ticket_start_date":"","_ticket_end_date":"","_tribe_ticket_show_description":"","_tribe_ticket_show_not_going":false,"_tribe_ticket_use_global_stock":"","_tribe_ticket_global_stock_level":"","_global_stock_mode":"","_global_stock_cap":"","_tribe_rsvp_for_event":"","_tribe_ticket_going_count":"","_tribe_ticket_not_going_count":"","_tribe_tickets_list":"[]","_tribe_ticket_has_attendee_info_fields":false,"footnotes":""},"class_list":["post-10228","page","type-page","status-publish","has-post-thumbnail","hentry"],"yoast_head":"<!-- This site is optimized with the Yoast SEO plugin v27.5 - https:\/\/yoast.com\/product\/yoast-seo-wordpress\/ -->\n<title>The Gardens - H\u00f4pital Notre-Dame \u00e0 la Rose - Lessines<\/title>\n<meta name=\"robots\" content=\"index, follow, max-snippet:-1, max-image-preview:large, max-video-preview:-1\" \/>\n<link rel=\"canonical\" href=\"https:\/\/www.notredamealarose.be\/decouvrir\/le-musee\/botanique\/\" \/>\n<meta property=\"og:locale\" content=\"en_US\" \/>\n<meta property=\"og:type\" content=\"article\" \/>\n<meta property=\"og:title\" content=\"The Gardens - H\u00f4pital Notre-Dame \u00e0 la Rose - Lessines\" \/>\n<meta property=\"og:description\" content=\"The Hospital Notre-Dame \u00e0 la Rose now houses a magnificent garden of medicinal plants where it is pleasant to walk around. Better still, if you are interested in plants and their benefits on health, beauty and well-being, you will find didactic panels (and their take-away booklet) which, for each plant, will detail its usable part, [&hellip;]\" \/>\n<meta property=\"og:url\" content=\"https:\/\/www.notredamealarose.be\/decouvrir\/le-musee\/botanique\/\" \/>\n<meta property=\"og:site_name\" content=\"H\u00f4pital Notre-Dame \u00e0 la Rose - Lessines\" \/>\n<meta property=\"article:modified_time\" content=\"2024-03-04T08:07:02+00:00\" \/>\n<meta property=\"og:image\" content=\"https:\/\/www.notredamealarose.be\/2022\/wp-content\/uploads\/2022\/12\/29062016-1M9A6457-basse-def.jpg\" \/>\n\t<meta property=\"og:image:width\" content=\"1358\" \/>\n\t<meta property=\"og:image:height\" content=\"866\" \/>\n\t<meta property=\"og:image:type\" content=\"image\/jpeg\" \/>\n<meta name=\"twitter:card\" content=\"summary_large_image\" \/>\n<script type=\"application\/ld+json\" class=\"yoast-schema-graph\">{\"@context\":\"https:\\\/\\\/schema.org\",\"@graph\":[{\"@type\":\"WebPage\",\"@id\":\"https:\\\/\\\/www.notredamealarose.be\\\/decouvrir\\\/le-musee\\\/botanique\\\/\",\"url\":\"https:\\\/\\\/www.notredamealarose.be\\\/decouvrir\\\/le-musee\\\/botanique\\\/\",\"name\":\"The Gardens - H\u00f4pital Notre-Dame \u00e0 la Rose - Lessines\",\"isPartOf\":{\"@id\":\"https:\\\/\\\/www.notredamealarose.be\\\/#website\"},\"primaryImageOfPage\":{\"@id\":\"https:\\\/\\\/www.notredamealarose.be\\\/decouvrir\\\/le-musee\\\/botanique\\\/#primaryimage\"},\"image\":{\"@id\":\"https:\\\/\\\/www.notredamealarose.be\\\/decouvrir\\\/le-musee\\\/botanique\\\/#primaryimage\"},\"thumbnailUrl\":\"https:\\\/\\\/www.notredamealarose.be\\\/2022\\\/wp-content\\\/uploads\\\/2022\\\/12\\\/29062016-1M9A6457-basse-def.jpg\",\"datePublished\":\"2022-12-01T20:24:29+00:00\",\"dateModified\":\"2024-03-04T08:07:02+00:00\",\"breadcrumb\":{\"@id\":\"https:\\\/\\\/www.notredamealarose.be\\\/decouvrir\\\/le-musee\\\/botanique\\\/#breadcrumb\"},\"inLanguage\":\"en-US\",\"potentialAction\":[{\"@type\":\"ReadAction\",\"target\":[\"https:\\\/\\\/www.notredamealarose.be\\\/decouvrir\\\/le-musee\\\/botanique\\\/\"]}]},{\"@type\":\"ImageObject\",\"inLanguage\":\"en-US\",\"@id\":\"https:\\\/\\\/www.notredamealarose.be\\\/decouvrir\\\/le-musee\\\/botanique\\\/#primaryimage\",\"url\":\"https:\\\/\\\/www.notredamealarose.be\\\/2022\\\/wp-content\\\/uploads\\\/2022\\\/12\\\/29062016-1M9A6457-basse-def.jpg\",\"contentUrl\":\"https:\\\/\\\/www.notredamealarose.be\\\/2022\\\/wp-content\\\/uploads\\\/2022\\\/12\\\/29062016-1M9A6457-basse-def.jpg\",\"width\":1358,\"height\":866},{\"@type\":\"BreadcrumbList\",\"@id\":\"https:\\\/\\\/www.notredamealarose.be\\\/decouvrir\\\/le-musee\\\/botanique\\\/#breadcrumb\",\"itemListElement\":[{\"@type\":\"ListItem\",\"position\":1,\"name\":\"Accueil\",\"item\":\"https:\\\/\\\/www.notredamealarose.be\\\/en\\\/\"},{\"@type\":\"ListItem\",\"position\":2,\"name\":\"Discover\",\"item\":\"https:\\\/\\\/www.notredamealarose.be\\\/decouvrir\\\/\"},{\"@type\":\"ListItem\",\"position\":3,\"name\":\"The Museum\",\"item\":\"https:\\\/\\\/www.notredamealarose.be\\\/decouvrir\\\/le-musee\\\/\"},{\"@type\":\"ListItem\",\"position\":4,\"name\":\"The Gardens\"}]},{\"@type\":\"WebSite\",\"@id\":\"https:\\\/\\\/www.notredamealarose.be\\\/#website\",\"url\":\"https:\\\/\\\/www.notredamealarose.be\\\/\",\"name\":\"H\u00f4pital Notre-Dame \u00e0 la Rose - Lessines\",\"description\":\"Un mus\u00e9e magique et hors du temps !\",\"publisher\":{\"@id\":\"https:\\\/\\\/www.notredamealarose.be\\\/#organization\"},\"potentialAction\":[{\"@type\":\"SearchAction\",\"target\":{\"@type\":\"EntryPoint\",\"urlTemplate\":\"https:\\\/\\\/www.notredamealarose.be\\\/?s={search_term_string}\"},\"query-input\":{\"@type\":\"PropertyValueSpecification\",\"valueRequired\":true,\"valueName\":\"search_term_string\"}}],\"inLanguage\":\"en-US\"},{\"@type\":\"Organization\",\"@id\":\"https:\\\/\\\/www.notredamealarose.be\\\/#organization\",\"name\":\"H\u00f4pital Notre-Dame \u00e0 la Rose - Lessines\",\"url\":\"https:\\\/\\\/www.notredamealarose.be\\\/\",\"logo\":{\"@type\":\"ImageObject\",\"inLanguage\":\"en-US\",\"@id\":\"https:\\\/\\\/www.notredamealarose.be\\\/#\\\/schema\\\/logo\\\/image\\\/\",\"url\":\"https:\\\/\\\/www.notredamealarose.be\\\/2022\\\/wp-content\\\/uploads\\\/2023\\\/12\\\/HNDR-logo-monochrome-neg.png\",\"contentUrl\":\"https:\\\/\\\/www.notredamealarose.be\\\/2022\\\/wp-content\\\/uploads\\\/2023\\\/12\\\/HNDR-logo-monochrome-neg.png\",\"width\":1998,\"height\":1239,\"caption\":\"H\u00f4pital Notre-Dame \u00e0 la Rose - Lessines\"},\"image\":{\"@id\":\"https:\\\/\\\/www.notredamealarose.be\\\/#\\\/schema\\\/logo\\\/image\\\/\"}}]}<\/script>\n<!-- \/ Yoast SEO plugin. -->","yoast_head_json":{"title":"The Gardens - H\u00f4pital Notre-Dame \u00e0 la Rose - Lessines","robots":{"index":"index","follow":"follow","max-snippet":"max-snippet:-1","max-image-preview":"max-image-preview:large","max-video-preview":"max-video-preview:-1"},"canonical":"https:\/\/www.notredamealarose.be\/decouvrir\/le-musee\/botanique\/","og_locale":"en_US","og_type":"article","og_title":"The Gardens - H\u00f4pital Notre-Dame \u00e0 la Rose - Lessines","og_description":"The Hospital Notre-Dame \u00e0 la Rose now houses a magnificent garden of medicinal plants where it is pleasant to walk around. Better still, if you are interested in plants and their benefits on health, beauty and well-being, you will find didactic panels (and their take-away booklet) which, for each plant, will detail its usable part, [&hellip;]","og_url":"https:\/\/www.notredamealarose.be\/decouvrir\/le-musee\/botanique\/","og_site_name":"H\u00f4pital Notre-Dame \u00e0 la Rose - Lessines","article_modified_time":"2024-03-04T08:07:02+00:00","og_image":[{"width":1358,"height":866,"url":"https:\/\/www.notredamealarose.be\/2022\/wp-content\/uploads\/2022\/12\/29062016-1M9A6457-basse-def.jpg","type":"image\/jpeg"}],"twitter_card":"summary_large_image","schema":{"@context":"https:\/\/schema.org","@graph":[{"@type":"WebPage","@id":"https:\/\/www.notredamealarose.be\/decouvrir\/le-musee\/botanique\/","url":"https:\/\/www.notredamealarose.be\/decouvrir\/le-musee\/botanique\/","name":"The Gardens - H\u00f4pital Notre-Dame \u00e0 la Rose - Lessines","isPartOf":{"@id":"https:\/\/www.notredamealarose.be\/#website"},"primaryImageOfPage":{"@id":"https:\/\/www.notredamealarose.be\/decouvrir\/le-musee\/botanique\/#primaryimage"},"image":{"@id":"https:\/\/www.notredamealarose.be\/decouvrir\/le-musee\/botanique\/#primaryimage"},"thumbnailUrl":"https:\/\/www.notredamealarose.be\/2022\/wp-content\/uploads\/2022\/12\/29062016-1M9A6457-basse-def.jpg","datePublished":"2022-12-01T20:24:29+00:00","dateModified":"2024-03-04T08:07:02+00:00","breadcrumb":{"@id":"https:\/\/www.notredamealarose.be\/decouvrir\/le-musee\/botanique\/#breadcrumb"},"inLanguage":"en-US","potentialAction":[{"@type":"ReadAction","target":["https:\/\/www.notredamealarose.be\/decouvrir\/le-musee\/botanique\/"]}]},{"@type":"ImageObject","inLanguage":"en-US","@id":"https:\/\/www.notredamealarose.be\/decouvrir\/le-musee\/botanique\/#primaryimage","url":"https:\/\/www.notredamealarose.be\/2022\/wp-content\/uploads\/2022\/12\/29062016-1M9A6457-basse-def.jpg","contentUrl":"https:\/\/www.notredamealarose.be\/2022\/wp-content\/uploads\/2022\/12\/29062016-1M9A6457-basse-def.jpg","width":1358,"height":866},{"@type":"BreadcrumbList","@id":"https:\/\/www.notredamealarose.be\/decouvrir\/le-musee\/botanique\/#breadcrumb","itemListElement":[{"@type":"ListItem","position":1,"name":"Accueil","item":"https:\/\/www.notredamealarose.be\/en\/"},{"@type":"ListItem","position":2,"name":"Discover","item":"https:\/\/www.notredamealarose.be\/decouvrir\/"},{"@type":"ListItem","position":3,"name":"The Museum","item":"https:\/\/www.notredamealarose.be\/decouvrir\/le-musee\/"},{"@type":"ListItem","position":4,"name":"The Gardens"}]},{"@type":"WebSite","@id":"https:\/\/www.notredamealarose.be\/#website","url":"https:\/\/www.notredamealarose.be\/","name":"H\u00f4pital Notre-Dame \u00e0 la Rose - Lessines","description":"Un mus\u00e9e magique et hors du temps !","publisher":{"@id":"https:\/\/www.notredamealarose.be\/#organization"},"potentialAction":[{"@type":"SearchAction","target":{"@type":"EntryPoint","urlTemplate":"https:\/\/www.notredamealarose.be\/?s={search_term_string}"},"query-input":{"@type":"PropertyValueSpecification","valueRequired":true,"valueName":"search_term_string"}}],"inLanguage":"en-US"},{"@type":"Organization","@id":"https:\/\/www.notredamealarose.be\/#organization","name":"H\u00f4pital Notre-Dame \u00e0 la Rose - Lessines","url":"https:\/\/www.notredamealarose.be\/","logo":{"@type":"ImageObject","inLanguage":"en-US","@id":"https:\/\/www.notredamealarose.be\/#\/schema\/logo\/image\/","url":"https:\/\/www.notredamealarose.be\/2022\/wp-content\/uploads\/2023\/12\/HNDR-logo-monochrome-neg.png","contentUrl":"https:\/\/www.notredamealarose.be\/2022\/wp-content\/uploads\/2023\/12\/HNDR-logo-monochrome-neg.png","width":1998,"height":1239,"caption":"H\u00f4pital Notre-Dame \u00e0 la Rose - Lessines"},"image":{"@id":"https:\/\/www.notredamealarose.be\/#\/schema\/logo\/image\/"}}]}},"jetpack_sharing_enabled":true,"_links":{"self":[{"href":"https:\/\/www.notredamealarose.be\/en\/wp-json\/wp\/v2\/pages\/10228","targetHints":{"allow":["GET"]}}],"collection":[{"href":"https:\/\/www.notredamealarose.be\/en\/wp-json\/wp\/v2\/pages"}],"about":[{"href":"https:\/\/www.notredamealarose.be\/en\/wp-json\/wp\/v2\/types\/page"}],"author":[{"embeddable":true,"href":"https:\/\/www.notredamealarose.be\/en\/wp-json\/wp\/v2\/users\/1"}],"replies":[{"embeddable":true,"href":"https:\/\/www.notredamealarose.be\/en\/wp-json\/wp\/v2\/comments?post=10228"}],"version-history":[{"count":2,"href":"https:\/\/www.notredamealarose.be\/en\/wp-json\/wp\/v2\/pages\/10228\/revisions"}],"predecessor-version":[{"id":11447,"href":"https:\/\/www.notredamealarose.be\/en\/wp-json\/wp\/v2\/pages\/10228\/revisions\/11447"}],"up":[{"embeddable":true,"href":"https:\/\/www.notredamealarose.be\/en\/wp-json\/wp\/v2\/pages\/10216"}],"wp:featuredmedia":[{"embeddable":true,"href":"https:\/\/www.notredamealarose.be\/en\/wp-json\/wp\/v2\/media\/9810"}],"wp:attachment":[{"href":"https:\/\/www.notredamealarose.be\/en\/wp-json\/wp\/v2\/media?parent=10228"}],"curies":[{"name":"wp","href":"https:\/\/api.w.org\/{rel}","templated":true}]}}