{"id":10232,"date":"2022-12-01T21:21:31","date_gmt":"2022-12-01T20:21:31","guid":{"rendered":"https:\/\/www.notredamealarose.be\/2022\/support-our-museum\/"},"modified":"2023-05-11T11:02:55","modified_gmt":"2023-05-11T09:02:55","slug":"support-our-museum","status":"publish","type":"page","link":"https:\/\/www.notredamealarose.be\/en\/practical-information\/support-our-museum\/","title":{"rendered":"Support our Museum"},"content":{"rendered":"\n<p>Do you like our museum and want to support its activities?<\/p>\n\n\n\n<p>This is now possible thanks to the patronage account of the <strong>Foundation Roi Baudouin<\/strong> (King Baudouin Foundation) which will allow you to make a donation (tax deductible from 40\u20ac) to the ASBL Office de Tourisme de Lessines. <\/p>\n\n\n\n<p>We will make good use of your donations because we want to develop a project &#8216;Garden of scents&#8217;, in the heart of our medicinal herb garden, to accommodate people with sensory and cognitive disabilities, but also of course anyone sensitive to the wonderful smells that nature can offer us.<\/p>\n\n\n\n<p>The idea is to offer them a unique sensory path through a choice of fragrant plants arranged like a garden of medieval inspiration. <\/p>\n\n\n\n<p>We therefore chose to make a wattle fence made out of living willow and place a fountain in the middle. Plants will be at hand (and nose). Access will be particularly careful so that people with reduced mobility can also enjoy it.<\/p>\n\n\n\n<p>You are free to give the amount you want but know that: <\/p>\n\n\n\n<ul class=\"wp-block-list\">\n<li>For donations starting at \u20ac40 (BRONZE) we offer you free entrance at the museum for one year*, upon presentation of the thank you email you will receive from the King Baudouin Foundation. This gratuity is granted to one person and concerns permanent collections and not exceptional activities. (Your donation is also tax deductible).<\/li>\n<\/ul>\n\n\n\n<ul class=\"wp-block-list\">\n<li>For donations starting at \u20ac60 (SILVER) we offer you free entrance at the museum for 2 people for one year* and this upon presentation of the thank you email you will receive from the King Baudouin Foundation. This gratuity concerns permanent collections and not exceptional activities.<\/li>\n<\/ul>\n\n\n\n<ul class=\"wp-block-list\">\n<li>For donations starting at \u20ac80 (GOLD), we offer free entrance to the museum for you and for people living under your roof (max 4) for one year* and this upon presentation of the thank you email you will receive from the King Baudouin Foundation. This gratuity concerns permanent collections and not exceptional activities. We also offer a H\u00f4pital Notre-Dame \u00e0 la Rose gift to collect at the museum\u2019s reception desk. <\/li>\n<\/ul>\n\n\n\n<p>Thank you in advance for your support.<\/p>\n\n\n\n<p>* One year starting from the date mentioned on the email of the King Baudouin Foundation<\/p>\n\n\n\n<p><a href=\"https:\/\/donate.kbs-frb.be\/actions\/MCS-OfficedeTourismedeLessines\">MAKE A GIFT<\/a><\/p>\n\n\n\n<figure class=\"wp-block-image size-full\"><img loading=\"lazy\" decoding=\"async\" width=\"200\" height=\"200\" src=\"https:\/\/www.notredamealarose.be\/2022\/wp-content\/uploads\/2023\/02\/logo-frb.png\" alt=\"Support the museum Hospital Notre-Dame \u00e0 la Rose Fondation Roi Baudouin logo \" class=\"wp-image-10327\" srcset=\"https:\/\/www.notredamealarose.be\/2022\/wp-content\/uploads\/2023\/02\/logo-frb.png 200w, https:\/\/www.notredamealarose.be\/2022\/wp-content\/uploads\/2023\/02\/logo-frb-150x150.png 150w\" sizes=\"auto, (max-width: 200px) 100vw, 200px\" \/><\/figure>\n\n\n\n<figure class=\"wp-block-image size-large\"><img loading=\"lazy\" decoding=\"async\" width=\"1024\" height=\"183\" src=\"https:\/\/www.notredamealarose.be\/2022\/wp-content\/uploads\/2023\/02\/HNDR-Jardin-Pano-1024x183.jpg\" alt=\"Support the Museum Hospital Notre-Dame \u00e0 la Rose medicinal garden\" class=\"wp-image-10332\" srcset=\"https:\/\/www.notredamealarose.be\/2022\/wp-content\/uploads\/2023\/02\/HNDR-Jardin-Pano-1024x183.jpg 1024w, https:\/\/www.notredamealarose.be\/2022\/wp-content\/uploads\/2023\/02\/HNDR-Jardin-Pano-300x54.jpg 300w, https:\/\/www.notredamealarose.be\/2022\/wp-content\/uploads\/2023\/02\/HNDR-Jardin-Pano-768x138.jpg 768w, https:\/\/www.notredamealarose.be\/2022\/wp-content\/uploads\/2023\/02\/HNDR-Jardin-Pano-1536x275.jpg 1536w, https:\/\/www.notredamealarose.be\/2022\/wp-content\/uploads\/2023\/02\/HNDR-Jardin-Pano.jpg 1920w\" sizes=\"auto, (max-width: 1024px) 100vw, 1024px\" \/><\/figure>\n","protected":false},"excerpt":{"rendered":"<p>Do you like our museum and want to support its activities? This is now possible thanks to the patronage account of the Foundation Roi Baudouin (King Baudouin Foundation) which will allow you to make a donation (tax deductible from 40\u20ac) to the ASBL Office de Tourisme de Lessines. We will make good use of your [&hellip;]<\/p>\n","protected":false},"author":1,"featured_media":0,"parent":10234,"menu_order":0,"comment_status":"closed","ping_status":"closed","template":"","meta":{"site-sidebar-layout":"default","site-content-layout":"","ast-site-content-layout":"","site-content-style":"default","site-sidebar-style":"default","ast-global-header-display":"","ast-banner-title-visibility":"","ast-main-header-display":"","ast-hfb-above-header-display":"","ast-hfb-below-header-display":"","ast-hfb-mobile-header-display":"","site-post-title":"","ast-breadcrumbs-content":"","ast-featured-img":"","footer-sml-layout":"","theme-transparent-header-meta":"","adv-header-id-meta":"","stick-header-meta":"","header-above-stick-meta":"","header-main-stick-meta":"","header-below-stick-meta":"","astra-migrate-meta-layouts":"default","ast-page-background-enabled":"default","ast-page-background-meta":{"desktop":{"background-color":"var(--ast-global-color-4)","background-image":"","background-repeat":"repeat","background-position":"center center","background-size":"auto","background-attachment":"scroll","background-type":"","background-media":"","overlay-type":"","overlay-color":"","overlay-gradient":""},"tablet":{"background-color":"","background-image":"","background-repeat":"repeat","background-position":"center center","background-size":"auto","background-attachment":"scroll","background-type":"","background-media":"","overlay-type":"","overlay-color":"","overlay-gradient":""},"mobile":{"background-color":"","background-image":"","background-repeat":"repeat","background-position":"center center","background-size":"auto","background-attachment":"scroll","background-type":"","background-media":"","overlay-type":"","overlay-color":"","overlay-gradient":""}},"ast-content-background-meta":{"desktop":{"background-color":"var(--ast-global-color-5)","background-image":"","background-repeat":"repeat","background-position":"center center","background-size":"auto","background-attachment":"scroll","background-type":"","background-media":"","overlay-type":"","overlay-color":"","overlay-gradient":""},"tablet":{"background-color":"var(--ast-global-color-5)","background-image":"","background-repeat":"repeat","background-position":"center center","background-size":"auto","background-attachment":"scroll","background-type":"","background-media":"","overlay-type":"","overlay-color":"","overlay-gradient":""},"mobile":{"background-color":"var(--ast-global-color-5)","background-image":"","background-repeat":"repeat","background-position":"center center","background-size":"auto","background-attachment":"scroll","background-type":"","background-media":"","overlay-type":"","overlay-color":"","overlay-gradient":""}},"_price":"","_stock":"","_tribe_ticket_header":"","_tribe_default_ticket_provider":"","_tribe_ticket_capacity":"0","_ticket_start_date":"","_ticket_end_date":"","_tribe_ticket_show_description":"","_tribe_ticket_show_not_going":false,"_tribe_ticket_use_global_stock":"","_tribe_ticket_global_stock_level":"","_global_stock_mode":"","_global_stock_cap":"","_tribe_rsvp_for_event":"","_tribe_ticket_going_count":"","_tribe_ticket_not_going_count":"","_tribe_tickets_list":"[]","_tribe_ticket_has_attendee_info_fields":false,"footnotes":""},"class_list":["post-10232","page","type-page","status-publish","hentry"],"yoast_head":"<!-- This site is optimized with the Yoast SEO plugin v27.4 - https:\/\/yoast.com\/product\/yoast-seo-wordpress\/ -->\n<title>Support our Museum - H\u00f4pital Notre-Dame \u00e0 la Rose - Lessines<\/title>\n<meta name=\"description\" content=\"Support the projects of the museum Hospital Notre-Dame \u00e0 la Rose in Lessines by making a donation and earn benefits and discounts on admission.\" \/>\n<meta name=\"robots\" content=\"index, follow, max-snippet:-1, max-image-preview:large, max-video-preview:-1\" \/>\n<link rel=\"canonical\" href=\"https:\/\/www.notredamealarose.be\/infos-pratiques\/soutenez-le-musee\/\" \/>\n<meta property=\"og:locale\" content=\"en_US\" \/>\n<meta property=\"og:type\" content=\"article\" \/>\n<meta property=\"og:title\" content=\"Support our Museum - H\u00f4pital Notre-Dame \u00e0 la Rose - Lessines\" \/>\n<meta property=\"og:description\" content=\"Support the projects of the museum Hospital Notre-Dame \u00e0 la Rose in Lessines by making a donation and earn benefits and discounts on admission.\" \/>\n<meta property=\"og:url\" content=\"https:\/\/www.notredamealarose.be\/infos-pratiques\/soutenez-le-musee\/\" \/>\n<meta property=\"og:site_name\" content=\"H\u00f4pital Notre-Dame \u00e0 la Rose - Lessines\" \/>\n<meta property=\"article:modified_time\" content=\"2023-05-11T09:02:55+00:00\" \/>\n<meta property=\"og:image\" content=\"https:\/\/www.notredamealarose.be\/2022\/wp-content\/uploads\/2023\/02\/logo-frb.png\" \/>\n<meta name=\"twitter:card\" content=\"summary_large_image\" \/>\n<script type=\"application\/ld+json\" class=\"yoast-schema-graph\">{\"@context\":\"https:\\\/\\\/schema.org\",\"@graph\":[{\"@type\":\"WebPage\",\"@id\":\"https:\\\/\\\/www.notredamealarose.be\\\/infos-pratiques\\\/soutenez-le-musee\\\/\",\"url\":\"https:\\\/\\\/www.notredamealarose.be\\\/infos-pratiques\\\/soutenez-le-musee\\\/\",\"name\":\"Support our Museum - H\u00f4pital Notre-Dame \u00e0 la Rose - Lessines\",\"isPartOf\":{\"@id\":\"https:\\\/\\\/www.notredamealarose.be\\\/#website\"},\"primaryImageOfPage\":{\"@id\":\"https:\\\/\\\/www.notredamealarose.be\\\/infos-pratiques\\\/soutenez-le-musee\\\/#primaryimage\"},\"image\":{\"@id\":\"https:\\\/\\\/www.notredamealarose.be\\\/infos-pratiques\\\/soutenez-le-musee\\\/#primaryimage\"},\"thumbnailUrl\":\"https:\\\/\\\/www.notredamealarose.be\\\/2022\\\/wp-content\\\/uploads\\\/2023\\\/02\\\/logo-frb.png\",\"datePublished\":\"2022-12-01T20:21:31+00:00\",\"dateModified\":\"2023-05-11T09:02:55+00:00\",\"description\":\"Support the projects of the museum Hospital Notre-Dame \u00e0 la Rose in Lessines by making a donation and earn benefits and discounts on admission.\",\"breadcrumb\":{\"@id\":\"https:\\\/\\\/www.notredamealarose.be\\\/infos-pratiques\\\/soutenez-le-musee\\\/#breadcrumb\"},\"inLanguage\":\"en-US\",\"potentialAction\":[{\"@type\":\"ReadAction\",\"target\":[\"https:\\\/\\\/www.notredamealarose.be\\\/infos-pratiques\\\/soutenez-le-musee\\\/\"]}]},{\"@type\":\"ImageObject\",\"inLanguage\":\"en-US\",\"@id\":\"https:\\\/\\\/www.notredamealarose.be\\\/infos-pratiques\\\/soutenez-le-musee\\\/#primaryimage\",\"url\":\"https:\\\/\\\/www.notredamealarose.be\\\/2022\\\/wp-content\\\/uploads\\\/2023\\\/02\\\/logo-frb.png\",\"contentUrl\":\"https:\\\/\\\/www.notredamealarose.be\\\/2022\\\/wp-content\\\/uploads\\\/2023\\\/02\\\/logo-frb.png\"},{\"@type\":\"BreadcrumbList\",\"@id\":\"https:\\\/\\\/www.notredamealarose.be\\\/infos-pratiques\\\/soutenez-le-musee\\\/#breadcrumb\",\"itemListElement\":[{\"@type\":\"ListItem\",\"position\":1,\"name\":\"Accueil\",\"item\":\"https:\\\/\\\/www.notredamealarose.be\\\/en\\\/\"},{\"@type\":\"ListItem\",\"position\":2,\"name\":\"Practical information\",\"item\":\"https:\\\/\\\/www.notredamealarose.be\\\/en\\\/practical-information\\\/\"},{\"@type\":\"ListItem\",\"position\":3,\"name\":\"Support our Museum\"}]},{\"@type\":\"WebSite\",\"@id\":\"https:\\\/\\\/www.notredamealarose.be\\\/#website\",\"url\":\"https:\\\/\\\/www.notredamealarose.be\\\/\",\"name\":\"H\u00f4pital Notre-Dame \u00e0 la Rose - Lessines\",\"description\":\"Un mus\u00e9e magique et hors du temps !\",\"publisher\":{\"@id\":\"https:\\\/\\\/www.notredamealarose.be\\\/#organization\"},\"potentialAction\":[{\"@type\":\"SearchAction\",\"target\":{\"@type\":\"EntryPoint\",\"urlTemplate\":\"https:\\\/\\\/www.notredamealarose.be\\\/?s={search_term_string}\"},\"query-input\":{\"@type\":\"PropertyValueSpecification\",\"valueRequired\":true,\"valueName\":\"search_term_string\"}}],\"inLanguage\":\"en-US\"},{\"@type\":\"Organization\",\"@id\":\"https:\\\/\\\/www.notredamealarose.be\\\/#organization\",\"name\":\"H\u00f4pital Notre-Dame \u00e0 la Rose - Lessines\",\"url\":\"https:\\\/\\\/www.notredamealarose.be\\\/\",\"logo\":{\"@type\":\"ImageObject\",\"inLanguage\":\"en-US\",\"@id\":\"https:\\\/\\\/www.notredamealarose.be\\\/#\\\/schema\\\/logo\\\/image\\\/\",\"url\":\"https:\\\/\\\/www.notredamealarose.be\\\/2022\\\/wp-content\\\/uploads\\\/2023\\\/12\\\/HNDR-logo-monochrome-neg.png\",\"contentUrl\":\"https:\\\/\\\/www.notredamealarose.be\\\/2022\\\/wp-content\\\/uploads\\\/2023\\\/12\\\/HNDR-logo-monochrome-neg.png\",\"width\":1998,\"height\":1239,\"caption\":\"H\u00f4pital Notre-Dame \u00e0 la Rose - Lessines\"},\"image\":{\"@id\":\"https:\\\/\\\/www.notredamealarose.be\\\/#\\\/schema\\\/logo\\\/image\\\/\"}}]}<\/script>\n<!-- \/ Yoast SEO plugin. -->","yoast_head_json":{"title":"Support our Museum - H\u00f4pital Notre-Dame \u00e0 la Rose - Lessines","description":"Support the projects of the museum Hospital Notre-Dame \u00e0 la Rose in Lessines by making a donation and earn benefits and discounts on admission.","robots":{"index":"index","follow":"follow","max-snippet":"max-snippet:-1","max-image-preview":"max-image-preview:large","max-video-preview":"max-video-preview:-1"},"canonical":"https:\/\/www.notredamealarose.be\/infos-pratiques\/soutenez-le-musee\/","og_locale":"en_US","og_type":"article","og_title":"Support our Museum - H\u00f4pital Notre-Dame \u00e0 la Rose - Lessines","og_description":"Support the projects of the museum Hospital Notre-Dame \u00e0 la Rose in Lessines by making a donation and earn benefits and discounts on admission.","og_url":"https:\/\/www.notredamealarose.be\/infos-pratiques\/soutenez-le-musee\/","og_site_name":"H\u00f4pital Notre-Dame \u00e0 la Rose - Lessines","article_modified_time":"2023-05-11T09:02:55+00:00","og_image":[{"url":"https:\/\/www.notredamealarose.be\/2022\/wp-content\/uploads\/2023\/02\/logo-frb.png","type":"","width":"","height":""}],"twitter_card":"summary_large_image","schema":{"@context":"https:\/\/schema.org","@graph":[{"@type":"WebPage","@id":"https:\/\/www.notredamealarose.be\/infos-pratiques\/soutenez-le-musee\/","url":"https:\/\/www.notredamealarose.be\/infos-pratiques\/soutenez-le-musee\/","name":"Support our Museum - H\u00f4pital Notre-Dame \u00e0 la Rose - Lessines","isPartOf":{"@id":"https:\/\/www.notredamealarose.be\/#website"},"primaryImageOfPage":{"@id":"https:\/\/www.notredamealarose.be\/infos-pratiques\/soutenez-le-musee\/#primaryimage"},"image":{"@id":"https:\/\/www.notredamealarose.be\/infos-pratiques\/soutenez-le-musee\/#primaryimage"},"thumbnailUrl":"https:\/\/www.notredamealarose.be\/2022\/wp-content\/uploads\/2023\/02\/logo-frb.png","datePublished":"2022-12-01T20:21:31+00:00","dateModified":"2023-05-11T09:02:55+00:00","description":"Support the projects of the museum Hospital Notre-Dame \u00e0 la Rose in Lessines by making a donation and earn benefits and discounts on admission.","breadcrumb":{"@id":"https:\/\/www.notredamealarose.be\/infos-pratiques\/soutenez-le-musee\/#breadcrumb"},"inLanguage":"en-US","potentialAction":[{"@type":"ReadAction","target":["https:\/\/www.notredamealarose.be\/infos-pratiques\/soutenez-le-musee\/"]}]},{"@type":"ImageObject","inLanguage":"en-US","@id":"https:\/\/www.notredamealarose.be\/infos-pratiques\/soutenez-le-musee\/#primaryimage","url":"https:\/\/www.notredamealarose.be\/2022\/wp-content\/uploads\/2023\/02\/logo-frb.png","contentUrl":"https:\/\/www.notredamealarose.be\/2022\/wp-content\/uploads\/2023\/02\/logo-frb.png"},{"@type":"BreadcrumbList","@id":"https:\/\/www.notredamealarose.be\/infos-pratiques\/soutenez-le-musee\/#breadcrumb","itemListElement":[{"@type":"ListItem","position":1,"name":"Accueil","item":"https:\/\/www.notredamealarose.be\/en\/"},{"@type":"ListItem","position":2,"name":"Practical information","item":"https:\/\/www.notredamealarose.be\/en\/practical-information\/"},{"@type":"ListItem","position":3,"name":"Support our Museum"}]},{"@type":"WebSite","@id":"https:\/\/www.notredamealarose.be\/#website","url":"https:\/\/www.notredamealarose.be\/","name":"H\u00f4pital Notre-Dame \u00e0 la Rose - Lessines","description":"Un mus\u00e9e magique et hors du temps !","publisher":{"@id":"https:\/\/www.notredamealarose.be\/#organization"},"potentialAction":[{"@type":"SearchAction","target":{"@type":"EntryPoint","urlTemplate":"https:\/\/www.notredamealarose.be\/?s={search_term_string}"},"query-input":{"@type":"PropertyValueSpecification","valueRequired":true,"valueName":"search_term_string"}}],"inLanguage":"en-US"},{"@type":"Organization","@id":"https:\/\/www.notredamealarose.be\/#organization","name":"H\u00f4pital Notre-Dame \u00e0 la Rose - Lessines","url":"https:\/\/www.notredamealarose.be\/","logo":{"@type":"ImageObject","inLanguage":"en-US","@id":"https:\/\/www.notredamealarose.be\/#\/schema\/logo\/image\/","url":"https:\/\/www.notredamealarose.be\/2022\/wp-content\/uploads\/2023\/12\/HNDR-logo-monochrome-neg.png","contentUrl":"https:\/\/www.notredamealarose.be\/2022\/wp-content\/uploads\/2023\/12\/HNDR-logo-monochrome-neg.png","width":1998,"height":1239,"caption":"H\u00f4pital Notre-Dame \u00e0 la Rose - Lessines"},"image":{"@id":"https:\/\/www.notredamealarose.be\/#\/schema\/logo\/image\/"}}]}},"jetpack_sharing_enabled":true,"_links":{"self":[{"href":"https:\/\/www.notredamealarose.be\/en\/wp-json\/wp\/v2\/pages\/10232","targetHints":{"allow":["GET"]}}],"collection":[{"href":"https:\/\/www.notredamealarose.be\/en\/wp-json\/wp\/v2\/pages"}],"about":[{"href":"https:\/\/www.notredamealarose.be\/en\/wp-json\/wp\/v2\/types\/page"}],"author":[{"embeddable":true,"href":"https:\/\/www.notredamealarose.be\/en\/wp-json\/wp\/v2\/users\/1"}],"replies":[{"embeddable":true,"href":"https:\/\/www.notredamealarose.be\/en\/wp-json\/wp\/v2\/comments?post=10232"}],"version-history":[{"count":3,"href":"https:\/\/www.notredamealarose.be\/en\/wp-json\/wp\/v2\/pages\/10232\/revisions"}],"predecessor-version":[{"id":10712,"href":"https:\/\/www.notredamealarose.be\/en\/wp-json\/wp\/v2\/pages\/10232\/revisions\/10712"}],"up":[{"embeddable":true,"href":"https:\/\/www.notredamealarose.be\/en\/wp-json\/wp\/v2\/pages\/10234"}],"wp:attachment":[{"href":"https:\/\/www.notredamealarose.be\/en\/wp-json\/wp\/v2\/media?parent=10232"}],"curies":[{"name":"wp","href":"https:\/\/api.w.org\/{rel}","templated":true}]}}