{"id":10263,"date":"2022-09-15T21:08:49","date_gmt":"2022-09-15T19:08:49","guid":{"rendered":"https:\/\/www.notredamealarose.be\/2022\/visit\/individual-visitors\/"},"modified":"2025-07-10T09:02:44","modified_gmt":"2025-07-10T07:02:44","slug":"individual-visitors","status":"publish","type":"page","link":"https:\/\/www.notredamealarose.be\/en\/visit\/individual-visitors\/","title":{"rendered":"Individual visitors"},"content":{"rendered":"\n<p>Visit the museum (guided tour or audioguide) and discover our medicinal herb garden (audioguide).<\/p>\n\n\n\n<p>The museum is open : from Tuesday to Friday, from 9 am to 6 pm (last entrance at 4.45pm) \/ Saturday, Sunday and Public Holidays, from 9.30 am to 6.30 pm (last entrance at 5.15 pm).<\/p>\n\n\n\n<p>Closed on Mondays (except Public Holidays).<\/p>\n\n\n\n<h2 class=\"wp-block-heading positif\">Combi-ticket museum and garden with audioguide.<\/h2>\n\n\n\n<p>Visit with audioguide (museum +\/- 1h30 and garden +\/- 45 min)<\/p>\n\n\n\n<p>No guided tour in Enlish (only for groups or after reservation)<\/p>\n\n\n\n<ul class=\"wp-block-list\">\n<li>Adults (from 18 to 64 inclusive): 13 \u20ac<\/li>\n\n\n\n<li>Seniors (+ 65 years): 10 \u20ac<\/li>\n\n\n\n<li>Students rate (from 13 to 17 inclusive): 10 \u20ac<\/li>\n\n\n\n<li>Student rate + (from 18 to 24 inclusive, on presentation of student card): 10 \u20ac<\/li>\n\n\n\n<li>Children (from 6 to 12 inclusive) \/ escort visitors requiring assistance : 5\u20ac<\/li>\n\n\n\n<li>Inhabitants of Lessines \/ visitors requiring assistance \/ teacher card \/ press pass \/ children under 6 years : free<\/li>\n\n\n\n<li>Museumpass on presentation of student card: free<\/li>\n<\/ul>\n\n\n\n<p>To discover our promotional codes and to know how to use them, please consult <strong><a href=\"https:\/\/www.dropbox.com\/s\/b018sb7c2uc3x2h\/Codes%20promo%20individuels.pdf?dl=0\"><em>this document<\/em><\/a><\/strong> <\/p>\n\n\n\n<div class=\"inherit-container-width wp-block-group alignfull has-ast-global-color-0-background-color has-background is-layout-constrained wp-block-group-is-layout-constrained\">\n\n\n<h2 class=\"wp-block-heading negatiforange\">Book your visit online<\/h2>\n\n\n\n<div class=\"wp-block-columns around is-layout-flex wp-container-core-columns-is-layout-d7d455e7 wp-block-columns-is-layout-flex\" style=\"padding-top:0;padding-right:0;padding-bottom:0;padding-left:0\">\n<div class=\"wp-block-column is-layout-flow wp-block-column-is-layout-flow\" style=\"flex-basis:33%\">\n<div style=\"height:50px\" aria-hidden=\"true\" class=\"wp-block-spacer\"><\/div>\n\n\n\n<p class=\"has-text-align-center has-ast-global-color-5-color has-text-color\"><i class=\"fas fa-headphones fa-3x\"><\/i><\/p>\n\n\n\n<h3 class=\"wp-block-heading has-text-align-center\">Visit with audioguide<\/h3>\n\n\n\n<div id=\"ConstellationWidgetContaineracb6430f-82a8-4a44-8078-aaa04c61e98f\" style=\"width:100%\" title=\"H\u00f4pital Notre-Dame \u00e0 la Rose\" data-id-projet=\"acb6430f82a84a448078aaa04c61e98f\">Loading&#8230;<\/div><script type=\"text\/javascript\" src=\"https:\/\/reservation.elloha.com\/Scripts\/widget-loader.min.js?v=42\"><\/script><script type=\"text\/javascript\">var constellationWidgetUrlacb6430f82a84a448078aaa04c61e98f, constellationTypeModuleacb6430f82a84a448078aaa04c61e98f; constellationWidgetUrlacb6430f82a84a448078aaa04c61e98f = 'https:\/\/reservation.elloha.com\/Widget\/BookingEngine\/acb6430f-82a8-4a44-8078-aaa04c61e98f?idoi=d5c2a244-62cc-453f-8520-32a3935c6e16&culture=en-GB'; constellationTypeModuleacb6430f82a84a448078aaa04c61e98f=1; constellationWidgetLoad('ConstellationWidgetContaineracb6430f-82a8-4a44-8078-aaa04c61e98f'); constellationWidgetAddEvent(window, \"resize\", function () { constellationWidgetSetAppearance('ConstellationWidgetContaineracb6430f-82a8-4a44-8078-aaa04c61e98f'); });<\/script>\n\n\n\n<p class=\"has-ast-global-color-1-color has-text-color has-link-color wp-elements-d07de950a0923edac04681a78722e5ff\">For <strong>Museum Pass<\/strong> holders, use the promo code &#8220;<strong><mark style=\"background-color:rgba(0, 0, 0, 0)\" class=\"has-inline-color has-ast-global-color-5-color\">MUSEUMPASS<\/mark><\/strong>&#8220;. To discover our promotional codes and to know how to use them, please consult this document<a href=\"https:\/\/www.dropbox.com\/s\/3hrxnibwo7ce23n\/Codes%20promo%20individuels.docx?dl=0\" target=\"_blank\" rel=\"noreferrer noopener\"> this document <\/a> <\/p>\n<\/div>\n<\/div>\n\n\n<\/div>\n","protected":false},"excerpt":{"rendered":"<p>Visit the museum (guided tour or audioguide) and discover our medicinal herb garden (audioguide). The museum is open : from Tuesday to Friday, from 9 am to 6 pm (last entrance at 4.45pm) \/ Saturday, Sunday and Public Holidays, from 9.30 am to 6.30 pm (last entrance at 5.15 pm). Closed on Mondays (except Public [&hellip;]<\/p>\n","protected":false},"author":1,"featured_media":9892,"parent":10242,"menu_order":0,"comment_status":"closed","ping_status":"closed","template":"","meta":{"site-sidebar-layout":"default","site-content-layout":"","ast-site-content-layout":"default","site-content-style":"default","site-sidebar-style":"default","ast-global-header-display":"","ast-banner-title-visibility":"","ast-main-header-display":"","ast-hfb-above-header-display":"","ast-hfb-below-header-display":"","ast-hfb-mobile-header-display":"","site-post-title":"","ast-breadcrumbs-content":"","ast-featured-img":"","footer-sml-layout":"","theme-transparent-header-meta":"","adv-header-id-meta":"","stick-header-meta":"","header-above-stick-meta":"","header-main-stick-meta":"","header-below-stick-meta":"","astra-migrate-meta-layouts":"set","ast-page-background-enabled":"default","ast-page-background-meta":{"desktop":{"background-color":"var(--ast-global-color-4)","background-image":"","background-repeat":"repeat","background-position":"center center","background-size":"auto","background-attachment":"scroll","background-type":"","background-media":"","overlay-type":"","overlay-color":"","overlay-gradient":""},"tablet":{"background-color":"","background-image":"","background-repeat":"repeat","background-position":"center center","background-size":"auto","background-attachment":"scroll","background-type":"","background-media":"","overlay-type":"","overlay-color":"","overlay-gradient":""},"mobile":{"background-color":"","background-image":"","background-repeat":"repeat","background-position":"center center","background-size":"auto","background-attachment":"scroll","background-type":"","background-media":"","overlay-type":"","overlay-color":"","overlay-gradient":""}},"ast-content-background-meta":{"desktop":{"background-color":"var(--ast-global-color-5)","background-image":"","background-repeat":"repeat","background-position":"center center","background-size":"auto","background-attachment":"scroll","background-type":"","background-media":"","overlay-type":"","overlay-color":"","overlay-gradient":""},"tablet":{"background-color":"var(--ast-global-color-5)","background-image":"","background-repeat":"repeat","background-position":"center center","background-size":"auto","background-attachment":"scroll","background-type":"","background-media":"","overlay-type":"","overlay-color":"","overlay-gradient":""},"mobile":{"background-color":"var(--ast-global-color-5)","background-image":"","background-repeat":"repeat","background-position":"center center","background-size":"auto","background-attachment":"scroll","background-type":"","background-media":"","overlay-type":"","overlay-color":"","overlay-gradient":""}},"_price":"","_stock":"","_tribe_ticket_header":"","_tribe_default_ticket_provider":"","_tribe_ticket_capacity":"0","_ticket_start_date":"","_ticket_end_date":"","_tribe_ticket_show_description":"","_tribe_ticket_show_not_going":false,"_tribe_ticket_use_global_stock":"","_tribe_ticket_global_stock_level":"","_global_stock_mode":"","_global_stock_cap":"","_tribe_rsvp_for_event":"","_tribe_ticket_going_count":"","_tribe_ticket_not_going_count":"","_tribe_tickets_list":"[]","_tribe_ticket_has_attendee_info_fields":false,"footnotes":""},"class_list":["post-10263","page","type-page","status-publish","has-post-thumbnail","hentry"],"yoast_head":"<!-- This site is optimized with the Yoast SEO plugin v27.5 - https:\/\/yoast.com\/product\/yoast-seo-wordpress\/ -->\n<title>Individual visitors - H\u00f4pital Notre-Dame \u00e0 la Rose - Lessines<\/title>\n<meta name=\"robots\" content=\"index, follow, max-snippet:-1, max-image-preview:large, max-video-preview:-1\" \/>\n<link rel=\"canonical\" href=\"https:\/\/www.notredamealarose.be\/en\/visit\/individual-visitors\/\" \/>\n<meta property=\"og:locale\" content=\"en_US\" \/>\n<meta property=\"og:type\" content=\"article\" \/>\n<meta property=\"og:title\" content=\"Individual visitors - H\u00f4pital Notre-Dame \u00e0 la Rose - Lessines\" \/>\n<meta property=\"og:description\" content=\"Visit the museum (guided tour or audioguide) and discover our medicinal herb garden (audioguide). The museum is open : from Tuesday to Friday, from 9 am to 6 pm (last entrance at 4.45pm) \/ Saturday, Sunday and Public Holidays, from 9.30 am to 6.30 pm (last entrance at 5.15 pm). Closed on Mondays (except Public [&hellip;]\" \/>\n<meta property=\"og:url\" content=\"https:\/\/www.notredamealarose.be\/en\/visit\/individual-visitors\/\" \/>\n<meta property=\"og:site_name\" content=\"H\u00f4pital Notre-Dame \u00e0 la Rose - Lessines\" \/>\n<meta property=\"article:modified_time\" content=\"2025-07-10T07:02:44+00:00\" \/>\n<meta property=\"og:image\" content=\"https:\/\/www.notredamealarose.be\/2022\/wp-content\/uploads\/2022\/12\/DSC_0403-2.jpg\" \/>\n\t<meta property=\"og:image:width\" content=\"567\" \/>\n\t<meta property=\"og:image:height\" content=\"378\" \/>\n\t<meta property=\"og:image:type\" content=\"image\/jpeg\" \/>\n<meta name=\"twitter:card\" content=\"summary_large_image\" \/>\n<script type=\"application\/ld+json\" class=\"yoast-schema-graph\">{\"@context\":\"https:\\\/\\\/schema.org\",\"@graph\":[{\"@type\":\"WebPage\",\"@id\":\"https:\\\/\\\/www.notredamealarose.be\\\/en\\\/visit\\\/individual-visitors\\\/\",\"url\":\"https:\\\/\\\/www.notredamealarose.be\\\/en\\\/visit\\\/individual-visitors\\\/\",\"name\":\"Individual visitors - H\u00f4pital Notre-Dame \u00e0 la Rose - Lessines\",\"isPartOf\":{\"@id\":\"https:\\\/\\\/www.notredamealarose.be\\\/#website\"},\"primaryImageOfPage\":{\"@id\":\"https:\\\/\\\/www.notredamealarose.be\\\/en\\\/visit\\\/individual-visitors\\\/#primaryimage\"},\"image\":{\"@id\":\"https:\\\/\\\/www.notredamealarose.be\\\/en\\\/visit\\\/individual-visitors\\\/#primaryimage\"},\"thumbnailUrl\":\"https:\\\/\\\/www.notredamealarose.be\\\/2022\\\/wp-content\\\/uploads\\\/2022\\\/12\\\/DSC_0403-2.jpg\",\"datePublished\":\"2022-09-15T19:08:49+00:00\",\"dateModified\":\"2025-07-10T07:02:44+00:00\",\"breadcrumb\":{\"@id\":\"https:\\\/\\\/www.notredamealarose.be\\\/en\\\/visit\\\/individual-visitors\\\/#breadcrumb\"},\"inLanguage\":\"en-US\",\"potentialAction\":[{\"@type\":\"ReadAction\",\"target\":[\"https:\\\/\\\/www.notredamealarose.be\\\/en\\\/visit\\\/individual-visitors\\\/\"]}]},{\"@type\":\"ImageObject\",\"inLanguage\":\"en-US\",\"@id\":\"https:\\\/\\\/www.notredamealarose.be\\\/en\\\/visit\\\/individual-visitors\\\/#primaryimage\",\"url\":\"https:\\\/\\\/www.notredamealarose.be\\\/2022\\\/wp-content\\\/uploads\\\/2022\\\/12\\\/DSC_0403-2.jpg\",\"contentUrl\":\"https:\\\/\\\/www.notredamealarose.be\\\/2022\\\/wp-content\\\/uploads\\\/2022\\\/12\\\/DSC_0403-2.jpg\",\"width\":567,\"height\":378},{\"@type\":\"BreadcrumbList\",\"@id\":\"https:\\\/\\\/www.notredamealarose.be\\\/en\\\/visit\\\/individual-visitors\\\/#breadcrumb\",\"itemListElement\":[{\"@type\":\"ListItem\",\"position\":1,\"name\":\"Accueil\",\"item\":\"https:\\\/\\\/www.notredamealarose.be\\\/en\\\/\"},{\"@type\":\"ListItem\",\"position\":2,\"name\":\"Visit\",\"item\":\"https:\\\/\\\/www.notredamealarose.be\\\/en\\\/visit\\\/\"},{\"@type\":\"ListItem\",\"position\":3,\"name\":\"Individual visitors\"}]},{\"@type\":\"WebSite\",\"@id\":\"https:\\\/\\\/www.notredamealarose.be\\\/#website\",\"url\":\"https:\\\/\\\/www.notredamealarose.be\\\/\",\"name\":\"H\u00f4pital Notre-Dame \u00e0 la Rose - Lessines\",\"description\":\"Un mus\u00e9e magique et hors du temps !\",\"publisher\":{\"@id\":\"https:\\\/\\\/www.notredamealarose.be\\\/#organization\"},\"potentialAction\":[{\"@type\":\"SearchAction\",\"target\":{\"@type\":\"EntryPoint\",\"urlTemplate\":\"https:\\\/\\\/www.notredamealarose.be\\\/?s={search_term_string}\"},\"query-input\":{\"@type\":\"PropertyValueSpecification\",\"valueRequired\":true,\"valueName\":\"search_term_string\"}}],\"inLanguage\":\"en-US\"},{\"@type\":\"Organization\",\"@id\":\"https:\\\/\\\/www.notredamealarose.be\\\/#organization\",\"name\":\"H\u00f4pital Notre-Dame \u00e0 la Rose - Lessines\",\"url\":\"https:\\\/\\\/www.notredamealarose.be\\\/\",\"logo\":{\"@type\":\"ImageObject\",\"inLanguage\":\"en-US\",\"@id\":\"https:\\\/\\\/www.notredamealarose.be\\\/#\\\/schema\\\/logo\\\/image\\\/\",\"url\":\"https:\\\/\\\/www.notredamealarose.be\\\/2022\\\/wp-content\\\/uploads\\\/2023\\\/12\\\/HNDR-logo-monochrome-neg.png\",\"contentUrl\":\"https:\\\/\\\/www.notredamealarose.be\\\/2022\\\/wp-content\\\/uploads\\\/2023\\\/12\\\/HNDR-logo-monochrome-neg.png\",\"width\":1998,\"height\":1239,\"caption\":\"H\u00f4pital Notre-Dame \u00e0 la Rose - Lessines\"},\"image\":{\"@id\":\"https:\\\/\\\/www.notredamealarose.be\\\/#\\\/schema\\\/logo\\\/image\\\/\"}}]}<\/script>\n<!-- \/ Yoast SEO plugin. -->","yoast_head_json":{"title":"Individual visitors - H\u00f4pital Notre-Dame \u00e0 la Rose - Lessines","robots":{"index":"index","follow":"follow","max-snippet":"max-snippet:-1","max-image-preview":"max-image-preview:large","max-video-preview":"max-video-preview:-1"},"canonical":"https:\/\/www.notredamealarose.be\/en\/visit\/individual-visitors\/","og_locale":"en_US","og_type":"article","og_title":"Individual visitors - H\u00f4pital Notre-Dame \u00e0 la Rose - Lessines","og_description":"Visit the museum (guided tour or audioguide) and discover our medicinal herb garden (audioguide). The museum is open : from Tuesday to Friday, from 9 am to 6 pm (last entrance at 4.45pm) \/ Saturday, Sunday and Public Holidays, from 9.30 am to 6.30 pm (last entrance at 5.15 pm). Closed on Mondays (except Public [&hellip;]","og_url":"https:\/\/www.notredamealarose.be\/en\/visit\/individual-visitors\/","og_site_name":"H\u00f4pital Notre-Dame \u00e0 la Rose - Lessines","article_modified_time":"2025-07-10T07:02:44+00:00","og_image":[{"width":567,"height":378,"url":"https:\/\/www.notredamealarose.be\/2022\/wp-content\/uploads\/2022\/12\/DSC_0403-2.jpg","type":"image\/jpeg"}],"twitter_card":"summary_large_image","schema":{"@context":"https:\/\/schema.org","@graph":[{"@type":"WebPage","@id":"https:\/\/www.notredamealarose.be\/en\/visit\/individual-visitors\/","url":"https:\/\/www.notredamealarose.be\/en\/visit\/individual-visitors\/","name":"Individual visitors - H\u00f4pital Notre-Dame \u00e0 la Rose - Lessines","isPartOf":{"@id":"https:\/\/www.notredamealarose.be\/#website"},"primaryImageOfPage":{"@id":"https:\/\/www.notredamealarose.be\/en\/visit\/individual-visitors\/#primaryimage"},"image":{"@id":"https:\/\/www.notredamealarose.be\/en\/visit\/individual-visitors\/#primaryimage"},"thumbnailUrl":"https:\/\/www.notredamealarose.be\/2022\/wp-content\/uploads\/2022\/12\/DSC_0403-2.jpg","datePublished":"2022-09-15T19:08:49+00:00","dateModified":"2025-07-10T07:02:44+00:00","breadcrumb":{"@id":"https:\/\/www.notredamealarose.be\/en\/visit\/individual-visitors\/#breadcrumb"},"inLanguage":"en-US","potentialAction":[{"@type":"ReadAction","target":["https:\/\/www.notredamealarose.be\/en\/visit\/individual-visitors\/"]}]},{"@type":"ImageObject","inLanguage":"en-US","@id":"https:\/\/www.notredamealarose.be\/en\/visit\/individual-visitors\/#primaryimage","url":"https:\/\/www.notredamealarose.be\/2022\/wp-content\/uploads\/2022\/12\/DSC_0403-2.jpg","contentUrl":"https:\/\/www.notredamealarose.be\/2022\/wp-content\/uploads\/2022\/12\/DSC_0403-2.jpg","width":567,"height":378},{"@type":"BreadcrumbList","@id":"https:\/\/www.notredamealarose.be\/en\/visit\/individual-visitors\/#breadcrumb","itemListElement":[{"@type":"ListItem","position":1,"name":"Accueil","item":"https:\/\/www.notredamealarose.be\/en\/"},{"@type":"ListItem","position":2,"name":"Visit","item":"https:\/\/www.notredamealarose.be\/en\/visit\/"},{"@type":"ListItem","position":3,"name":"Individual visitors"}]},{"@type":"WebSite","@id":"https:\/\/www.notredamealarose.be\/#website","url":"https:\/\/www.notredamealarose.be\/","name":"H\u00f4pital Notre-Dame \u00e0 la Rose - Lessines","description":"Un mus\u00e9e magique et hors du temps !","publisher":{"@id":"https:\/\/www.notredamealarose.be\/#organization"},"potentialAction":[{"@type":"SearchAction","target":{"@type":"EntryPoint","urlTemplate":"https:\/\/www.notredamealarose.be\/?s={search_term_string}"},"query-input":{"@type":"PropertyValueSpecification","valueRequired":true,"valueName":"search_term_string"}}],"inLanguage":"en-US"},{"@type":"Organization","@id":"https:\/\/www.notredamealarose.be\/#organization","name":"H\u00f4pital Notre-Dame \u00e0 la Rose - Lessines","url":"https:\/\/www.notredamealarose.be\/","logo":{"@type":"ImageObject","inLanguage":"en-US","@id":"https:\/\/www.notredamealarose.be\/#\/schema\/logo\/image\/","url":"https:\/\/www.notredamealarose.be\/2022\/wp-content\/uploads\/2023\/12\/HNDR-logo-monochrome-neg.png","contentUrl":"https:\/\/www.notredamealarose.be\/2022\/wp-content\/uploads\/2023\/12\/HNDR-logo-monochrome-neg.png","width":1998,"height":1239,"caption":"H\u00f4pital Notre-Dame \u00e0 la Rose - Lessines"},"image":{"@id":"https:\/\/www.notredamealarose.be\/#\/schema\/logo\/image\/"}}]}},"jetpack_sharing_enabled":true,"_links":{"self":[{"href":"https:\/\/www.notredamealarose.be\/en\/wp-json\/wp\/v2\/pages\/10263","targetHints":{"allow":["GET"]}}],"collection":[{"href":"https:\/\/www.notredamealarose.be\/en\/wp-json\/wp\/v2\/pages"}],"about":[{"href":"https:\/\/www.notredamealarose.be\/en\/wp-json\/wp\/v2\/types\/page"}],"author":[{"embeddable":true,"href":"https:\/\/www.notredamealarose.be\/en\/wp-json\/wp\/v2\/users\/1"}],"replies":[{"embeddable":true,"href":"https:\/\/www.notredamealarose.be\/en\/wp-json\/wp\/v2\/comments?post=10263"}],"version-history":[{"count":6,"href":"https:\/\/www.notredamealarose.be\/en\/wp-json\/wp\/v2\/pages\/10263\/revisions"}],"predecessor-version":[{"id":13300,"href":"https:\/\/www.notredamealarose.be\/en\/wp-json\/wp\/v2\/pages\/10263\/revisions\/13300"}],"up":[{"embeddable":true,"href":"https:\/\/www.notredamealarose.be\/en\/wp-json\/wp\/v2\/pages\/10242"}],"wp:featuredmedia":[{"embeddable":true,"href":"https:\/\/www.notredamealarose.be\/en\/wp-json\/wp\/v2\/media\/9892"}],"wp:attachment":[{"href":"https:\/\/www.notredamealarose.be\/en\/wp-json\/wp\/v2\/media?parent=10263"}],"curies":[{"name":"wp","href":"https:\/\/api.w.org\/{rel}","templated":true}]}}