{"id":13773,"date":"2022-09-14T21:11:42","date_gmt":"2022-09-14T19:11:42","guid":{"rendered":"https:\/\/www.notredamealarose.be\/visit\/group-visit\/"},"modified":"2025-12-17T10:44:01","modified_gmt":"2025-12-17T09:44:01","slug":"group-visit","status":"publish","type":"page","link":"https:\/\/www.notredamealarose.be\/en\/visit\/group-visit\/","title":{"rendered":"Group visit"},"content":{"rendered":"\n<div class=\"wp-block-columns is-layout-flex wp-container-core-columns-is-layout-28f84493 wp-block-columns-is-layout-flex\">\n<div class=\"wp-block-column is-layout-flow wp-block-column-is-layout-flow\" style=\"flex-basis:75%\">\n<p>Passion is contagious\u2026 Our guides will share their stories, knowledge and emotions with you with the utmost pleasure. For each of our visitors moments are inserted, to exchange ideas or to ask questions. This applies to all types of guided tours organized by the museum team. Groups are welcome from Tuesday to Sunday, with reservation only.<\/p>\n\n\n\n<p>Groups are welcomed from Tuesday to Sunday, all year round, after booking.<\/p>\n\n\n\n<p>MuseumPasses are unfortunately not accepted for group visits. They can only be used for individual visits. <\/p>\n\n\n\n<div class=\"wp-block-buttons is-layout-flex wp-block-buttons-is-layout-flex\">\n<div class=\"wp-block-button\"><a class=\"wp-block-button__link wp-element-button\" href=\"https:\/\/drive.google.com\/open?id=1aSt5rxz8f-JtWR0rHAfJH6maa616W4_s\" target=\"_blank\" rel=\"noreferrer noopener\">Discover our Group Programs<\/a><\/div>\n<\/div>\n<\/div>\n\n\n\n<div class=\"wp-block-column is-layout-flow wp-block-column-is-layout-flow\" style=\"flex-basis:25%\">\n<figure class=\"wp-block-image size-full\"><img loading=\"lazy\" decoding=\"async\" width=\"794\" height=\"1123\" src=\"https:\/\/www.notredamealarose.be\/2022\/wp-content\/uploads\/2024\/08\/HNDR_FOLDER_GROUPE_001.jpg\" alt=\"\" class=\"wp-image-12188\" srcset=\"https:\/\/www.notredamealarose.be\/2022\/wp-content\/uploads\/2024\/08\/HNDR_FOLDER_GROUPE_001.jpg 794w, https:\/\/www.notredamealarose.be\/2022\/wp-content\/uploads\/2024\/08\/HNDR_FOLDER_GROUPE_001-212x300.jpg 212w, https:\/\/www.notredamealarose.be\/2022\/wp-content\/uploads\/2024\/08\/HNDR_FOLDER_GROUPE_001-724x1024.jpg 724w, https:\/\/www.notredamealarose.be\/2022\/wp-content\/uploads\/2024\/08\/HNDR_FOLDER_GROUPE_001-768x1086.jpg 768w\" sizes=\"auto, (max-width: 794px) 100vw, 794px\" \/><\/figure><\/div>\n<\/div>\n\n<h2 class=\"wp-block-heading positif\">Discovery visit (2h)<\/h2>\n\n<p>First discovery of the museum ( 2h). An absolute minimum. We recommend one guide for a maximum of 25 people.<\/p>\n\n<ul class=\"wp-block-list\">\n<li>8 \u20ac\/ person<\/li>\n\n\n\n<li>\u20ac65 per guide and per visit (one guide for a maximum of 25 people)<\/li>\n<\/ul>\n\n<p>A welcome coffee in the morning or an afternoon snack at the end of the afternoon are always possible by reservation.<\/p>\n\n<h2 class=\"wp-block-heading positif\">The &#8220;in-depth&#8221; guided tour (3h)<\/h2>\n\n<p>To deepen your visit or to develop specific themes: architecture, artistic collections, scientific collections \u2026 Ideal formula for an exciting half-day ( 2h30 to 3h00)<\/p>\n\n<ul class=\"wp-block-list\">\n<li>9 \u20ac\/person<\/li>\n\n\n\n<li>\u20ac95 per guide and per visit (one guide for a maximum of 25 people)<\/li>\n<\/ul>\n\n<p>A welcome coffee in the morning or an afternoon snack at the end of the afternoon are always possible by reservation.<\/p>\n\n<h2 class=\"wp-block-heading positif\">Hospital discovery day (4h)<\/h2>\n\n<p>To take the time to learn all about the Notre Dame \u00e0 la Rose Hospital, its collections, its architecture and the history of hospitals, health care and social assistance in Belgium from the Middle Ages to today. Caf\u00e9 d\u2019accueil, repas ou go\u00fbter en option.<\/p>\n\n<ul class=\"wp-block-list\">\n<li>11,00 \u20ac per person<\/li>\n\n\n\n<li>\u20ac130.00 per guide (one guide for up to 25 people)<\/li>\n<\/ul>\n\n<h2 class=\"wp-block-heading positif\">The day in Lessines (4h)<\/h2>\n\n<p>The porphyry quarries, the rich heritage of the villages of the entity, the historic center of the city and the Hospital Notre-Dame \u00e0 la Rose. Welcome coffee, meal or snack optional.<\/p>\n\n<ul class=\"wp-block-list\">\n<li>11,00 \u20ac per personne <\/li>\n\n\n\n<li>\u20ac130.00 per guide (one guide for a maximum of 25 people)<\/li>\n\n\n\n<li>\u20ac65 additional guide for the museum visit<\/li>\n<\/ul>\n\n<h2 class=\"wp-block-heading positif\">Infos &amp; booking<\/h2>\n\n<p>To get in touch with us for a group visit, please choose one of these options.<\/p>\n\n<div class=\"wp-block-buttons is-layout-flex wp-block-buttons-is-layout-flex\">\n<div class=\"wp-block-button\"><a class=\"wp-block-button__link wp-element-button\">Through our contact form<\/a><\/div>\n\n\n\n<div class=\"wp-block-button\"><a class=\"wp-block-button__link wp-element-button\" href=\"mailto:info@notredamealarose.be\">By mail<\/a><\/div>\n\n\n\n<div class=\"wp-block-button\"><a class=\"wp-block-button__link wp-element-button\" href=\"tel:+3268332403\">By phone<\/a><\/div>\n<\/div>\n\n<p><\/p>\n","protected":false},"excerpt":{"rendered":"<p>Passion is contagious\u2026 Our guides will share their stories, knowledge and emotions with you with the utmost pleasure. For each of our visitors moments are inserted, to exchange ideas or to ask questions. This applies to all types of guided tours organized by the museum team. Groups are welcome from Tuesday to Sunday, with reservation [&hellip;]<\/p>\n","protected":false},"author":1,"featured_media":9915,"parent":10242,"menu_order":0,"comment_status":"closed","ping_status":"closed","template":"","meta":{"site-sidebar-layout":"default","site-content-layout":"","ast-site-content-layout":"default","site-content-style":"default","site-sidebar-style":"default","ast-global-header-display":"","ast-banner-title-visibility":"","ast-main-header-display":"","ast-hfb-above-header-display":"","ast-hfb-below-header-display":"","ast-hfb-mobile-header-display":"","site-post-title":"","ast-breadcrumbs-content":"","ast-featured-img":"","footer-sml-layout":"","theme-transparent-header-meta":"","adv-header-id-meta":"","stick-header-meta":"","header-above-stick-meta":"","header-main-stick-meta":"","header-below-stick-meta":"","astra-migrate-meta-layouts":"set","ast-page-background-enabled":"default","ast-page-background-meta":{"desktop":{"background-color":"var(--ast-global-color-4)","background-image":"","background-repeat":"repeat","background-position":"center center","background-size":"auto","background-attachment":"scroll","background-type":"","background-media":"","overlay-type":"","overlay-color":"","overlay-gradient":""},"tablet":{"background-color":"","background-image":"","background-repeat":"repeat","background-position":"center center","background-size":"auto","background-attachment":"scroll","background-type":"","background-media":"","overlay-type":"","overlay-color":"","overlay-gradient":""},"mobile":{"background-color":"","background-image":"","background-repeat":"repeat","background-position":"center center","background-size":"auto","background-attachment":"scroll","background-type":"","background-media":"","overlay-type":"","overlay-color":"","overlay-gradient":""}},"ast-content-background-meta":{"desktop":{"background-color":"var(--ast-global-color-5)","background-image":"","background-repeat":"repeat","background-position":"center center","background-size":"auto","background-attachment":"scroll","background-type":"","background-media":"","overlay-type":"","overlay-color":"","overlay-gradient":""},"tablet":{"background-color":"var(--ast-global-color-5)","background-image":"","background-repeat":"repeat","background-position":"center center","background-size":"auto","background-attachment":"scroll","background-type":"","background-media":"","overlay-type":"","overlay-color":"","overlay-gradient":""},"mobile":{"background-color":"var(--ast-global-color-5)","background-image":"","background-repeat":"repeat","background-position":"center center","background-size":"auto","background-attachment":"scroll","background-type":"","background-media":"","overlay-type":"","overlay-color":"","overlay-gradient":""}},"_price":"","_stock":"","_tribe_ticket_header":"","_tribe_default_ticket_provider":"","_tribe_ticket_capacity":"","_ticket_start_date":"","_ticket_end_date":"","_tribe_ticket_show_description":"","_tribe_ticket_show_not_going":false,"_tribe_ticket_use_global_stock":"","_tribe_ticket_global_stock_level":"","_global_stock_mode":"","_global_stock_cap":"","_tribe_rsvp_for_event":"","_tribe_ticket_going_count":"","_tribe_ticket_not_going_count":"","_tribe_tickets_list":"[]","_tribe_ticket_has_attendee_info_fields":false,"footnotes":""},"class_list":["post-13773","page","type-page","status-publish","has-post-thumbnail","hentry"],"yoast_head":"<!-- This site is optimized with the Yoast SEO plugin v27.5 - https:\/\/yoast.com\/product\/yoast-seo-wordpress\/ -->\n<title>Group visit - H\u00f4pital Notre-Dame \u00e0 la Rose - Lessines<\/title>\n<meta name=\"robots\" content=\"index, follow, max-snippet:-1, max-image-preview:large, max-video-preview:-1\" \/>\n<link rel=\"canonical\" href=\"https:\/\/www.notredamealarose.be\/en\/visit\/group-visit\/\" \/>\n<meta property=\"og:locale\" content=\"en_US\" \/>\n<meta property=\"og:type\" content=\"article\" \/>\n<meta property=\"og:title\" content=\"Group visit - H\u00f4pital Notre-Dame \u00e0 la Rose - Lessines\" \/>\n<meta property=\"og:description\" content=\"Passion is contagious\u2026 Our guides will share their stories, knowledge and emotions with you with the utmost pleasure. For each of our visitors moments are inserted, to exchange ideas or to ask questions. This applies to all types of guided tours organized by the museum team. Groups are welcome from Tuesday to Sunday, with reservation [&hellip;]\" \/>\n<meta property=\"og:url\" content=\"https:\/\/www.notredamealarose.be\/en\/visit\/group-visit\/\" \/>\n<meta property=\"og:site_name\" content=\"H\u00f4pital Notre-Dame \u00e0 la Rose - Lessines\" \/>\n<meta property=\"article:modified_time\" content=\"2025-12-17T09:44:01+00:00\" \/>\n<meta property=\"og:image\" content=\"https:\/\/www.notredamealarose.be\/2022\/wp-content\/uploads\/2022\/12\/NOTRE-DAME-A-LA-ROSE-12-1000x667-1.jpg\" \/>\n\t<meta property=\"og:image:width\" content=\"1000\" \/>\n\t<meta property=\"og:image:height\" content=\"667\" \/>\n\t<meta property=\"og:image:type\" content=\"image\/jpeg\" \/>\n<meta name=\"twitter:card\" content=\"summary_large_image\" \/>\n<script type=\"application\/ld+json\" class=\"yoast-schema-graph\">{\"@context\":\"https:\\\/\\\/schema.org\",\"@graph\":[{\"@type\":\"WebPage\",\"@id\":\"https:\\\/\\\/www.notredamealarose.be\\\/en\\\/visit\\\/group-visit\\\/\",\"url\":\"https:\\\/\\\/www.notredamealarose.be\\\/en\\\/visit\\\/group-visit\\\/\",\"name\":\"Group visit - H\u00f4pital Notre-Dame \u00e0 la Rose - Lessines\",\"isPartOf\":{\"@id\":\"https:\\\/\\\/www.notredamealarose.be\\\/#website\"},\"primaryImageOfPage\":{\"@id\":\"https:\\\/\\\/www.notredamealarose.be\\\/en\\\/visit\\\/group-visit\\\/#primaryimage\"},\"image\":{\"@id\":\"https:\\\/\\\/www.notredamealarose.be\\\/en\\\/visit\\\/group-visit\\\/#primaryimage\"},\"thumbnailUrl\":\"https:\\\/\\\/www.notredamealarose.be\\\/2022\\\/wp-content\\\/uploads\\\/2022\\\/12\\\/NOTRE-DAME-A-LA-ROSE-12-1000x667-1.jpg\",\"datePublished\":\"2022-09-14T19:11:42+00:00\",\"dateModified\":\"2025-12-17T09:44:01+00:00\",\"breadcrumb\":{\"@id\":\"https:\\\/\\\/www.notredamealarose.be\\\/en\\\/visit\\\/group-visit\\\/#breadcrumb\"},\"inLanguage\":\"en-US\",\"potentialAction\":[{\"@type\":\"ReadAction\",\"target\":[\"https:\\\/\\\/www.notredamealarose.be\\\/en\\\/visit\\\/group-visit\\\/\"]}]},{\"@type\":\"ImageObject\",\"inLanguage\":\"en-US\",\"@id\":\"https:\\\/\\\/www.notredamealarose.be\\\/en\\\/visit\\\/group-visit\\\/#primaryimage\",\"url\":\"https:\\\/\\\/www.notredamealarose.be\\\/2022\\\/wp-content\\\/uploads\\\/2022\\\/12\\\/NOTRE-DAME-A-LA-ROSE-12-1000x667-1.jpg\",\"contentUrl\":\"https:\\\/\\\/www.notredamealarose.be\\\/2022\\\/wp-content\\\/uploads\\\/2022\\\/12\\\/NOTRE-DAME-A-LA-ROSE-12-1000x667-1.jpg\",\"width\":1000,\"height\":667},{\"@type\":\"BreadcrumbList\",\"@id\":\"https:\\\/\\\/www.notredamealarose.be\\\/en\\\/visit\\\/group-visit\\\/#breadcrumb\",\"itemListElement\":[{\"@type\":\"ListItem\",\"position\":1,\"name\":\"Accueil\",\"item\":\"https:\\\/\\\/www.notredamealarose.be\\\/en\\\/\"},{\"@type\":\"ListItem\",\"position\":2,\"name\":\"Visit\",\"item\":\"https:\\\/\\\/www.notredamealarose.be\\\/en\\\/visit\\\/\"},{\"@type\":\"ListItem\",\"position\":3,\"name\":\"Group visit\"}]},{\"@type\":\"WebSite\",\"@id\":\"https:\\\/\\\/www.notredamealarose.be\\\/#website\",\"url\":\"https:\\\/\\\/www.notredamealarose.be\\\/\",\"name\":\"H\u00f4pital Notre-Dame \u00e0 la Rose - Lessines\",\"description\":\"Un mus\u00e9e magique et hors du temps !\",\"publisher\":{\"@id\":\"https:\\\/\\\/www.notredamealarose.be\\\/#organization\"},\"potentialAction\":[{\"@type\":\"SearchAction\",\"target\":{\"@type\":\"EntryPoint\",\"urlTemplate\":\"https:\\\/\\\/www.notredamealarose.be\\\/?s={search_term_string}\"},\"query-input\":{\"@type\":\"PropertyValueSpecification\",\"valueRequired\":true,\"valueName\":\"search_term_string\"}}],\"inLanguage\":\"en-US\"},{\"@type\":\"Organization\",\"@id\":\"https:\\\/\\\/www.notredamealarose.be\\\/#organization\",\"name\":\"H\u00f4pital Notre-Dame \u00e0 la Rose - Lessines\",\"url\":\"https:\\\/\\\/www.notredamealarose.be\\\/\",\"logo\":{\"@type\":\"ImageObject\",\"inLanguage\":\"en-US\",\"@id\":\"https:\\\/\\\/www.notredamealarose.be\\\/#\\\/schema\\\/logo\\\/image\\\/\",\"url\":\"https:\\\/\\\/www.notredamealarose.be\\\/2022\\\/wp-content\\\/uploads\\\/2023\\\/12\\\/HNDR-logo-monochrome-neg.png\",\"contentUrl\":\"https:\\\/\\\/www.notredamealarose.be\\\/2022\\\/wp-content\\\/uploads\\\/2023\\\/12\\\/HNDR-logo-monochrome-neg.png\",\"width\":1998,\"height\":1239,\"caption\":\"H\u00f4pital Notre-Dame \u00e0 la Rose - Lessines\"},\"image\":{\"@id\":\"https:\\\/\\\/www.notredamealarose.be\\\/#\\\/schema\\\/logo\\\/image\\\/\"}}]}<\/script>\n<!-- \/ Yoast SEO plugin. -->","yoast_head_json":{"title":"Group visit - H\u00f4pital Notre-Dame \u00e0 la Rose - Lessines","robots":{"index":"index","follow":"follow","max-snippet":"max-snippet:-1","max-image-preview":"max-image-preview:large","max-video-preview":"max-video-preview:-1"},"canonical":"https:\/\/www.notredamealarose.be\/en\/visit\/group-visit\/","og_locale":"en_US","og_type":"article","og_title":"Group visit - H\u00f4pital Notre-Dame \u00e0 la Rose - Lessines","og_description":"Passion is contagious\u2026 Our guides will share their stories, knowledge and emotions with you with the utmost pleasure. For each of our visitors moments are inserted, to exchange ideas or to ask questions. This applies to all types of guided tours organized by the museum team. Groups are welcome from Tuesday to Sunday, with reservation [&hellip;]","og_url":"https:\/\/www.notredamealarose.be\/en\/visit\/group-visit\/","og_site_name":"H\u00f4pital Notre-Dame \u00e0 la Rose - Lessines","article_modified_time":"2025-12-17T09:44:01+00:00","og_image":[{"width":1000,"height":667,"url":"https:\/\/www.notredamealarose.be\/2022\/wp-content\/uploads\/2022\/12\/NOTRE-DAME-A-LA-ROSE-12-1000x667-1.jpg","type":"image\/jpeg"}],"twitter_card":"summary_large_image","schema":{"@context":"https:\/\/schema.org","@graph":[{"@type":"WebPage","@id":"https:\/\/www.notredamealarose.be\/en\/visit\/group-visit\/","url":"https:\/\/www.notredamealarose.be\/en\/visit\/group-visit\/","name":"Group visit - H\u00f4pital Notre-Dame \u00e0 la Rose - Lessines","isPartOf":{"@id":"https:\/\/www.notredamealarose.be\/#website"},"primaryImageOfPage":{"@id":"https:\/\/www.notredamealarose.be\/en\/visit\/group-visit\/#primaryimage"},"image":{"@id":"https:\/\/www.notredamealarose.be\/en\/visit\/group-visit\/#primaryimage"},"thumbnailUrl":"https:\/\/www.notredamealarose.be\/2022\/wp-content\/uploads\/2022\/12\/NOTRE-DAME-A-LA-ROSE-12-1000x667-1.jpg","datePublished":"2022-09-14T19:11:42+00:00","dateModified":"2025-12-17T09:44:01+00:00","breadcrumb":{"@id":"https:\/\/www.notredamealarose.be\/en\/visit\/group-visit\/#breadcrumb"},"inLanguage":"en-US","potentialAction":[{"@type":"ReadAction","target":["https:\/\/www.notredamealarose.be\/en\/visit\/group-visit\/"]}]},{"@type":"ImageObject","inLanguage":"en-US","@id":"https:\/\/www.notredamealarose.be\/en\/visit\/group-visit\/#primaryimage","url":"https:\/\/www.notredamealarose.be\/2022\/wp-content\/uploads\/2022\/12\/NOTRE-DAME-A-LA-ROSE-12-1000x667-1.jpg","contentUrl":"https:\/\/www.notredamealarose.be\/2022\/wp-content\/uploads\/2022\/12\/NOTRE-DAME-A-LA-ROSE-12-1000x667-1.jpg","width":1000,"height":667},{"@type":"BreadcrumbList","@id":"https:\/\/www.notredamealarose.be\/en\/visit\/group-visit\/#breadcrumb","itemListElement":[{"@type":"ListItem","position":1,"name":"Accueil","item":"https:\/\/www.notredamealarose.be\/en\/"},{"@type":"ListItem","position":2,"name":"Visit","item":"https:\/\/www.notredamealarose.be\/en\/visit\/"},{"@type":"ListItem","position":3,"name":"Group visit"}]},{"@type":"WebSite","@id":"https:\/\/www.notredamealarose.be\/#website","url":"https:\/\/www.notredamealarose.be\/","name":"H\u00f4pital Notre-Dame \u00e0 la Rose - Lessines","description":"Un mus\u00e9e magique et hors du temps !","publisher":{"@id":"https:\/\/www.notredamealarose.be\/#organization"},"potentialAction":[{"@type":"SearchAction","target":{"@type":"EntryPoint","urlTemplate":"https:\/\/www.notredamealarose.be\/?s={search_term_string}"},"query-input":{"@type":"PropertyValueSpecification","valueRequired":true,"valueName":"search_term_string"}}],"inLanguage":"en-US"},{"@type":"Organization","@id":"https:\/\/www.notredamealarose.be\/#organization","name":"H\u00f4pital Notre-Dame \u00e0 la Rose - Lessines","url":"https:\/\/www.notredamealarose.be\/","logo":{"@type":"ImageObject","inLanguage":"en-US","@id":"https:\/\/www.notredamealarose.be\/#\/schema\/logo\/image\/","url":"https:\/\/www.notredamealarose.be\/2022\/wp-content\/uploads\/2023\/12\/HNDR-logo-monochrome-neg.png","contentUrl":"https:\/\/www.notredamealarose.be\/2022\/wp-content\/uploads\/2023\/12\/HNDR-logo-monochrome-neg.png","width":1998,"height":1239,"caption":"H\u00f4pital Notre-Dame \u00e0 la Rose - Lessines"},"image":{"@id":"https:\/\/www.notredamealarose.be\/#\/schema\/logo\/image\/"}}]}},"jetpack_sharing_enabled":true,"_links":{"self":[{"href":"https:\/\/www.notredamealarose.be\/en\/wp-json\/wp\/v2\/pages\/13773","targetHints":{"allow":["GET"]}}],"collection":[{"href":"https:\/\/www.notredamealarose.be\/en\/wp-json\/wp\/v2\/pages"}],"about":[{"href":"https:\/\/www.notredamealarose.be\/en\/wp-json\/wp\/v2\/types\/page"}],"author":[{"embeddable":true,"href":"https:\/\/www.notredamealarose.be\/en\/wp-json\/wp\/v2\/users\/1"}],"replies":[{"embeddable":true,"href":"https:\/\/www.notredamealarose.be\/en\/wp-json\/wp\/v2\/comments?post=13773"}],"version-history":[{"count":2,"href":"https:\/\/www.notredamealarose.be\/en\/wp-json\/wp\/v2\/pages\/13773\/revisions"}],"predecessor-version":[{"id":13826,"href":"https:\/\/www.notredamealarose.be\/en\/wp-json\/wp\/v2\/pages\/13773\/revisions\/13826"}],"up":[{"embeddable":true,"href":"https:\/\/www.notredamealarose.be\/en\/wp-json\/wp\/v2\/pages\/10242"}],"wp:featuredmedia":[{"embeddable":true,"href":"https:\/\/www.notredamealarose.be\/en\/wp-json\/wp\/v2\/media\/9915"}],"wp:attachment":[{"href":"https:\/\/www.notredamealarose.be\/en\/wp-json\/wp\/v2\/media?parent=13773"}],"curies":[{"name":"wp","href":"https:\/\/api.w.org\/{rel}","templated":true}]}}