{"id":10182,"date":"2022-12-01T21:23:32","date_gmt":"2022-12-01T20:23:32","guid":{"rendered":"https:\/\/www.notredamealarose.be\/2022\/ontdekken\/het-museum\/geneeskunde-en-farmacie\/"},"modified":"2023-05-09T16:24:22","modified_gmt":"2023-05-09T14:24:22","slug":"geneeskunde-en-farmacie","status":"publish","type":"page","link":"https:\/\/www.notredamealarose.be\/nl\/ontdekken\/het-museum\/geneeskunde-en-farmacie\/","title":{"rendered":"Geneeskunde en farmacie"},"content":{"rendered":"\n<div class=\"wp-block-columns is-layout-flex wp-container-core-columns-is-layout-28f84493 wp-block-columns-is-layout-flex\">\n<div class=\"wp-block-column is-layout-flow wp-block-column-is-layout-flow\" style=\"flex-basis:66.66%\">\n<p>Het Hospitaal herbergt een heel mooie verzameling medische en farmaceutische objecten, deels uit eigen collectie maar ook aanwinsten van de laatste jaren.<\/p>\n\n\n\n<p>Au d\u00e9part, l\u2019H\u00f4pital est une institution caritative, comme l\u2019indique l\u2019origine \u00e9tymologique de son nom (hospitalit\u00e9). Aanvankelijk is het Hospitaal een caritatieve instelling zoals de etymologische oorsprong van zijn naam aanduidt (hospitalit\u00e9 = gastvrijheid). Men brengt er de werken van barmhartigheid in de praktijk. Voor de zusters die in het begin in deze instelling gevestigd zijn en bij het ziekbed van de arme zieken zitten, primeren de zorgen voor de ziel boven die voor het lichaam. De vermedicalisering, de toename van de medische voorzieningen in de hospitalen en de la\u00efcisering van hun personeel gebeuren maar geleidelijk.<\/p>\n<\/div>\n\n\n\n<div class=\"wp-block-column is-layout-flow wp-block-column-is-layout-flow\" style=\"flex-basis:33.33%\">\n<figure class=\"wp-block-image size-full\"><img loading=\"lazy\" decoding=\"async\" width=\"492\" height=\"369\" src=\"https:\/\/www.notredamealarose.be\/2022\/wp-content\/uploads\/2022\/12\/clystere.jpg\" alt=\"H&#xF4;pital Notre-Dame &#xE0; la Rose boek geneeskunde\" class=\"wp-image-9699\" srcset=\"https:\/\/www.notredamealarose.be\/2022\/wp-content\/uploads\/2022\/12\/clystere.jpg 492w, https:\/\/www.notredamealarose.be\/2022\/wp-content\/uploads\/2022\/12\/clystere-300x225.jpg 300w\" sizes=\"auto, (max-width: 492px) 100vw, 492px\" \/><\/figure><\/div>\n<\/div>\n\n<h2 class=\"positif wp-block-heading\">De humorale geneeskunde<\/h2>\n\n<div class=\"wp-block-columns is-layout-flex wp-container-core-columns-is-layout-28f84493 wp-block-columns-is-layout-flex\">\n<div class=\"wp-block-column is-layout-flow wp-block-column-is-layout-flow\" style=\"flex-basis:33.33%\">\n<figure class=\"wp-block-image size-full\"><img loading=\"lazy\" decoding=\"async\" width=\"1000\" height=\"643\" src=\"https:\/\/www.notredamealarose.be\/2022\/wp-content\/uploads\/2022\/12\/Compo-saignee-1000x643-1.jpg\" alt=\"H&#xF4;pital Notre-Dame &#xE0; la Rose collectie humorenleer\" class=\"wp-image-9704\" srcset=\"https:\/\/www.notredamealarose.be\/2022\/wp-content\/uploads\/2022\/12\/Compo-saignee-1000x643-1.jpg 1000w, https:\/\/www.notredamealarose.be\/2022\/wp-content\/uploads\/2022\/12\/Compo-saignee-1000x643-1-300x193.jpg 300w, https:\/\/www.notredamealarose.be\/2022\/wp-content\/uploads\/2022\/12\/Compo-saignee-1000x643-1-768x494.jpg 768w\" sizes=\"auto, (max-width: 1000px) 100vw, 1000px\" \/><\/figure><\/div>\n\n\n\n<div class=\"wp-block-column is-layout-flow wp-block-column-is-layout-flow\" style=\"flex-basis:66.66%\">\n<p>Deze collecties verschaffen ons een precies beeld van de behandelingen en de verzorging van de zieken in de loop der eeuwen. Zeker tot eind 18e eeuw interpreteerden de dokters het voorkomen en de evolutie van de ziekten op basis van de fameuze \u201chumorentheorie\u201d. Volgens deze theorie uit de Oudheid stromen door het lichaam verschillende vochten (humores): gele gal, zwarte gal (zwartgalligheid, melancholie), bloed en slijm, die door verschillende organen worden geproduceerd, nl. de lever, milt, hart en de hersenen. Bij ieder mens domineert \u00e9\u00e9n vocht dat zijn temperament bepaalt: opvliegend, flegmatisch, piekeraar, zwartgallig (melancholisch). Bovendien stemt elk vocht overeen met bepaalde eigenschappen (warm, koud, droog en vochtig). Ziekten ontstaan door een onevenwicht tussen deze vochten, die elkaar bederven en het lichaam ziek maken. Om het lichaam weer gezond te maken, moet het fragiele evenwicht tussen de \u201chumores\u201d worden hersteld. De tussenkomst van de dokter blijft beperkt tot de diagnose en de keuze van de therapie.<\/p>\n<\/div>\n<\/div>\n\n<div class=\"wp-block-cover alignfull is-light has-parallax\" style=\"min-height:400px;aspect-ratio:unset;\"><span aria-hidden=\"true\" class=\"wp-block-cover__background has-background-dim-0 has-background-dim\"><\/span><div role=\"img\" class=\"wp-block-cover__image-background wp-image-9701 has-parallax\" style=\"background-position:50% 50%;background-image:url(https:\/\/www.notredamealarose.be\/2022\/wp-content\/uploads\/2022\/12\/VaubanHNDR0314-005.jpg)\"><\/div><div class=\"wp-block-cover__inner-container is-layout-flow wp-block-cover-is-layout-flow\">\n<p class=\"has-text-align-center has-large-font-size\"><\/p>\n<\/div><\/div>\n\n<h2 class=\"positif wp-block-heading\">De chirurgische collecties<\/h2>\n\n<div class=\"wp-block-columns is-layout-flex wp-container-core-columns-is-layout-28f84493 wp-block-columns-is-layout-flex\">\n<div class=\"wp-block-column is-layout-flow wp-block-column-is-layout-flow\" style=\"flex-basis:66.66%\">\n<p>Met verschillende therapie\u00ebn zoals de aderlating, de toediening van braakmiddelen en lavementen kon het lichaam worden gezuiverd en de bedorven lichaamssappen worden ge\u00eblimineerd. Aderlatingen worden uitgevoerd door chirurgijnen, lavementen door apothekers. Het is de taak van deze laatsten, op voorschrift van de dokter, het adequaatste purgeermiddel samen te stellen.<\/p>\n\n\n\n<p>Lange tijd werd de chirurgie met een scheef oog bekeken, ondergewaardeerd en overgelaten aan barbier-chirurgijnen. Ambroise Par\u00e9 (1510-1590) was \u00e9\u00e9n der eersten die de chirurgie haar adelbrieven heeft bezorgd. Het museum van het Hospitaal bezit een merkwaardige collectie instrumententassen die de evolutie van de operatietechnieken perfect illustreren.<\/p>\n<\/div>\n\n\n\n<div class=\"wp-block-column is-layout-flow wp-block-column-is-layout-flow\" style=\"flex-basis:33.33%\">\n<figure class=\"wp-block-image size-full\"><img loading=\"lazy\" decoding=\"async\" width=\"1000\" height=\"668\" src=\"https:\/\/www.notredamealarose.be\/2022\/wp-content\/uploads\/2022\/12\/chirurgie.jpg\" alt=\"H&#xF4;pital Notre-Dame &#xE0; la Rose chirurgische objecten \" class=\"wp-image-9702\" srcset=\"https:\/\/www.notredamealarose.be\/2022\/wp-content\/uploads\/2022\/12\/chirurgie.jpg 1000w, https:\/\/www.notredamealarose.be\/2022\/wp-content\/uploads\/2022\/12\/chirurgie-300x200.jpg 300w, https:\/\/www.notredamealarose.be\/2022\/wp-content\/uploads\/2022\/12\/chirurgie-768x513.jpg 768w\" sizes=\"auto, (max-width: 1000px) 100vw, 1000px\" \/><\/figure><\/div>\n<\/div>\n\n<h2 class=\"positif wp-block-heading\">De farmaceutische collecties<\/h2>\n\n<div class=\"wp-block-columns is-layout-flex wp-container-core-columns-is-layout-28f84493 wp-block-columns-is-layout-flex\">\n<div class=\"wp-block-column is-layout-flow wp-block-column-is-layout-flow\" style=\"flex-basis:33.33%\">\n<figure class=\"wp-block-image size-full\"><img loading=\"lazy\" decoding=\"async\" width=\"1000\" height=\"665\" src=\"https:\/\/www.notredamealarose.be\/2022\/wp-content\/uploads\/2022\/12\/detail-theriaque-1000x665-2.jpg\" alt=\"H&#xF4;pital Notre-Dame &#xE0; la Rose farmaceutische collectie\" class=\"wp-image-9703\" srcset=\"https:\/\/www.notredamealarose.be\/2022\/wp-content\/uploads\/2022\/12\/detail-theriaque-1000x665-2.jpg 1000w, https:\/\/www.notredamealarose.be\/2022\/wp-content\/uploads\/2022\/12\/detail-theriaque-1000x665-2-300x200.jpg 300w, https:\/\/www.notredamealarose.be\/2022\/wp-content\/uploads\/2022\/12\/detail-theriaque-1000x665-2-768x511.jpg 768w\" sizes=\"auto, (max-width: 1000px) 100vw, 1000px\" \/><\/figure><\/div>\n\n\n\n<div class=\"wp-block-column is-layout-flow wp-block-column-is-layout-flow\" style=\"flex-basis:66.66%\">\n<p>Wat de apotheek van het Hospitaal betreft, die dateert uit de 19e eeuw. Het is mogelijk, dat de zusters reeds in de 18e eeuw over een apotheek beschikten, toen de scheikunde een spectaculaire vooruitgang zou boeken. Voordien werd het merendeel van de remedies natuurlijk in de keuken bereid volgens het gezegde van Hippocrates: \u201cJe voeding moet je eerste, je belangrijkste medicament zijn.\u201d<\/p>\n\n\n\n<p>De Hospitaalapotheek is gelukkig goed bewaard gebleven, zowel de kasten (19e eeuw) als de inboedel. Potten, flacons en andere vijzels en stampers (18e, 19e eeuw) versieren nu nog de zaal. Het is meer dan waarschijnlijk dat de apotheek van het ziekenhuis erg lang actief was, tot de jaren 1940.<\/p>\n\n\n\n<p>In de nieuwe scenografie hebben de farmaceutische collecties een plaats van keuze gevonden, niet minder dan 3 kamers zijn aan deze wetenschap gewijd.<\/p>\n<\/div>\n<\/div>\n\n<div class=\"wp-block-cover alignfull is-light has-parallax\" style=\"min-height:400px;aspect-ratio:unset;\"><span aria-hidden=\"true\" class=\"wp-block-cover__background has-background-dim-0 has-background-dim\"><\/span><div role=\"img\" class=\"wp-block-cover__image-background wp-image-9705 has-parallax\" style=\"background-position:50% 50%;background-image:url(https:\/\/www.notredamealarose.be\/2022\/wp-content\/uploads\/2022\/12\/pharmacie.jpg)\"><\/div><div class=\"wp-block-cover__inner-container is-layout-flow wp-block-cover-is-layout-flow\">\n<p class=\"has-text-align-center has-large-font-size\"><\/p>\n<\/div><\/div>\n","protected":false},"excerpt":{"rendered":"<p>Het Hospitaal herbergt een heel mooie verzameling medische en farmaceutische objecten, deels uit eigen collectie maar ook aanwinsten van de laatste jaren. Au d\u00e9part, l\u2019H\u00f4pital est une institution caritative, comme l\u2019indique l\u2019origine \u00e9tymologique de son nom (hospitalit\u00e9). Aanvankelijk is het Hospitaal een caritatieve instelling zoals de etymologische oorsprong van zijn naam aanduidt (hospitalit\u00e9 = gastvrijheid). [&hellip;]<\/p>\n","protected":false},"author":1,"featured_media":9783,"parent":10158,"menu_order":0,"comment_status":"closed","ping_status":"closed","template":"","meta":{"site-sidebar-layout":"default","site-content-layout":"","ast-site-content-layout":"","site-content-style":"default","site-sidebar-style":"default","ast-global-header-display":"","ast-banner-title-visibility":"","ast-main-header-display":"","ast-hfb-above-header-display":"","ast-hfb-below-header-display":"","ast-hfb-mobile-header-display":"","site-post-title":"","ast-breadcrumbs-content":"","ast-featured-img":"disabled","footer-sml-layout":"","theme-transparent-header-meta":"","adv-header-id-meta":"","stick-header-meta":"","header-above-stick-meta":"","header-main-stick-meta":"","header-below-stick-meta":"","astra-migrate-meta-layouts":"default","ast-page-background-enabled":"default","ast-page-background-meta":{"desktop":{"background-color":"var(--ast-global-color-4)","background-image":"","background-repeat":"repeat","background-position":"center center","background-size":"auto","background-attachment":"scroll","background-type":"","background-media":"","overlay-type":"","overlay-color":"","overlay-gradient":""},"tablet":{"background-color":"","background-image":"","background-repeat":"repeat","background-position":"center center","background-size":"auto","background-attachment":"scroll","background-type":"","background-media":"","overlay-type":"","overlay-color":"","overlay-gradient":""},"mobile":{"background-color":"","background-image":"","background-repeat":"repeat","background-position":"center center","background-size":"auto","background-attachment":"scroll","background-type":"","background-media":"","overlay-type":"","overlay-color":"","overlay-gradient":""}},"ast-content-background-meta":{"desktop":{"background-color":"var(--ast-global-color-5)","background-image":"","background-repeat":"repeat","background-position":"center center","background-size":"auto","background-attachment":"scroll","background-type":"","background-media":"","overlay-type":"","overlay-color":"","overlay-gradient":""},"tablet":{"background-color":"var(--ast-global-color-5)","background-image":"","background-repeat":"repeat","background-position":"center center","background-size":"auto","background-attachment":"scroll","background-type":"","background-media":"","overlay-type":"","overlay-color":"","overlay-gradient":""},"mobile":{"background-color":"var(--ast-global-color-5)","background-image":"","background-repeat":"repeat","background-position":"center center","background-size":"auto","background-attachment":"scroll","background-type":"","background-media":"","overlay-type":"","overlay-color":"","overlay-gradient":""}},"_price":"","_stock":"","_tribe_ticket_header":"","_tribe_default_ticket_provider":"","_tribe_ticket_capacity":"0","_ticket_start_date":"","_ticket_end_date":"","_tribe_ticket_show_description":"","_tribe_ticket_show_not_going":false,"_tribe_ticket_use_global_stock":"","_tribe_ticket_global_stock_level":"","_global_stock_mode":"","_global_stock_cap":"","_tribe_rsvp_for_event":"","_tribe_ticket_going_count":"","_tribe_ticket_not_going_count":"","_tribe_tickets_list":"[]","_tribe_ticket_has_attendee_info_fields":false,"footnotes":""},"class_list":["post-10182","page","type-page","status-publish","has-post-thumbnail","hentry"],"yoast_head":"<!-- This site is optimized with the Yoast SEO plugin v27.5 - https:\/\/yoast.com\/product\/yoast-seo-wordpress\/ -->\n<title>Geneeskunde en farmacie - H\u00f4pital Notre-Dame \u00e0 la Rose - Lessines<\/title>\n<meta name=\"description\" content=\"Het Hospitaalmuseum Notre-Dame \u00e0 la Rose in Lessines herbergt een prachtige collectie medische en farmaceutische objecten.\" \/>\n<meta name=\"robots\" content=\"index, follow, max-snippet:-1, max-image-preview:large, max-video-preview:-1\" \/>\n<link rel=\"canonical\" href=\"https:\/\/www.notredamealarose.be\/decouvrir\/le-musee\/medecine-et-pharmacie\/\" \/>\n<meta property=\"og:locale\" content=\"nl_NL\" \/>\n<meta property=\"og:type\" content=\"article\" \/>\n<meta property=\"og:title\" content=\"Geneeskunde en farmacie - H\u00f4pital Notre-Dame \u00e0 la Rose - Lessines\" \/>\n<meta property=\"og:description\" content=\"Het Hospitaalmuseum Notre-Dame \u00e0 la Rose in Lessines herbergt een prachtige collectie medische en farmaceutische objecten.\" \/>\n<meta property=\"og:url\" content=\"https:\/\/www.notredamealarose.be\/decouvrir\/le-musee\/medecine-et-pharmacie\/\" \/>\n<meta property=\"og:site_name\" content=\"H\u00f4pital Notre-Dame \u00e0 la Rose - Lessines\" \/>\n<meta property=\"article:modified_time\" content=\"2023-05-09T14:24:22+00:00\" \/>\n<meta property=\"og:image\" content=\"https:\/\/www.notredamealarose.be\/2022\/wp-content\/uploads\/2022\/12\/chirurgie.jpg\" \/>\n\t<meta property=\"og:image:width\" content=\"1000\" \/>\n\t<meta property=\"og:image:height\" content=\"668\" \/>\n\t<meta property=\"og:image:type\" content=\"image\/jpeg\" \/>\n<meta name=\"twitter:card\" content=\"summary_large_image\" \/>\n<script type=\"application\/ld+json\" class=\"yoast-schema-graph\">{\"@context\":\"https:\\\/\\\/schema.org\",\"@graph\":[{\"@type\":\"WebPage\",\"@id\":\"https:\\\/\\\/www.notredamealarose.be\\\/decouvrir\\\/le-musee\\\/medecine-et-pharmacie\\\/\",\"url\":\"https:\\\/\\\/www.notredamealarose.be\\\/decouvrir\\\/le-musee\\\/medecine-et-pharmacie\\\/\",\"name\":\"Geneeskunde en farmacie - H\u00f4pital Notre-Dame \u00e0 la Rose - Lessines\",\"isPartOf\":{\"@id\":\"https:\\\/\\\/www.notredamealarose.be\\\/#website\"},\"primaryImageOfPage\":{\"@id\":\"https:\\\/\\\/www.notredamealarose.be\\\/decouvrir\\\/le-musee\\\/medecine-et-pharmacie\\\/#primaryimage\"},\"image\":{\"@id\":\"https:\\\/\\\/www.notredamealarose.be\\\/decouvrir\\\/le-musee\\\/medecine-et-pharmacie\\\/#primaryimage\"},\"thumbnailUrl\":\"https:\\\/\\\/www.notredamealarose.be\\\/2022\\\/wp-content\\\/uploads\\\/2022\\\/12\\\/chirurgie.jpg\",\"datePublished\":\"2022-12-01T20:23:32+00:00\",\"dateModified\":\"2023-05-09T14:24:22+00:00\",\"description\":\"Het Hospitaalmuseum Notre-Dame \u00e0 la Rose in Lessines herbergt een prachtige collectie medische en farmaceutische objecten.\",\"breadcrumb\":{\"@id\":\"https:\\\/\\\/www.notredamealarose.be\\\/decouvrir\\\/le-musee\\\/medecine-et-pharmacie\\\/#breadcrumb\"},\"inLanguage\":\"nl-NL\",\"potentialAction\":[{\"@type\":\"ReadAction\",\"target\":[\"https:\\\/\\\/www.notredamealarose.be\\\/decouvrir\\\/le-musee\\\/medecine-et-pharmacie\\\/\"]}]},{\"@type\":\"ImageObject\",\"inLanguage\":\"nl-NL\",\"@id\":\"https:\\\/\\\/www.notredamealarose.be\\\/decouvrir\\\/le-musee\\\/medecine-et-pharmacie\\\/#primaryimage\",\"url\":\"https:\\\/\\\/www.notredamealarose.be\\\/2022\\\/wp-content\\\/uploads\\\/2022\\\/12\\\/chirurgie.jpg\",\"contentUrl\":\"https:\\\/\\\/www.notredamealarose.be\\\/2022\\\/wp-content\\\/uploads\\\/2022\\\/12\\\/chirurgie.jpg\",\"width\":1000,\"height\":668},{\"@type\":\"BreadcrumbList\",\"@id\":\"https:\\\/\\\/www.notredamealarose.be\\\/decouvrir\\\/le-musee\\\/medecine-et-pharmacie\\\/#breadcrumb\",\"itemListElement\":[{\"@type\":\"ListItem\",\"position\":1,\"name\":\"Accueil\",\"item\":\"https:\\\/\\\/www.notredamealarose.be\\\/nl\\\/\"},{\"@type\":\"ListItem\",\"position\":2,\"name\":\"Ontdekken\",\"item\":\"https:\\\/\\\/www.notredamealarose.be\\\/nl\\\/ontdekken\\\/\"},{\"@type\":\"ListItem\",\"position\":3,\"name\":\"Het museum\",\"item\":\"https:\\\/\\\/www.notredamealarose.be\\\/decouvrir\\\/le-musee\\\/\"},{\"@type\":\"ListItem\",\"position\":4,\"name\":\"Geneeskunde en farmacie\"}]},{\"@type\":\"WebSite\",\"@id\":\"https:\\\/\\\/www.notredamealarose.be\\\/#website\",\"url\":\"https:\\\/\\\/www.notredamealarose.be\\\/\",\"name\":\"H\u00f4pital Notre-Dame \u00e0 la Rose - Lessines\",\"description\":\"Un mus\u00e9e magique et hors du temps !\",\"publisher\":{\"@id\":\"https:\\\/\\\/www.notredamealarose.be\\\/#organization\"},\"potentialAction\":[{\"@type\":\"SearchAction\",\"target\":{\"@type\":\"EntryPoint\",\"urlTemplate\":\"https:\\\/\\\/www.notredamealarose.be\\\/?s={search_term_string}\"},\"query-input\":{\"@type\":\"PropertyValueSpecification\",\"valueRequired\":true,\"valueName\":\"search_term_string\"}}],\"inLanguage\":\"nl-NL\"},{\"@type\":\"Organization\",\"@id\":\"https:\\\/\\\/www.notredamealarose.be\\\/#organization\",\"name\":\"H\u00f4pital Notre-Dame \u00e0 la Rose - Lessines\",\"url\":\"https:\\\/\\\/www.notredamealarose.be\\\/\",\"logo\":{\"@type\":\"ImageObject\",\"inLanguage\":\"nl-NL\",\"@id\":\"https:\\\/\\\/www.notredamealarose.be\\\/#\\\/schema\\\/logo\\\/image\\\/\",\"url\":\"https:\\\/\\\/www.notredamealarose.be\\\/2022\\\/wp-content\\\/uploads\\\/2023\\\/12\\\/HNDR-logo-monochrome-neg.png\",\"contentUrl\":\"https:\\\/\\\/www.notredamealarose.be\\\/2022\\\/wp-content\\\/uploads\\\/2023\\\/12\\\/HNDR-logo-monochrome-neg.png\",\"width\":1998,\"height\":1239,\"caption\":\"H\u00f4pital Notre-Dame \u00e0 la Rose - Lessines\"},\"image\":{\"@id\":\"https:\\\/\\\/www.notredamealarose.be\\\/#\\\/schema\\\/logo\\\/image\\\/\"}}]}<\/script>\n<!-- \/ Yoast SEO plugin. -->","yoast_head_json":{"title":"Geneeskunde en farmacie - H\u00f4pital Notre-Dame \u00e0 la Rose - Lessines","description":"Het Hospitaalmuseum Notre-Dame \u00e0 la Rose in Lessines herbergt een prachtige collectie medische en farmaceutische objecten.","robots":{"index":"index","follow":"follow","max-snippet":"max-snippet:-1","max-image-preview":"max-image-preview:large","max-video-preview":"max-video-preview:-1"},"canonical":"https:\/\/www.notredamealarose.be\/decouvrir\/le-musee\/medecine-et-pharmacie\/","og_locale":"nl_NL","og_type":"article","og_title":"Geneeskunde en farmacie - H\u00f4pital Notre-Dame \u00e0 la Rose - Lessines","og_description":"Het Hospitaalmuseum Notre-Dame \u00e0 la Rose in Lessines herbergt een prachtige collectie medische en farmaceutische objecten.","og_url":"https:\/\/www.notredamealarose.be\/decouvrir\/le-musee\/medecine-et-pharmacie\/","og_site_name":"H\u00f4pital Notre-Dame \u00e0 la Rose - Lessines","article_modified_time":"2023-05-09T14:24:22+00:00","og_image":[{"width":1000,"height":668,"url":"https:\/\/www.notredamealarose.be\/2022\/wp-content\/uploads\/2022\/12\/chirurgie.jpg","type":"image\/jpeg"}],"twitter_card":"summary_large_image","schema":{"@context":"https:\/\/schema.org","@graph":[{"@type":"WebPage","@id":"https:\/\/www.notredamealarose.be\/decouvrir\/le-musee\/medecine-et-pharmacie\/","url":"https:\/\/www.notredamealarose.be\/decouvrir\/le-musee\/medecine-et-pharmacie\/","name":"Geneeskunde en farmacie - H\u00f4pital Notre-Dame \u00e0 la Rose - Lessines","isPartOf":{"@id":"https:\/\/www.notredamealarose.be\/#website"},"primaryImageOfPage":{"@id":"https:\/\/www.notredamealarose.be\/decouvrir\/le-musee\/medecine-et-pharmacie\/#primaryimage"},"image":{"@id":"https:\/\/www.notredamealarose.be\/decouvrir\/le-musee\/medecine-et-pharmacie\/#primaryimage"},"thumbnailUrl":"https:\/\/www.notredamealarose.be\/2022\/wp-content\/uploads\/2022\/12\/chirurgie.jpg","datePublished":"2022-12-01T20:23:32+00:00","dateModified":"2023-05-09T14:24:22+00:00","description":"Het Hospitaalmuseum Notre-Dame \u00e0 la Rose in Lessines herbergt een prachtige collectie medische en farmaceutische objecten.","breadcrumb":{"@id":"https:\/\/www.notredamealarose.be\/decouvrir\/le-musee\/medecine-et-pharmacie\/#breadcrumb"},"inLanguage":"nl-NL","potentialAction":[{"@type":"ReadAction","target":["https:\/\/www.notredamealarose.be\/decouvrir\/le-musee\/medecine-et-pharmacie\/"]}]},{"@type":"ImageObject","inLanguage":"nl-NL","@id":"https:\/\/www.notredamealarose.be\/decouvrir\/le-musee\/medecine-et-pharmacie\/#primaryimage","url":"https:\/\/www.notredamealarose.be\/2022\/wp-content\/uploads\/2022\/12\/chirurgie.jpg","contentUrl":"https:\/\/www.notredamealarose.be\/2022\/wp-content\/uploads\/2022\/12\/chirurgie.jpg","width":1000,"height":668},{"@type":"BreadcrumbList","@id":"https:\/\/www.notredamealarose.be\/decouvrir\/le-musee\/medecine-et-pharmacie\/#breadcrumb","itemListElement":[{"@type":"ListItem","position":1,"name":"Accueil","item":"https:\/\/www.notredamealarose.be\/nl\/"},{"@type":"ListItem","position":2,"name":"Ontdekken","item":"https:\/\/www.notredamealarose.be\/nl\/ontdekken\/"},{"@type":"ListItem","position":3,"name":"Het museum","item":"https:\/\/www.notredamealarose.be\/decouvrir\/le-musee\/"},{"@type":"ListItem","position":4,"name":"Geneeskunde en farmacie"}]},{"@type":"WebSite","@id":"https:\/\/www.notredamealarose.be\/#website","url":"https:\/\/www.notredamealarose.be\/","name":"H\u00f4pital Notre-Dame \u00e0 la Rose - Lessines","description":"Un mus\u00e9e magique et hors du temps !","publisher":{"@id":"https:\/\/www.notredamealarose.be\/#organization"},"potentialAction":[{"@type":"SearchAction","target":{"@type":"EntryPoint","urlTemplate":"https:\/\/www.notredamealarose.be\/?s={search_term_string}"},"query-input":{"@type":"PropertyValueSpecification","valueRequired":true,"valueName":"search_term_string"}}],"inLanguage":"nl-NL"},{"@type":"Organization","@id":"https:\/\/www.notredamealarose.be\/#organization","name":"H\u00f4pital Notre-Dame \u00e0 la Rose - Lessines","url":"https:\/\/www.notredamealarose.be\/","logo":{"@type":"ImageObject","inLanguage":"nl-NL","@id":"https:\/\/www.notredamealarose.be\/#\/schema\/logo\/image\/","url":"https:\/\/www.notredamealarose.be\/2022\/wp-content\/uploads\/2023\/12\/HNDR-logo-monochrome-neg.png","contentUrl":"https:\/\/www.notredamealarose.be\/2022\/wp-content\/uploads\/2023\/12\/HNDR-logo-monochrome-neg.png","width":1998,"height":1239,"caption":"H\u00f4pital Notre-Dame \u00e0 la Rose - Lessines"},"image":{"@id":"https:\/\/www.notredamealarose.be\/#\/schema\/logo\/image\/"}}]}},"jetpack_sharing_enabled":true,"_links":{"self":[{"href":"https:\/\/www.notredamealarose.be\/nl\/wp-json\/wp\/v2\/pages\/10182","targetHints":{"allow":["GET"]}}],"collection":[{"href":"https:\/\/www.notredamealarose.be\/nl\/wp-json\/wp\/v2\/pages"}],"about":[{"href":"https:\/\/www.notredamealarose.be\/nl\/wp-json\/wp\/v2\/types\/page"}],"author":[{"embeddable":true,"href":"https:\/\/www.notredamealarose.be\/nl\/wp-json\/wp\/v2\/users\/1"}],"replies":[{"embeddable":true,"href":"https:\/\/www.notredamealarose.be\/nl\/wp-json\/wp\/v2\/comments?post=10182"}],"version-history":[{"count":3,"href":"https:\/\/www.notredamealarose.be\/nl\/wp-json\/wp\/v2\/pages\/10182\/revisions"}],"predecessor-version":[{"id":10693,"href":"https:\/\/www.notredamealarose.be\/nl\/wp-json\/wp\/v2\/pages\/10182\/revisions\/10693"}],"up":[{"embeddable":true,"href":"https:\/\/www.notredamealarose.be\/nl\/wp-json\/wp\/v2\/pages\/10158"}],"wp:featuredmedia":[{"embeddable":true,"href":"https:\/\/www.notredamealarose.be\/nl\/wp-json\/wp\/v2\/media\/9783"}],"wp:attachment":[{"href":"https:\/\/www.notredamealarose.be\/nl\/wp-json\/wp\/v2\/media?parent=10182"}],"curies":[{"name":"wp","href":"https:\/\/api.w.org\/{rel}","templated":true}]}}