{"id":10190,"date":"2022-12-01T21:21:31","date_gmt":"2022-12-01T20:21:31","guid":{"rendered":"https:\/\/www.notredamealarose.be\/2022\/praktische-info\/steun-het-museum\/"},"modified":"2023-05-11T10:57:26","modified_gmt":"2023-05-11T08:57:26","slug":"steun-het-museum","status":"publish","type":"page","link":"https:\/\/www.notredamealarose.be\/nl\/praktische-info\/steun-het-museum\/","title":{"rendered":"Steun het museum"},"content":{"rendered":"\n<p>Vind je het museum leuk en wil je de activiteiten ervan steunen? <\/p>\n\n\n\n<p>Het is nu mogelijk dankzij de mecenaatsrekening van de Koning Boudewijnstichting waarmee u een schenking (fiscaal aftrekbaar vanaf \u20ac 40) kunt doen aan de vzw Office de Tourisme de Lessines.<\/p>\n\n\n\n<p>We zullen uw schenkingen goed benutten want we werken aan een nieuw project, een tuin der geuren, om mensen met zintuiglijke of cognitieve beperkingen beter te verwelkomen. Uiteraard is iedereen welkom die wil genieten van de heerlijke geuren die de natuur ter onze beschikking stelt.<\/p>\n\n\n\n<p>Het zou erom gaan hen een unieke zintuiglijke reis te bieden door een keuze aan geurige planten die zijn opgesteld als in een ommuurde tuin met middeleeuwse inspiratie.<\/p>\n\n\n\n<p>We hebben daarom de keuze gemaakt om onze perken met gevlochten wilgen af te sluiten  en in het centrum een fontein te plaatsen. De planten zullen binnen handbereik (en neusbereik) zijn. We zullen de toegankelijkheid bijzonder verzorgen, zodat ook mensen met beperkte mobiliteit ervan kunnen genieten.<\/p>\n\n\n\n<p>U kunt het bedrag dat u wil storten zelf bepalen maar weet alvast dat:<\/p>\n\n\n\n<p>&#8211; Voor schenkingen van 40\u20ac (BRONS) krijgt u gratis toegang tot het museum gedurende \u00e9\u00e9n jaar*, mits voorstellen van de mail van de KBS, en dit voor \u00e9\u00e9n persoon. Dit is geldig voor de permanente tentoonstelling en niet voor animaties of workshops. Uw schenking is ook fiscaal aftrekbaar vanaf 40\u20ac.<\/p>\n\n\n\n<p>&#8211; Voor schenkingen van 60\u20ac (ZILVER) krijgt u gratis toegang tot het museum gedurende \u00e9\u00e9n jaar*, mits voorstellen van de mail van de KBS, en dit voor twee persoon. Dit is geldig voor de permanente tentoonstelling en niet voor animaties of workshops. <\/p>\n\n\n\n<p>&#8211; Voor schenkingen van 80\u20ac (GOUD) krijgt u gratis toegang tot het museum gedurende \u00e9\u00e9n jaar*, mits voorstellen van de mail van de KBS, en dit voor u en uw gezin (de mensen die onder uw dak wonen). Dit is geldig voor de permanente tentoonstelling en niet voor animaties of workshops. U krijgt ook een geschenk, af te halen in de shop van het museum. <\/p>\n\n\n\n<p>We danken u alvast voor uw bijdrage.<\/p>\n\n\n\n<p>* De datum van de mail van de Koning Boudewijn stichting geldt als aanvangsdatum<\/p>\n\n\n\n<p><a href=\"https:\/\/kbs-frb.be\/nl\/lessines-office-du-tourisme\">DOE EEN GIFT<\/a><\/p>\n\n\n\n<figure class=\"wp-block-image size-full\"><img loading=\"lazy\" decoding=\"async\" width=\"200\" height=\"200\" src=\"https:\/\/www.notredamealarose.be\/2022\/wp-content\/uploads\/2023\/02\/logo-frb.png\" alt=\"\" class=\"wp-image-10328\" srcset=\"https:\/\/www.notredamealarose.be\/2022\/wp-content\/uploads\/2023\/02\/logo-frb.png 200w, https:\/\/www.notredamealarose.be\/2022\/wp-content\/uploads\/2023\/02\/logo-frb-150x150.png 150w\" sizes=\"auto, (max-width: 200px) 100vw, 200px\" \/><\/figure>\n","protected":false},"excerpt":{"rendered":"<p>Vind je het museum leuk en wil je de activiteiten ervan steunen? Het is nu mogelijk dankzij de mecenaatsrekening van de Koning Boudewijnstichting waarmee u een schenking (fiscaal aftrekbaar vanaf \u20ac 40) kunt doen aan de vzw Office de Tourisme de Lessines. We zullen uw schenkingen goed benutten want we werken aan een nieuw project, [&hellip;]<\/p>\n","protected":false},"author":1,"featured_media":0,"parent":10173,"menu_order":0,"comment_status":"closed","ping_status":"closed","template":"","meta":{"site-sidebar-layout":"default","site-content-layout":"","ast-site-content-layout":"","site-content-style":"default","site-sidebar-style":"default","ast-global-header-display":"","ast-banner-title-visibility":"","ast-main-header-display":"","ast-hfb-above-header-display":"","ast-hfb-below-header-display":"","ast-hfb-mobile-header-display":"","site-post-title":"","ast-breadcrumbs-content":"","ast-featured-img":"","footer-sml-layout":"","theme-transparent-header-meta":"","adv-header-id-meta":"","stick-header-meta":"","header-above-stick-meta":"","header-main-stick-meta":"","header-below-stick-meta":"","astra-migrate-meta-layouts":"default","ast-page-background-enabled":"default","ast-page-background-meta":{"desktop":{"background-color":"var(--ast-global-color-4)","background-image":"","background-repeat":"repeat","background-position":"center center","background-size":"auto","background-attachment":"scroll","background-type":"","background-media":"","overlay-type":"","overlay-color":"","overlay-gradient":""},"tablet":{"background-color":"","background-image":"","background-repeat":"repeat","background-position":"center center","background-size":"auto","background-attachment":"scroll","background-type":"","background-media":"","overlay-type":"","overlay-color":"","overlay-gradient":""},"mobile":{"background-color":"","background-image":"","background-repeat":"repeat","background-position":"center center","background-size":"auto","background-attachment":"scroll","background-type":"","background-media":"","overlay-type":"","overlay-color":"","overlay-gradient":""}},"ast-content-background-meta":{"desktop":{"background-color":"var(--ast-global-color-5)","background-image":"","background-repeat":"repeat","background-position":"center center","background-size":"auto","background-attachment":"scroll","background-type":"","background-media":"","overlay-type":"","overlay-color":"","overlay-gradient":""},"tablet":{"background-color":"var(--ast-global-color-5)","background-image":"","background-repeat":"repeat","background-position":"center center","background-size":"auto","background-attachment":"scroll","background-type":"","background-media":"","overlay-type":"","overlay-color":"","overlay-gradient":""},"mobile":{"background-color":"var(--ast-global-color-5)","background-image":"","background-repeat":"repeat","background-position":"center center","background-size":"auto","background-attachment":"scroll","background-type":"","background-media":"","overlay-type":"","overlay-color":"","overlay-gradient":""}},"_price":"","_stock":"","_tribe_ticket_header":"","_tribe_default_ticket_provider":"","_tribe_ticket_capacity":"0","_ticket_start_date":"","_ticket_end_date":"","_tribe_ticket_show_description":"","_tribe_ticket_show_not_going":false,"_tribe_ticket_use_global_stock":"","_tribe_ticket_global_stock_level":"","_global_stock_mode":"","_global_stock_cap":"","_tribe_rsvp_for_event":"","_tribe_ticket_going_count":"","_tribe_ticket_not_going_count":"","_tribe_tickets_list":"[]","_tribe_ticket_has_attendee_info_fields":false,"footnotes":""},"class_list":["post-10190","page","type-page","status-publish","hentry"],"yoast_head":"<!-- This site is optimized with the Yoast SEO plugin v27.4 - https:\/\/yoast.com\/product\/yoast-seo-wordpress\/ -->\n<title>Steun het museum - H\u00f4pital Notre-Dame \u00e0 la Rose - Lessines<\/title>\n<meta name=\"robots\" content=\"index, follow, max-snippet:-1, max-image-preview:large, max-video-preview:-1\" \/>\n<link rel=\"canonical\" href=\"https:\/\/www.notredamealarose.be\/infos-pratiques\/soutenez-le-musee\/\" \/>\n<meta property=\"og:locale\" content=\"nl_NL\" \/>\n<meta property=\"og:type\" content=\"article\" \/>\n<meta property=\"og:title\" content=\"Steun het museum - H\u00f4pital Notre-Dame \u00e0 la Rose - Lessines\" \/>\n<meta property=\"og:description\" content=\"Vind je het museum leuk en wil je de activiteiten ervan steunen? Het is nu mogelijk dankzij de mecenaatsrekening van de Koning Boudewijnstichting waarmee u een schenking (fiscaal aftrekbaar vanaf \u20ac 40) kunt doen aan de vzw Office de Tourisme de Lessines. We zullen uw schenkingen goed benutten want we werken aan een nieuw project, [&hellip;]\" \/>\n<meta property=\"og:url\" content=\"https:\/\/www.notredamealarose.be\/infos-pratiques\/soutenez-le-musee\/\" \/>\n<meta property=\"og:site_name\" content=\"H\u00f4pital Notre-Dame \u00e0 la Rose - Lessines\" \/>\n<meta property=\"article:modified_time\" content=\"2023-05-11T08:57:26+00:00\" \/>\n<meta property=\"og:image\" content=\"https:\/\/www.notredamealarose.be\/2022\/wp-content\/uploads\/2023\/02\/logo-frb.png\" \/>\n<meta name=\"twitter:card\" content=\"summary_large_image\" \/>\n<script type=\"application\/ld+json\" class=\"yoast-schema-graph\">{\"@context\":\"https:\\\/\\\/schema.org\",\"@graph\":[{\"@type\":\"WebPage\",\"@id\":\"https:\\\/\\\/www.notredamealarose.be\\\/infos-pratiques\\\/soutenez-le-musee\\\/\",\"url\":\"https:\\\/\\\/www.notredamealarose.be\\\/infos-pratiques\\\/soutenez-le-musee\\\/\",\"name\":\"Steun het museum - H\u00f4pital Notre-Dame \u00e0 la Rose - Lessines\",\"isPartOf\":{\"@id\":\"https:\\\/\\\/www.notredamealarose.be\\\/#website\"},\"primaryImageOfPage\":{\"@id\":\"https:\\\/\\\/www.notredamealarose.be\\\/infos-pratiques\\\/soutenez-le-musee\\\/#primaryimage\"},\"image\":{\"@id\":\"https:\\\/\\\/www.notredamealarose.be\\\/infos-pratiques\\\/soutenez-le-musee\\\/#primaryimage\"},\"thumbnailUrl\":\"https:\\\/\\\/www.notredamealarose.be\\\/2022\\\/wp-content\\\/uploads\\\/2023\\\/02\\\/logo-frb.png\",\"datePublished\":\"2022-12-01T20:21:31+00:00\",\"dateModified\":\"2023-05-11T08:57:26+00:00\",\"breadcrumb\":{\"@id\":\"https:\\\/\\\/www.notredamealarose.be\\\/infos-pratiques\\\/soutenez-le-musee\\\/#breadcrumb\"},\"inLanguage\":\"nl-NL\",\"potentialAction\":[{\"@type\":\"ReadAction\",\"target\":[\"https:\\\/\\\/www.notredamealarose.be\\\/infos-pratiques\\\/soutenez-le-musee\\\/\"]}]},{\"@type\":\"ImageObject\",\"inLanguage\":\"nl-NL\",\"@id\":\"https:\\\/\\\/www.notredamealarose.be\\\/infos-pratiques\\\/soutenez-le-musee\\\/#primaryimage\",\"url\":\"https:\\\/\\\/www.notredamealarose.be\\\/2022\\\/wp-content\\\/uploads\\\/2023\\\/02\\\/logo-frb.png\",\"contentUrl\":\"https:\\\/\\\/www.notredamealarose.be\\\/2022\\\/wp-content\\\/uploads\\\/2023\\\/02\\\/logo-frb.png\"},{\"@type\":\"BreadcrumbList\",\"@id\":\"https:\\\/\\\/www.notredamealarose.be\\\/infos-pratiques\\\/soutenez-le-musee\\\/#breadcrumb\",\"itemListElement\":[{\"@type\":\"ListItem\",\"position\":1,\"name\":\"Accueil\",\"item\":\"https:\\\/\\\/www.notredamealarose.be\\\/nl\\\/\"},{\"@type\":\"ListItem\",\"position\":2,\"name\":\"Praktische info\",\"item\":\"https:\\\/\\\/www.notredamealarose.be\\\/nl\\\/praktische-info\\\/\"},{\"@type\":\"ListItem\",\"position\":3,\"name\":\"Steun het museum\"}]},{\"@type\":\"WebSite\",\"@id\":\"https:\\\/\\\/www.notredamealarose.be\\\/#website\",\"url\":\"https:\\\/\\\/www.notredamealarose.be\\\/\",\"name\":\"H\u00f4pital Notre-Dame \u00e0 la Rose - Lessines\",\"description\":\"Un mus\u00e9e magique et hors du temps !\",\"publisher\":{\"@id\":\"https:\\\/\\\/www.notredamealarose.be\\\/#organization\"},\"potentialAction\":[{\"@type\":\"SearchAction\",\"target\":{\"@type\":\"EntryPoint\",\"urlTemplate\":\"https:\\\/\\\/www.notredamealarose.be\\\/?s={search_term_string}\"},\"query-input\":{\"@type\":\"PropertyValueSpecification\",\"valueRequired\":true,\"valueName\":\"search_term_string\"}}],\"inLanguage\":\"nl-NL\"},{\"@type\":\"Organization\",\"@id\":\"https:\\\/\\\/www.notredamealarose.be\\\/#organization\",\"name\":\"H\u00f4pital Notre-Dame \u00e0 la Rose - Lessines\",\"url\":\"https:\\\/\\\/www.notredamealarose.be\\\/\",\"logo\":{\"@type\":\"ImageObject\",\"inLanguage\":\"nl-NL\",\"@id\":\"https:\\\/\\\/www.notredamealarose.be\\\/#\\\/schema\\\/logo\\\/image\\\/\",\"url\":\"https:\\\/\\\/www.notredamealarose.be\\\/2022\\\/wp-content\\\/uploads\\\/2023\\\/12\\\/HNDR-logo-monochrome-neg.png\",\"contentUrl\":\"https:\\\/\\\/www.notredamealarose.be\\\/2022\\\/wp-content\\\/uploads\\\/2023\\\/12\\\/HNDR-logo-monochrome-neg.png\",\"width\":1998,\"height\":1239,\"caption\":\"H\u00f4pital Notre-Dame \u00e0 la Rose - Lessines\"},\"image\":{\"@id\":\"https:\\\/\\\/www.notredamealarose.be\\\/#\\\/schema\\\/logo\\\/image\\\/\"}}]}<\/script>\n<!-- \/ Yoast SEO plugin. -->","yoast_head_json":{"title":"Steun het museum - H\u00f4pital Notre-Dame \u00e0 la Rose - Lessines","robots":{"index":"index","follow":"follow","max-snippet":"max-snippet:-1","max-image-preview":"max-image-preview:large","max-video-preview":"max-video-preview:-1"},"canonical":"https:\/\/www.notredamealarose.be\/infos-pratiques\/soutenez-le-musee\/","og_locale":"nl_NL","og_type":"article","og_title":"Steun het museum - H\u00f4pital Notre-Dame \u00e0 la Rose - Lessines","og_description":"Vind je het museum leuk en wil je de activiteiten ervan steunen? Het is nu mogelijk dankzij de mecenaatsrekening van de Koning Boudewijnstichting waarmee u een schenking (fiscaal aftrekbaar vanaf \u20ac 40) kunt doen aan de vzw Office de Tourisme de Lessines. We zullen uw schenkingen goed benutten want we werken aan een nieuw project, [&hellip;]","og_url":"https:\/\/www.notredamealarose.be\/infos-pratiques\/soutenez-le-musee\/","og_site_name":"H\u00f4pital Notre-Dame \u00e0 la Rose - Lessines","article_modified_time":"2023-05-11T08:57:26+00:00","og_image":[{"url":"https:\/\/www.notredamealarose.be\/2022\/wp-content\/uploads\/2023\/02\/logo-frb.png","type":"","width":"","height":""}],"twitter_card":"summary_large_image","schema":{"@context":"https:\/\/schema.org","@graph":[{"@type":"WebPage","@id":"https:\/\/www.notredamealarose.be\/infos-pratiques\/soutenez-le-musee\/","url":"https:\/\/www.notredamealarose.be\/infos-pratiques\/soutenez-le-musee\/","name":"Steun het museum - H\u00f4pital Notre-Dame \u00e0 la Rose - Lessines","isPartOf":{"@id":"https:\/\/www.notredamealarose.be\/#website"},"primaryImageOfPage":{"@id":"https:\/\/www.notredamealarose.be\/infos-pratiques\/soutenez-le-musee\/#primaryimage"},"image":{"@id":"https:\/\/www.notredamealarose.be\/infos-pratiques\/soutenez-le-musee\/#primaryimage"},"thumbnailUrl":"https:\/\/www.notredamealarose.be\/2022\/wp-content\/uploads\/2023\/02\/logo-frb.png","datePublished":"2022-12-01T20:21:31+00:00","dateModified":"2023-05-11T08:57:26+00:00","breadcrumb":{"@id":"https:\/\/www.notredamealarose.be\/infos-pratiques\/soutenez-le-musee\/#breadcrumb"},"inLanguage":"nl-NL","potentialAction":[{"@type":"ReadAction","target":["https:\/\/www.notredamealarose.be\/infos-pratiques\/soutenez-le-musee\/"]}]},{"@type":"ImageObject","inLanguage":"nl-NL","@id":"https:\/\/www.notredamealarose.be\/infos-pratiques\/soutenez-le-musee\/#primaryimage","url":"https:\/\/www.notredamealarose.be\/2022\/wp-content\/uploads\/2023\/02\/logo-frb.png","contentUrl":"https:\/\/www.notredamealarose.be\/2022\/wp-content\/uploads\/2023\/02\/logo-frb.png"},{"@type":"BreadcrumbList","@id":"https:\/\/www.notredamealarose.be\/infos-pratiques\/soutenez-le-musee\/#breadcrumb","itemListElement":[{"@type":"ListItem","position":1,"name":"Accueil","item":"https:\/\/www.notredamealarose.be\/nl\/"},{"@type":"ListItem","position":2,"name":"Praktische info","item":"https:\/\/www.notredamealarose.be\/nl\/praktische-info\/"},{"@type":"ListItem","position":3,"name":"Steun het museum"}]},{"@type":"WebSite","@id":"https:\/\/www.notredamealarose.be\/#website","url":"https:\/\/www.notredamealarose.be\/","name":"H\u00f4pital Notre-Dame \u00e0 la Rose - Lessines","description":"Un mus\u00e9e magique et hors du temps !","publisher":{"@id":"https:\/\/www.notredamealarose.be\/#organization"},"potentialAction":[{"@type":"SearchAction","target":{"@type":"EntryPoint","urlTemplate":"https:\/\/www.notredamealarose.be\/?s={search_term_string}"},"query-input":{"@type":"PropertyValueSpecification","valueRequired":true,"valueName":"search_term_string"}}],"inLanguage":"nl-NL"},{"@type":"Organization","@id":"https:\/\/www.notredamealarose.be\/#organization","name":"H\u00f4pital Notre-Dame \u00e0 la Rose - Lessines","url":"https:\/\/www.notredamealarose.be\/","logo":{"@type":"ImageObject","inLanguage":"nl-NL","@id":"https:\/\/www.notredamealarose.be\/#\/schema\/logo\/image\/","url":"https:\/\/www.notredamealarose.be\/2022\/wp-content\/uploads\/2023\/12\/HNDR-logo-monochrome-neg.png","contentUrl":"https:\/\/www.notredamealarose.be\/2022\/wp-content\/uploads\/2023\/12\/HNDR-logo-monochrome-neg.png","width":1998,"height":1239,"caption":"H\u00f4pital Notre-Dame \u00e0 la Rose - Lessines"},"image":{"@id":"https:\/\/www.notredamealarose.be\/#\/schema\/logo\/image\/"}}]}},"jetpack_sharing_enabled":true,"_links":{"self":[{"href":"https:\/\/www.notredamealarose.be\/nl\/wp-json\/wp\/v2\/pages\/10190","targetHints":{"allow":["GET"]}}],"collection":[{"href":"https:\/\/www.notredamealarose.be\/nl\/wp-json\/wp\/v2\/pages"}],"about":[{"href":"https:\/\/www.notredamealarose.be\/nl\/wp-json\/wp\/v2\/types\/page"}],"author":[{"embeddable":true,"href":"https:\/\/www.notredamealarose.be\/nl\/wp-json\/wp\/v2\/users\/1"}],"replies":[{"embeddable":true,"href":"https:\/\/www.notredamealarose.be\/nl\/wp-json\/wp\/v2\/comments?post=10190"}],"version-history":[{"count":3,"href":"https:\/\/www.notredamealarose.be\/nl\/wp-json\/wp\/v2\/pages\/10190\/revisions"}],"predecessor-version":[{"id":10710,"href":"https:\/\/www.notredamealarose.be\/nl\/wp-json\/wp\/v2\/pages\/10190\/revisions\/10710"}],"up":[{"embeddable":true,"href":"https:\/\/www.notredamealarose.be\/nl\/wp-json\/wp\/v2\/pages\/10173"}],"wp:attachment":[{"href":"https:\/\/www.notredamealarose.be\/nl\/wp-json\/wp\/v2\/media?parent=10190"}],"curies":[{"name":"wp","href":"https:\/\/api.w.org\/{rel}","templated":true}]}}