{"id":10220,"date":"2022-12-01T21:23:11","date_gmt":"2022-12-01T20:23:11","guid":{"rendered":"https:\/\/www.notredamealarose.be\/2022\/ontdekken\/het-museum\/kunst\/"},"modified":"2023-05-09T16:20:21","modified_gmt":"2023-05-09T14:20:21","slug":"kunst","status":"publish","type":"page","link":"https:\/\/www.notredamealarose.be\/nl\/ontdekken\/het-museum\/kunst\/","title":{"rendered":"Kunst"},"content":{"rendered":"\n<div class=\"wp-block-columns is-layout-flex wp-container-core-columns-is-layout-28f84493 wp-block-columns-is-layout-flex\">\n<div class=\"wp-block-column is-layout-flow wp-block-column-is-layout-flow\" style=\"flex-basis:66.66%\">\n<p>De originaliteit en het belang van de collecties van het Hospitaal liggen vervat in hun variatie en kwaliteit. Ze illustreren talrijke domeinen van de geschiedenis van kunst en wetenschappen. Bovendien zijn ze in situ gebleven, waardoor ze opnieuw de sfeer van weleer oproepen en tegelijk een eigen leven cre\u00ebren voor dit oord waar de tijd schijnbaar stil is blijven staan. We kunnen heel wat banden aanwijzen tussen de vandaag tentoongestelde objecten en het dagelijks leven of de grote gebeurtenissen zoals de mannen en vrouwen die de geschiedenis van dit Hospitaal \u201cgemaakt\u201d en geschreven hebben, ze hebben beleefd.<\/p>\n\n\n\n<p>De kunstcollecties omvatten verscheidene duizenden objecten. We hebben het dan over gotische en renaissancemeubelen, maar ook over Naamse meubelen of lambriseringen uit de barok en R\u00e9gence. De credenskasten en de koffer-banken vormen een uniek ensemble in Belgi\u00eb.<\/p>\n<\/div>\n\n\n\n<div class=\"wp-block-column is-layout-flow wp-block-column-is-layout-flow\" style=\"flex-basis:33.33%\">\n<figure class=\"wp-block-image size-large\"><img loading=\"lazy\" decoding=\"async\" width=\"699\" height=\"1024\" src=\"https:\/\/www.notredamealarose.be\/2022\/wp-content\/uploads\/2022\/12\/Credence-1000x1465-1-699x1024.jpg\" alt=\"\" class=\"wp-image-9648\" srcset=\"https:\/\/www.notredamealarose.be\/2022\/wp-content\/uploads\/2022\/12\/Credence-1000x1465-1-699x1024.jpg 699w, https:\/\/www.notredamealarose.be\/2022\/wp-content\/uploads\/2022\/12\/Credence-1000x1465-1-205x300.jpg 205w, https:\/\/www.notredamealarose.be\/2022\/wp-content\/uploads\/2022\/12\/Credence-1000x1465-1-768x1125.jpg 768w, https:\/\/www.notredamealarose.be\/2022\/wp-content\/uploads\/2022\/12\/Credence-1000x1465-1.jpg 1000w\" sizes=\"auto, (max-width: 699px) 100vw, 699px\" \/><figcaption class=\"wp-element-caption\">\u00a9 Francis Vauban<\/figcaption><\/figure><\/div>\n<\/div>\n\n<div style=\"height:100px\" aria-hidden=\"true\" class=\"wp-block-spacer\"><\/div>\n\n<div class=\"wp-block-cover alignfull is-light has-parallax\" style=\"min-height:400px;aspect-ratio:unset;\"><span aria-hidden=\"true\" class=\"wp-block-cover__background has-background-dim-0 has-background-dim\"><\/span><div role=\"img\" class=\"wp-block-cover__image-background wp-image-9649 has-parallax\" style=\"background-position:50% 50%;background-image:url(https:\/\/www.notredamealarose.be\/2022\/wp-content\/uploads\/2022\/12\/Lamentation-detail-1.jpg)\"><\/div><div class=\"wp-block-cover__inner-container is-layout-flow wp-block-cover-is-layout-flow\">\n<p class=\"has-text-align-center has-large-font-size\"><\/p>\n<\/div><\/div>\n\n<div style=\"height:100px\" aria-hidden=\"true\" class=\"wp-block-spacer\"><\/div>\n\n<div class=\"wp-block-columns is-layout-flex wp-container-core-columns-is-layout-28f84493 wp-block-columns-is-layout-flex\">\n<div class=\"wp-block-column is-layout-flow wp-block-column-is-layout-flow\" style=\"flex-basis:33.33%\">\n<figure class=\"wp-block-image size-full\"><img loading=\"lazy\" decoding=\"async\" width=\"1000\" height=\"751\" src=\"https:\/\/www.notredamealarose.be\/2022\/wp-content\/uploads\/2022\/12\/Allegorie-1000x751-1.jpg\" alt=\"\" class=\"wp-image-9650\" srcset=\"https:\/\/www.notredamealarose.be\/2022\/wp-content\/uploads\/2022\/12\/Allegorie-1000x751-1.jpg 1000w, https:\/\/www.notredamealarose.be\/2022\/wp-content\/uploads\/2022\/12\/Allegorie-1000x751-1-300x225.jpg 300w, https:\/\/www.notredamealarose.be\/2022\/wp-content\/uploads\/2022\/12\/Allegorie-1000x751-1-768x577.jpg 768w\" sizes=\"auto, (max-width: 1000px) 100vw, 1000px\" \/><\/figure><\/div>\n\n\n\n<div class=\"wp-block-column is-layout-flow wp-block-column-is-layout-flow\" style=\"flex-basis:66.66%\">\n<p>De schilderijen op hout of doek (van de15e tot de 20e eeuw) zijn kwaliteitswerken. Daaronder de Allegorie op het kloosterleven, een buitengewoon, anoniem werk uit de xvie eeuw of de cyclus van veertien doeken voor de refter van de zusters evenals de Heilige Maagd met kind in de Bisschopskamer, waar voorname gasten op doorreis in het Gasthuis logeerden. Evenmin mag hier een opmerkelijk schilderij onvermeld blijven, nl. Christus met borsten ook De bewening van Christus door de heilige vrouwen genoemd. Dit werk werd herontdekt tijdens de voorbereiding van de tentoonstelling over \u201cBesloten hofjes van de ziel\u201d. Ook de beeldhouwkunst blijft niet in achterwege met een Heilige Maagd met kind (14e eeuw) en een Pi\u00ebta uit de 15e eeuw.<\/p>\n<\/div>\n<\/div>\n\n<div style=\"height:100px\" aria-hidden=\"true\" class=\"wp-block-spacer\"><\/div>\n\n<div class=\"wp-block-cover alignfull is-light has-parallax\" style=\"min-height:400px;aspect-ratio:unset;\"><span aria-hidden=\"true\" class=\"wp-block-cover__background has-background-dim-0 has-background-dim\"><\/span><div role=\"img\" class=\"wp-block-cover__image-background wp-image-9651 has-parallax\" style=\"background-position:50% 50%;background-image:url(https:\/\/www.notredamealarose.be\/2022\/wp-content\/uploads\/2022\/12\/53491.jpg)\"><\/div><div class=\"wp-block-cover__inner-container is-layout-flow wp-block-cover-is-layout-flow\">\n<p class=\"has-text-align-center has-large-font-size\"><\/p>\n<\/div><\/div>\n\n<div style=\"height:100px\" aria-hidden=\"true\" class=\"wp-block-spacer\"><\/div>\n\n<div class=\"wp-block-columns is-layout-flex wp-container-core-columns-is-layout-28f84493 wp-block-columns-is-layout-flex\">\n<div class=\"wp-block-column is-layout-flow wp-block-column-is-layout-flow\" style=\"flex-basis:66.66%\">\n<p>De schat aan burgerlijk en religieus edelsmeedwerk, een veertigtal meesterstukken, versterkt nog het belang van de collecties. En dan spreken we nog niet over textiel, kant, koper, tin, keramiek en porselein of kristal. e.<\/p>\n\n\n\n<p>Eveneens interessant is de manier waarop de collectie tot stand gekomen is. Het gaat vaak om objecten die de families schonken bij de intrede van hun dochters die zich ten dienste wilden stellen van God en de zieken. Soms schonken priorinnen uit rijke families aan het Gasthuis een deel van hun meubelpatrimonium of bestelden schilderijen naar gerenommeerde meesters en waardevol edelsmeedwerk. Die collecties vormen een buitengewoon getuigenis, een schitterende illustratie van het leven in de congregatie die het Hospitaal van Lessines bijna 750 jaar lang bewoonde.<\/p>\n<\/div>\n\n\n\n<div class=\"wp-block-column is-layout-flow wp-block-column-is-layout-flow\" style=\"flex-basis:33.33%\">\n<figure class=\"wp-block-image size-full\"><img loading=\"lazy\" decoding=\"async\" width=\"684\" height=\"1021\" src=\"https:\/\/www.notredamealarose.be\/2022\/wp-content\/uploads\/2022\/12\/HNDR_006511.jpg\" alt=\"\" class=\"wp-image-9652\" srcset=\"https:\/\/www.notredamealarose.be\/2022\/wp-content\/uploads\/2022\/12\/HNDR_006511.jpg 684w, https:\/\/www.notredamealarose.be\/2022\/wp-content\/uploads\/2022\/12\/HNDR_006511-201x300.jpg 201w\" sizes=\"auto, (max-width: 684px) 100vw, 684px\" \/><\/figure><\/div>\n<\/div>\n\n<div style=\"height:100px\" aria-hidden=\"true\" class=\"wp-block-spacer\"><\/div>\n","protected":false},"excerpt":{"rendered":"<p>De originaliteit en het belang van de collecties van het Hospitaal liggen vervat in hun variatie en kwaliteit. Ze illustreren talrijke domeinen van de geschiedenis van kunst en wetenschappen. Bovendien zijn ze in situ gebleven, waardoor ze opnieuw de sfeer van weleer oproepen en tegelijk een eigen leven cre\u00ebren voor dit oord waar de tijd [&hellip;]<\/p>\n","protected":false},"author":1,"featured_media":9739,"parent":10158,"menu_order":0,"comment_status":"closed","ping_status":"closed","template":"","meta":{"site-sidebar-layout":"default","site-content-layout":"","ast-site-content-layout":"","site-content-style":"default","site-sidebar-style":"default","ast-global-header-display":"","ast-banner-title-visibility":"","ast-main-header-display":"","ast-hfb-above-header-display":"","ast-hfb-below-header-display":"","ast-hfb-mobile-header-display":"","site-post-title":"","ast-breadcrumbs-content":"","ast-featured-img":"disabled","footer-sml-layout":"","theme-transparent-header-meta":"","adv-header-id-meta":"","stick-header-meta":"","header-above-stick-meta":"","header-main-stick-meta":"","header-below-stick-meta":"","astra-migrate-meta-layouts":"default","ast-page-background-enabled":"default","ast-page-background-meta":{"desktop":{"background-color":"var(--ast-global-color-4)","background-image":"","background-repeat":"repeat","background-position":"center center","background-size":"auto","background-attachment":"scroll","background-type":"","background-media":"","overlay-type":"","overlay-color":"","overlay-gradient":""},"tablet":{"background-color":"","background-image":"","background-repeat":"repeat","background-position":"center center","background-size":"auto","background-attachment":"scroll","background-type":"","background-media":"","overlay-type":"","overlay-color":"","overlay-gradient":""},"mobile":{"background-color":"","background-image":"","background-repeat":"repeat","background-position":"center center","background-size":"auto","background-attachment":"scroll","background-type":"","background-media":"","overlay-type":"","overlay-color":"","overlay-gradient":""}},"ast-content-background-meta":{"desktop":{"background-color":"var(--ast-global-color-5)","background-image":"","background-repeat":"repeat","background-position":"center center","background-size":"auto","background-attachment":"scroll","background-type":"","background-media":"","overlay-type":"","overlay-color":"","overlay-gradient":""},"tablet":{"background-color":"var(--ast-global-color-5)","background-image":"","background-repeat":"repeat","background-position":"center center","background-size":"auto","background-attachment":"scroll","background-type":"","background-media":"","overlay-type":"","overlay-color":"","overlay-gradient":""},"mobile":{"background-color":"var(--ast-global-color-5)","background-image":"","background-repeat":"repeat","background-position":"center center","background-size":"auto","background-attachment":"scroll","background-type":"","background-media":"","overlay-type":"","overlay-color":"","overlay-gradient":""}},"_price":"","_stock":"","_tribe_ticket_header":"","_tribe_default_ticket_provider":"","_tribe_ticket_capacity":"0","_ticket_start_date":"","_ticket_end_date":"","_tribe_ticket_show_description":"","_tribe_ticket_show_not_going":false,"_tribe_ticket_use_global_stock":"","_tribe_ticket_global_stock_level":"","_global_stock_mode":"","_global_stock_cap":"","_tribe_rsvp_for_event":"","_tribe_ticket_going_count":"","_tribe_ticket_not_going_count":"","_tribe_tickets_list":"[]","_tribe_ticket_has_attendee_info_fields":false,"footnotes":""},"class_list":["post-10220","page","type-page","status-publish","has-post-thumbnail","hentry"],"yoast_head":"<!-- This site is optimized with the Yoast SEO plugin v27.5 - https:\/\/yoast.com\/product\/yoast-seo-wordpress\/ -->\n<title>Kunst - H\u00f4pital Notre-Dame \u00e0 la Rose - Lessines<\/title>\n<meta name=\"description\" content=\"Het museum Hospitaal Notre-Dame \u00e0 la Rose van Lessines stelt u een prachtige collectie kunstobjecten voor: schilderijen, meubles en beeldhouwwerk.\" \/>\n<meta name=\"robots\" content=\"index, follow, max-snippet:-1, max-image-preview:large, max-video-preview:-1\" \/>\n<link rel=\"canonical\" href=\"https:\/\/www.notredamealarose.be\/decouvrir\/le-musee\/art\/\" \/>\n<meta property=\"og:locale\" content=\"nl_NL\" \/>\n<meta property=\"og:type\" content=\"article\" \/>\n<meta property=\"og:title\" content=\"Kunst - H\u00f4pital Notre-Dame \u00e0 la Rose - Lessines\" \/>\n<meta property=\"og:description\" content=\"Het museum Hospitaal Notre-Dame \u00e0 la Rose van Lessines stelt u een prachtige collectie kunstobjecten voor: schilderijen, meubles en beeldhouwwerk.\" \/>\n<meta property=\"og:url\" content=\"https:\/\/www.notredamealarose.be\/decouvrir\/le-musee\/art\/\" \/>\n<meta property=\"og:site_name\" content=\"H\u00f4pital Notre-Dame \u00e0 la Rose - Lessines\" \/>\n<meta property=\"article:modified_time\" content=\"2023-05-09T14:20:21+00:00\" \/>\n<meta property=\"og:image\" content=\"https:\/\/www.notredamealarose.be\/2022\/wp-content\/uploads\/2022\/12\/Lamentation-detail.jpg\" \/>\n\t<meta property=\"og:image:width\" content=\"1021\" \/>\n\t<meta property=\"og:image:height\" content=\"684\" \/>\n\t<meta property=\"og:image:type\" content=\"image\/jpeg\" \/>\n<meta name=\"twitter:card\" content=\"summary_large_image\" \/>\n<script type=\"application\/ld+json\" class=\"yoast-schema-graph\">{\"@context\":\"https:\\\/\\\/schema.org\",\"@graph\":[{\"@type\":\"WebPage\",\"@id\":\"https:\\\/\\\/www.notredamealarose.be\\\/decouvrir\\\/le-musee\\\/art\\\/\",\"url\":\"https:\\\/\\\/www.notredamealarose.be\\\/decouvrir\\\/le-musee\\\/art\\\/\",\"name\":\"Kunst - H\u00f4pital Notre-Dame \u00e0 la Rose - Lessines\",\"isPartOf\":{\"@id\":\"https:\\\/\\\/www.notredamealarose.be\\\/#website\"},\"primaryImageOfPage\":{\"@id\":\"https:\\\/\\\/www.notredamealarose.be\\\/decouvrir\\\/le-musee\\\/art\\\/#primaryimage\"},\"image\":{\"@id\":\"https:\\\/\\\/www.notredamealarose.be\\\/decouvrir\\\/le-musee\\\/art\\\/#primaryimage\"},\"thumbnailUrl\":\"https:\\\/\\\/www.notredamealarose.be\\\/2022\\\/wp-content\\\/uploads\\\/2022\\\/12\\\/Lamentation-detail.jpg\",\"datePublished\":\"2022-12-01T20:23:11+00:00\",\"dateModified\":\"2023-05-09T14:20:21+00:00\",\"description\":\"Het museum Hospitaal Notre-Dame \u00e0 la Rose van Lessines stelt u een prachtige collectie kunstobjecten voor: schilderijen, meubles en beeldhouwwerk.\",\"breadcrumb\":{\"@id\":\"https:\\\/\\\/www.notredamealarose.be\\\/decouvrir\\\/le-musee\\\/art\\\/#breadcrumb\"},\"inLanguage\":\"nl-NL\",\"potentialAction\":[{\"@type\":\"ReadAction\",\"target\":[\"https:\\\/\\\/www.notredamealarose.be\\\/decouvrir\\\/le-musee\\\/art\\\/\"]}]},{\"@type\":\"ImageObject\",\"inLanguage\":\"nl-NL\",\"@id\":\"https:\\\/\\\/www.notredamealarose.be\\\/decouvrir\\\/le-musee\\\/art\\\/#primaryimage\",\"url\":\"https:\\\/\\\/www.notredamealarose.be\\\/2022\\\/wp-content\\\/uploads\\\/2022\\\/12\\\/Lamentation-detail.jpg\",\"contentUrl\":\"https:\\\/\\\/www.notredamealarose.be\\\/2022\\\/wp-content\\\/uploads\\\/2022\\\/12\\\/Lamentation-detail.jpg\",\"width\":1021,\"height\":684},{\"@type\":\"BreadcrumbList\",\"@id\":\"https:\\\/\\\/www.notredamealarose.be\\\/decouvrir\\\/le-musee\\\/art\\\/#breadcrumb\",\"itemListElement\":[{\"@type\":\"ListItem\",\"position\":1,\"name\":\"Accueil\",\"item\":\"https:\\\/\\\/www.notredamealarose.be\\\/nl\\\/\"},{\"@type\":\"ListItem\",\"position\":2,\"name\":\"Ontdekken\",\"item\":\"https:\\\/\\\/www.notredamealarose.be\\\/nl\\\/ontdekken\\\/\"},{\"@type\":\"ListItem\",\"position\":3,\"name\":\"Het museum\",\"item\":\"https:\\\/\\\/www.notredamealarose.be\\\/decouvrir\\\/le-musee\\\/\"},{\"@type\":\"ListItem\",\"position\":4,\"name\":\"Kunst\"}]},{\"@type\":\"WebSite\",\"@id\":\"https:\\\/\\\/www.notredamealarose.be\\\/#website\",\"url\":\"https:\\\/\\\/www.notredamealarose.be\\\/\",\"name\":\"H\u00f4pital Notre-Dame \u00e0 la Rose - Lessines\",\"description\":\"Un mus\u00e9e magique et hors du temps !\",\"publisher\":{\"@id\":\"https:\\\/\\\/www.notredamealarose.be\\\/#organization\"},\"potentialAction\":[{\"@type\":\"SearchAction\",\"target\":{\"@type\":\"EntryPoint\",\"urlTemplate\":\"https:\\\/\\\/www.notredamealarose.be\\\/?s={search_term_string}\"},\"query-input\":{\"@type\":\"PropertyValueSpecification\",\"valueRequired\":true,\"valueName\":\"search_term_string\"}}],\"inLanguage\":\"nl-NL\"},{\"@type\":\"Organization\",\"@id\":\"https:\\\/\\\/www.notredamealarose.be\\\/#organization\",\"name\":\"H\u00f4pital Notre-Dame \u00e0 la Rose - Lessines\",\"url\":\"https:\\\/\\\/www.notredamealarose.be\\\/\",\"logo\":{\"@type\":\"ImageObject\",\"inLanguage\":\"nl-NL\",\"@id\":\"https:\\\/\\\/www.notredamealarose.be\\\/#\\\/schema\\\/logo\\\/image\\\/\",\"url\":\"https:\\\/\\\/www.notredamealarose.be\\\/2022\\\/wp-content\\\/uploads\\\/2023\\\/12\\\/HNDR-logo-monochrome-neg.png\",\"contentUrl\":\"https:\\\/\\\/www.notredamealarose.be\\\/2022\\\/wp-content\\\/uploads\\\/2023\\\/12\\\/HNDR-logo-monochrome-neg.png\",\"width\":1998,\"height\":1239,\"caption\":\"H\u00f4pital Notre-Dame \u00e0 la Rose - Lessines\"},\"image\":{\"@id\":\"https:\\\/\\\/www.notredamealarose.be\\\/#\\\/schema\\\/logo\\\/image\\\/\"}}]}<\/script>\n<!-- \/ Yoast SEO plugin. -->","yoast_head_json":{"title":"Kunst - H\u00f4pital Notre-Dame \u00e0 la Rose - Lessines","description":"Het museum Hospitaal Notre-Dame \u00e0 la Rose van Lessines stelt u een prachtige collectie kunstobjecten voor: schilderijen, meubles en beeldhouwwerk.","robots":{"index":"index","follow":"follow","max-snippet":"max-snippet:-1","max-image-preview":"max-image-preview:large","max-video-preview":"max-video-preview:-1"},"canonical":"https:\/\/www.notredamealarose.be\/decouvrir\/le-musee\/art\/","og_locale":"nl_NL","og_type":"article","og_title":"Kunst - H\u00f4pital Notre-Dame \u00e0 la Rose - Lessines","og_description":"Het museum Hospitaal Notre-Dame \u00e0 la Rose van Lessines stelt u een prachtige collectie kunstobjecten voor: schilderijen, meubles en beeldhouwwerk.","og_url":"https:\/\/www.notredamealarose.be\/decouvrir\/le-musee\/art\/","og_site_name":"H\u00f4pital Notre-Dame \u00e0 la Rose - Lessines","article_modified_time":"2023-05-09T14:20:21+00:00","og_image":[{"width":1021,"height":684,"url":"https:\/\/www.notredamealarose.be\/2022\/wp-content\/uploads\/2022\/12\/Lamentation-detail.jpg","type":"image\/jpeg"}],"twitter_card":"summary_large_image","schema":{"@context":"https:\/\/schema.org","@graph":[{"@type":"WebPage","@id":"https:\/\/www.notredamealarose.be\/decouvrir\/le-musee\/art\/","url":"https:\/\/www.notredamealarose.be\/decouvrir\/le-musee\/art\/","name":"Kunst - H\u00f4pital Notre-Dame \u00e0 la Rose - Lessines","isPartOf":{"@id":"https:\/\/www.notredamealarose.be\/#website"},"primaryImageOfPage":{"@id":"https:\/\/www.notredamealarose.be\/decouvrir\/le-musee\/art\/#primaryimage"},"image":{"@id":"https:\/\/www.notredamealarose.be\/decouvrir\/le-musee\/art\/#primaryimage"},"thumbnailUrl":"https:\/\/www.notredamealarose.be\/2022\/wp-content\/uploads\/2022\/12\/Lamentation-detail.jpg","datePublished":"2022-12-01T20:23:11+00:00","dateModified":"2023-05-09T14:20:21+00:00","description":"Het museum Hospitaal Notre-Dame \u00e0 la Rose van Lessines stelt u een prachtige collectie kunstobjecten voor: schilderijen, meubles en beeldhouwwerk.","breadcrumb":{"@id":"https:\/\/www.notredamealarose.be\/decouvrir\/le-musee\/art\/#breadcrumb"},"inLanguage":"nl-NL","potentialAction":[{"@type":"ReadAction","target":["https:\/\/www.notredamealarose.be\/decouvrir\/le-musee\/art\/"]}]},{"@type":"ImageObject","inLanguage":"nl-NL","@id":"https:\/\/www.notredamealarose.be\/decouvrir\/le-musee\/art\/#primaryimage","url":"https:\/\/www.notredamealarose.be\/2022\/wp-content\/uploads\/2022\/12\/Lamentation-detail.jpg","contentUrl":"https:\/\/www.notredamealarose.be\/2022\/wp-content\/uploads\/2022\/12\/Lamentation-detail.jpg","width":1021,"height":684},{"@type":"BreadcrumbList","@id":"https:\/\/www.notredamealarose.be\/decouvrir\/le-musee\/art\/#breadcrumb","itemListElement":[{"@type":"ListItem","position":1,"name":"Accueil","item":"https:\/\/www.notredamealarose.be\/nl\/"},{"@type":"ListItem","position":2,"name":"Ontdekken","item":"https:\/\/www.notredamealarose.be\/nl\/ontdekken\/"},{"@type":"ListItem","position":3,"name":"Het museum","item":"https:\/\/www.notredamealarose.be\/decouvrir\/le-musee\/"},{"@type":"ListItem","position":4,"name":"Kunst"}]},{"@type":"WebSite","@id":"https:\/\/www.notredamealarose.be\/#website","url":"https:\/\/www.notredamealarose.be\/","name":"H\u00f4pital Notre-Dame \u00e0 la Rose - Lessines","description":"Un mus\u00e9e magique et hors du temps !","publisher":{"@id":"https:\/\/www.notredamealarose.be\/#organization"},"potentialAction":[{"@type":"SearchAction","target":{"@type":"EntryPoint","urlTemplate":"https:\/\/www.notredamealarose.be\/?s={search_term_string}"},"query-input":{"@type":"PropertyValueSpecification","valueRequired":true,"valueName":"search_term_string"}}],"inLanguage":"nl-NL"},{"@type":"Organization","@id":"https:\/\/www.notredamealarose.be\/#organization","name":"H\u00f4pital Notre-Dame \u00e0 la Rose - Lessines","url":"https:\/\/www.notredamealarose.be\/","logo":{"@type":"ImageObject","inLanguage":"nl-NL","@id":"https:\/\/www.notredamealarose.be\/#\/schema\/logo\/image\/","url":"https:\/\/www.notredamealarose.be\/2022\/wp-content\/uploads\/2023\/12\/HNDR-logo-monochrome-neg.png","contentUrl":"https:\/\/www.notredamealarose.be\/2022\/wp-content\/uploads\/2023\/12\/HNDR-logo-monochrome-neg.png","width":1998,"height":1239,"caption":"H\u00f4pital Notre-Dame \u00e0 la Rose - Lessines"},"image":{"@id":"https:\/\/www.notredamealarose.be\/#\/schema\/logo\/image\/"}}]}},"jetpack_sharing_enabled":true,"_links":{"self":[{"href":"https:\/\/www.notredamealarose.be\/nl\/wp-json\/wp\/v2\/pages\/10220","targetHints":{"allow":["GET"]}}],"collection":[{"href":"https:\/\/www.notredamealarose.be\/nl\/wp-json\/wp\/v2\/pages"}],"about":[{"href":"https:\/\/www.notredamealarose.be\/nl\/wp-json\/wp\/v2\/types\/page"}],"author":[{"embeddable":true,"href":"https:\/\/www.notredamealarose.be\/nl\/wp-json\/wp\/v2\/users\/1"}],"replies":[{"embeddable":true,"href":"https:\/\/www.notredamealarose.be\/nl\/wp-json\/wp\/v2\/comments?post=10220"}],"version-history":[{"count":3,"href":"https:\/\/www.notredamealarose.be\/nl\/wp-json\/wp\/v2\/pages\/10220\/revisions"}],"predecessor-version":[{"id":10273,"href":"https:\/\/www.notredamealarose.be\/nl\/wp-json\/wp\/v2\/pages\/10220\/revisions\/10273"}],"up":[{"embeddable":true,"href":"https:\/\/www.notredamealarose.be\/nl\/wp-json\/wp\/v2\/pages\/10158"}],"wp:featuredmedia":[{"embeddable":true,"href":"https:\/\/www.notredamealarose.be\/nl\/wp-json\/wp\/v2\/media\/9739"}],"wp:attachment":[{"href":"https:\/\/www.notredamealarose.be\/nl\/wp-json\/wp\/v2\/media?parent=10220"}],"curies":[{"name":"wp","href":"https:\/\/api.w.org\/{rel}","templated":true}]}}