{"id":10250,"date":"2022-09-14T21:11:42","date_gmt":"2022-09-14T19:11:42","guid":{"rendered":"https:\/\/www.notredamealarose.be\/2022\/bezoeken\/groepen\/"},"modified":"2025-12-17T10:43:40","modified_gmt":"2025-12-17T09:43:40","slug":"groepen","status":"publish","type":"page","link":"https:\/\/www.notredamealarose.be\/nl\/bezoeken\/groepen\/","title":{"rendered":"Groepen"},"content":{"rendered":"\n<div class=\"wp-block-columns is-layout-flex wp-container-core-columns-is-layout-28f84493 wp-block-columns-is-layout-flex\">\n<div class=\"wp-block-column is-layout-flow wp-block-column-is-layout-flow\" style=\"flex-basis:75%\">\n<p>Passie, dat werkt aanstekelijk\u2026 Onze gidsen zullen met het grootste genoegen hun verhalen, kennis en emoties met U delen. Tijdens elke rondleiding, door het museumteam georganiseerd, is er tijd om van gedachten te wisselen of vragen te stellen.<\/p>\n\n\n\n<p>We verwelkomen groepen het hele jaar door, van dinsdag tot zondag.<\/p>\n\n\n\n<p>Helaas worden MuseumPasses niet geaccepteerd voor groepsbezoeken. Ze kunnen alleen worden gebruikt voor individuele bezoeken.<\/p>\n\n\n\n<div class=\"wp-block-buttons is-layout-flex wp-block-buttons-is-layout-flex\">\n<div class=\"wp-block-button\"><a class=\"wp-block-button__link wp-element-button\" href=\"https:\/\/drive.google.com\/open?id=1aSt5rxz8f-JtWR0rHAfJH6maa616W4_s\" target=\"_blank\" rel=\"noreferrer noopener\">Ontdek onze groepsprogramma&#8217;s<\/a><\/div>\n<\/div>\n<\/div>\n\n\n\n<div class=\"wp-block-column is-layout-flow wp-block-column-is-layout-flow\" style=\"flex-basis:25%\">\n<figure class=\"wp-block-image size-full\"><img loading=\"lazy\" decoding=\"async\" width=\"794\" height=\"1123\" src=\"https:\/\/www.notredamealarose.be\/2022\/wp-content\/uploads\/2024\/08\/HNDR_FOLDER_GROUPE_001.jpg\" alt=\"\" class=\"wp-image-12189\" srcset=\"https:\/\/www.notredamealarose.be\/2022\/wp-content\/uploads\/2024\/08\/HNDR_FOLDER_GROUPE_001.jpg 794w, https:\/\/www.notredamealarose.be\/2022\/wp-content\/uploads\/2024\/08\/HNDR_FOLDER_GROUPE_001-212x300.jpg 212w, https:\/\/www.notredamealarose.be\/2022\/wp-content\/uploads\/2024\/08\/HNDR_FOLDER_GROUPE_001-724x1024.jpg 724w, https:\/\/www.notredamealarose.be\/2022\/wp-content\/uploads\/2024\/08\/HNDR_FOLDER_GROUPE_001-768x1086.jpg 768w\" sizes=\"auto, (max-width: 794px) 100vw, 794px\" \/><\/figure>\n<\/div>\n<\/div>\n\n\n\n\n\n<h2 class=\"wp-block-heading positif\">Kennismakingsbezoek (2u)<\/h2>\n\n\n\n<p>Een uitstekende keuze voor een eerste ontdekking van het museum. Een absoluut minimum. We raden \u00e9\u00e9n gids aan per groep van ongeveer 25 personen.<\/p>\n\n\n\n<ul class=\"wp-block-list\">\n<li>8 \u20ac per persoon<\/li>\n\n\n\n<li>65 \u20ac per gids en per bezoek (\u00e9\u00e9n gids voor max 25 personen)<\/li>\n<\/ul>\n\n\n\n<p>Een koffie of een ontbijt in de morgen of een vieruutje in de namiddag zijn steeds mogelijk. Enkel na reservatie.<\/p>\n\n\n\n\n\n<h2 class=\"wp-block-heading positif\">Een uitgediept bezoek (3u)<\/h2>\n\n\n\n<p>Om een volledig en uitgebreid bezoek te krijgen met uitleg over specifieke thema\u2019s (naar keuze: architectuur, kunstcollecties, wetenschappelijke collecties,\u2026). Een ideale formule voor een boeiende voor- of namiddag (2u30 tot 3u).<\/p>\n\n\n\n<ul class=\"wp-block-list\">\n<li>9 \u20ac per persoon<\/li>\n\n\n\n<li>95 \u20ac per gids en per bezoek (\u00e9\u00e9n gids per max 25 personen)<\/li>\n<\/ul>\n\n\n\n<p>Een koffie of een ontbijt in de morgen of een vieruutje in de namiddag zijn steeds mogelijk. Enkel na reservatie.<\/p>\n\n\n\n\n\n<h2 class=\"wp-block-heading positif\">Een dag in het Hospitaal (4u)<\/h2>\n\n\n\n<p>Neem gerust de tijd om alles te leren over het Hospitaal Onze-Lieve-Vrouw met de Roos, de collecties en de architectuur alsook de geschiedenis van de hospitalen en de sociale hulpverlening in Belgi\u00eb vanaf de Middeleeuwen tot vandaag. Koffie bij onthaal, maaltijd en vieruurtje in optie.<\/p>\n\n\n\n<ul class=\"wp-block-list\">\n<li>11,00 \u20ac per persoon<\/li>\n\n\n\n<li>130,00 \u20ac per gids (\u00e9\u00e9n gids per max 25 personen)<\/li>\n<\/ul>\n\n\n\n\n\n<h2 class=\"wp-block-heading positif\">Een dag in Lessines (4u)<\/h2>\n\n\n\n<p>Met deze formule bezoekt u het Hospitaal Onze-Lieve-Vrouw met de Roos, de historische stadskern, de porfiersteengroeven en het rijke erfgoed van de aangrenzende dorpjes. Koffie bij onthaal, maaltijd en vieruurtje in optie.<\/p>\n\n\n\n<ul class=\"wp-block-list\">\n<li>11,00 \u20ac per persoon <\/li>\n\n\n\n<li>130,00 \u20ac per gids (\u00e9\u00e9n gids per max 25 personen)<\/li>\n\n\n\n<li>65 \u20ac per bijkomende gids in het museum<\/li>\n<\/ul>\n\n\n\n\n\n<div class=\"inherit-container-width wp-block-group alignfull has-ast-global-color-5-color has-ast-global-color-0-background-color has-text-color has-background has-link-color wp-elements-d22d0b482c6a69e2ba840755b22d347f is-layout-constrained wp-block-group-is-layout-constrained\">\n\n\n<h2 class=\"wp-block-heading negatiforange\">Reservaties<\/h2>\n\n\n\n<p><strong>Per email : info@notredamealarose.be<\/strong><\/p>\n\n\n\n<p><strong>Par telefoon : +32 (0)68 33 24 03<\/strong><\/p>\n\n\n<\/div>\n","protected":false},"excerpt":{"rendered":"<p>Passie, dat werkt aanstekelijk\u2026 Onze gidsen zullen met het grootste genoegen hun verhalen, kennis en emoties met U delen. Tijdens elke rondleiding, door het museumteam georganiseerd, is er tijd om van gedachten te wisselen of vragen te stellen. We verwelkomen groepen het hele jaar door, van dinsdag tot zondag. Helaas worden MuseumPasses niet geaccepteerd voor [&hellip;]<\/p>\n","protected":false},"author":1,"featured_media":9914,"parent":10192,"menu_order":0,"comment_status":"closed","ping_status":"closed","template":"","meta":{"site-sidebar-layout":"default","site-content-layout":"","ast-site-content-layout":"default","site-content-style":"default","site-sidebar-style":"default","ast-global-header-display":"","ast-banner-title-visibility":"","ast-main-header-display":"","ast-hfb-above-header-display":"","ast-hfb-below-header-display":"","ast-hfb-mobile-header-display":"","site-post-title":"","ast-breadcrumbs-content":"","ast-featured-img":"","footer-sml-layout":"","theme-transparent-header-meta":"","adv-header-id-meta":"","stick-header-meta":"","header-above-stick-meta":"","header-main-stick-meta":"","header-below-stick-meta":"","astra-migrate-meta-layouts":"set","ast-page-background-enabled":"default","ast-page-background-meta":{"desktop":{"background-color":"var(--ast-global-color-4)","background-image":"","background-repeat":"repeat","background-position":"center center","background-size":"auto","background-attachment":"scroll","background-type":"","background-media":"","overlay-type":"","overlay-color":"","overlay-gradient":""},"tablet":{"background-color":"","background-image":"","background-repeat":"repeat","background-position":"center center","background-size":"auto","background-attachment":"scroll","background-type":"","background-media":"","overlay-type":"","overlay-color":"","overlay-gradient":""},"mobile":{"background-color":"","background-image":"","background-repeat":"repeat","background-position":"center center","background-size":"auto","background-attachment":"scroll","background-type":"","background-media":"","overlay-type":"","overlay-color":"","overlay-gradient":""}},"ast-content-background-meta":{"desktop":{"background-color":"var(--ast-global-color-5)","background-image":"","background-repeat":"repeat","background-position":"center center","background-size":"auto","background-attachment":"scroll","background-type":"","background-media":"","overlay-type":"","overlay-color":"","overlay-gradient":""},"tablet":{"background-color":"var(--ast-global-color-5)","background-image":"","background-repeat":"repeat","background-position":"center center","background-size":"auto","background-attachment":"scroll","background-type":"","background-media":"","overlay-type":"","overlay-color":"","overlay-gradient":""},"mobile":{"background-color":"var(--ast-global-color-5)","background-image":"","background-repeat":"repeat","background-position":"center center","background-size":"auto","background-attachment":"scroll","background-type":"","background-media":"","overlay-type":"","overlay-color":"","overlay-gradient":""}},"_price":"","_stock":"","_tribe_ticket_header":"","_tribe_default_ticket_provider":"","_tribe_ticket_capacity":"0","_ticket_start_date":"","_ticket_end_date":"","_tribe_ticket_show_description":"","_tribe_ticket_show_not_going":false,"_tribe_ticket_use_global_stock":"","_tribe_ticket_global_stock_level":"","_global_stock_mode":"","_global_stock_cap":"","_tribe_rsvp_for_event":"","_tribe_ticket_going_count":"","_tribe_ticket_not_going_count":"","_tribe_tickets_list":"[]","_tribe_ticket_has_attendee_info_fields":false,"footnotes":""},"class_list":["post-10250","page","type-page","status-publish","has-post-thumbnail","hentry"],"yoast_head":"<!-- This site is optimized with the Yoast SEO plugin v27.5 - https:\/\/yoast.com\/product\/yoast-seo-wordpress\/ -->\n<title>Groepen - H\u00f4pital Notre-Dame \u00e0 la Rose - Lessines<\/title>\n<meta name=\"robots\" content=\"index, follow, max-snippet:-1, max-image-preview:large, max-video-preview:-1\" \/>\n<link rel=\"canonical\" href=\"https:\/\/www.notredamealarose.be\/nl\/bezoeken\/groepen\/\" \/>\n<meta property=\"og:locale\" content=\"nl_NL\" \/>\n<meta property=\"og:type\" content=\"article\" \/>\n<meta property=\"og:title\" content=\"Groepen - H\u00f4pital Notre-Dame \u00e0 la Rose - Lessines\" \/>\n<meta property=\"og:description\" content=\"Passie, dat werkt aanstekelijk\u2026 Onze gidsen zullen met het grootste genoegen hun verhalen, kennis en emoties met U delen. Tijdens elke rondleiding, door het museumteam georganiseerd, is er tijd om van gedachten te wisselen of vragen te stellen. We verwelkomen groepen het hele jaar door, van dinsdag tot zondag. Helaas worden MuseumPasses niet geaccepteerd voor [&hellip;]\" \/>\n<meta property=\"og:url\" content=\"https:\/\/www.notredamealarose.be\/nl\/bezoeken\/groepen\/\" \/>\n<meta property=\"og:site_name\" content=\"H\u00f4pital Notre-Dame \u00e0 la Rose - Lessines\" \/>\n<meta property=\"article:modified_time\" content=\"2025-12-17T09:43:40+00:00\" \/>\n<meta property=\"og:image\" content=\"https:\/\/www.notredamealarose.be\/2022\/wp-content\/uploads\/2022\/12\/NOTRE-DAME-A-LA-ROSE-12-1000x667-1.jpg\" \/>\n\t<meta property=\"og:image:width\" content=\"1000\" \/>\n\t<meta property=\"og:image:height\" content=\"667\" \/>\n\t<meta property=\"og:image:type\" content=\"image\/jpeg\" \/>\n<meta name=\"twitter:card\" content=\"summary_large_image\" \/>\n<script type=\"application\/ld+json\" class=\"yoast-schema-graph\">{\"@context\":\"https:\\\/\\\/schema.org\",\"@graph\":[{\"@type\":\"WebPage\",\"@id\":\"https:\\\/\\\/www.notredamealarose.be\\\/nl\\\/bezoeken\\\/groepen\\\/\",\"url\":\"https:\\\/\\\/www.notredamealarose.be\\\/nl\\\/bezoeken\\\/groepen\\\/\",\"name\":\"Groepen - H\u00f4pital Notre-Dame \u00e0 la Rose - Lessines\",\"isPartOf\":{\"@id\":\"https:\\\/\\\/www.notredamealarose.be\\\/#website\"},\"primaryImageOfPage\":{\"@id\":\"https:\\\/\\\/www.notredamealarose.be\\\/nl\\\/bezoeken\\\/groepen\\\/#primaryimage\"},\"image\":{\"@id\":\"https:\\\/\\\/www.notredamealarose.be\\\/nl\\\/bezoeken\\\/groepen\\\/#primaryimage\"},\"thumbnailUrl\":\"https:\\\/\\\/www.notredamealarose.be\\\/2022\\\/wp-content\\\/uploads\\\/2022\\\/12\\\/NOTRE-DAME-A-LA-ROSE-12-1000x667-1.jpg\",\"datePublished\":\"2022-09-14T19:11:42+00:00\",\"dateModified\":\"2025-12-17T09:43:40+00:00\",\"breadcrumb\":{\"@id\":\"https:\\\/\\\/www.notredamealarose.be\\\/nl\\\/bezoeken\\\/groepen\\\/#breadcrumb\"},\"inLanguage\":\"nl-NL\",\"potentialAction\":[{\"@type\":\"ReadAction\",\"target\":[\"https:\\\/\\\/www.notredamealarose.be\\\/nl\\\/bezoeken\\\/groepen\\\/\"]}]},{\"@type\":\"ImageObject\",\"inLanguage\":\"nl-NL\",\"@id\":\"https:\\\/\\\/www.notredamealarose.be\\\/nl\\\/bezoeken\\\/groepen\\\/#primaryimage\",\"url\":\"https:\\\/\\\/www.notredamealarose.be\\\/2022\\\/wp-content\\\/uploads\\\/2022\\\/12\\\/NOTRE-DAME-A-LA-ROSE-12-1000x667-1.jpg\",\"contentUrl\":\"https:\\\/\\\/www.notredamealarose.be\\\/2022\\\/wp-content\\\/uploads\\\/2022\\\/12\\\/NOTRE-DAME-A-LA-ROSE-12-1000x667-1.jpg\",\"width\":1000,\"height\":667},{\"@type\":\"BreadcrumbList\",\"@id\":\"https:\\\/\\\/www.notredamealarose.be\\\/nl\\\/bezoeken\\\/groepen\\\/#breadcrumb\",\"itemListElement\":[{\"@type\":\"ListItem\",\"position\":1,\"name\":\"Accueil\",\"item\":\"https:\\\/\\\/www.notredamealarose.be\\\/nl\\\/\"},{\"@type\":\"ListItem\",\"position\":2,\"name\":\"Bezoeken\",\"item\":\"https:\\\/\\\/www.notredamealarose.be\\\/nl\\\/bezoeken\\\/\"},{\"@type\":\"ListItem\",\"position\":3,\"name\":\"Groepen\"}]},{\"@type\":\"WebSite\",\"@id\":\"https:\\\/\\\/www.notredamealarose.be\\\/#website\",\"url\":\"https:\\\/\\\/www.notredamealarose.be\\\/\",\"name\":\"H\u00f4pital Notre-Dame \u00e0 la Rose - Lessines\",\"description\":\"Un mus\u00e9e magique et hors du temps !\",\"publisher\":{\"@id\":\"https:\\\/\\\/www.notredamealarose.be\\\/#organization\"},\"potentialAction\":[{\"@type\":\"SearchAction\",\"target\":{\"@type\":\"EntryPoint\",\"urlTemplate\":\"https:\\\/\\\/www.notredamealarose.be\\\/?s={search_term_string}\"},\"query-input\":{\"@type\":\"PropertyValueSpecification\",\"valueRequired\":true,\"valueName\":\"search_term_string\"}}],\"inLanguage\":\"nl-NL\"},{\"@type\":\"Organization\",\"@id\":\"https:\\\/\\\/www.notredamealarose.be\\\/#organization\",\"name\":\"H\u00f4pital Notre-Dame \u00e0 la Rose - Lessines\",\"url\":\"https:\\\/\\\/www.notredamealarose.be\\\/\",\"logo\":{\"@type\":\"ImageObject\",\"inLanguage\":\"nl-NL\",\"@id\":\"https:\\\/\\\/www.notredamealarose.be\\\/#\\\/schema\\\/logo\\\/image\\\/\",\"url\":\"https:\\\/\\\/www.notredamealarose.be\\\/2022\\\/wp-content\\\/uploads\\\/2023\\\/12\\\/HNDR-logo-monochrome-neg.png\",\"contentUrl\":\"https:\\\/\\\/www.notredamealarose.be\\\/2022\\\/wp-content\\\/uploads\\\/2023\\\/12\\\/HNDR-logo-monochrome-neg.png\",\"width\":1998,\"height\":1239,\"caption\":\"H\u00f4pital Notre-Dame \u00e0 la Rose - Lessines\"},\"image\":{\"@id\":\"https:\\\/\\\/www.notredamealarose.be\\\/#\\\/schema\\\/logo\\\/image\\\/\"}}]}<\/script>\n<!-- \/ Yoast SEO plugin. -->","yoast_head_json":{"title":"Groepen - H\u00f4pital Notre-Dame \u00e0 la Rose - Lessines","robots":{"index":"index","follow":"follow","max-snippet":"max-snippet:-1","max-image-preview":"max-image-preview:large","max-video-preview":"max-video-preview:-1"},"canonical":"https:\/\/www.notredamealarose.be\/nl\/bezoeken\/groepen\/","og_locale":"nl_NL","og_type":"article","og_title":"Groepen - H\u00f4pital Notre-Dame \u00e0 la Rose - Lessines","og_description":"Passie, dat werkt aanstekelijk\u2026 Onze gidsen zullen met het grootste genoegen hun verhalen, kennis en emoties met U delen. Tijdens elke rondleiding, door het museumteam georganiseerd, is er tijd om van gedachten te wisselen of vragen te stellen. We verwelkomen groepen het hele jaar door, van dinsdag tot zondag. Helaas worden MuseumPasses niet geaccepteerd voor [&hellip;]","og_url":"https:\/\/www.notredamealarose.be\/nl\/bezoeken\/groepen\/","og_site_name":"H\u00f4pital Notre-Dame \u00e0 la Rose - Lessines","article_modified_time":"2025-12-17T09:43:40+00:00","og_image":[{"width":1000,"height":667,"url":"https:\/\/www.notredamealarose.be\/2022\/wp-content\/uploads\/2022\/12\/NOTRE-DAME-A-LA-ROSE-12-1000x667-1.jpg","type":"image\/jpeg"}],"twitter_card":"summary_large_image","schema":{"@context":"https:\/\/schema.org","@graph":[{"@type":"WebPage","@id":"https:\/\/www.notredamealarose.be\/nl\/bezoeken\/groepen\/","url":"https:\/\/www.notredamealarose.be\/nl\/bezoeken\/groepen\/","name":"Groepen - H\u00f4pital Notre-Dame \u00e0 la Rose - Lessines","isPartOf":{"@id":"https:\/\/www.notredamealarose.be\/#website"},"primaryImageOfPage":{"@id":"https:\/\/www.notredamealarose.be\/nl\/bezoeken\/groepen\/#primaryimage"},"image":{"@id":"https:\/\/www.notredamealarose.be\/nl\/bezoeken\/groepen\/#primaryimage"},"thumbnailUrl":"https:\/\/www.notredamealarose.be\/2022\/wp-content\/uploads\/2022\/12\/NOTRE-DAME-A-LA-ROSE-12-1000x667-1.jpg","datePublished":"2022-09-14T19:11:42+00:00","dateModified":"2025-12-17T09:43:40+00:00","breadcrumb":{"@id":"https:\/\/www.notredamealarose.be\/nl\/bezoeken\/groepen\/#breadcrumb"},"inLanguage":"nl-NL","potentialAction":[{"@type":"ReadAction","target":["https:\/\/www.notredamealarose.be\/nl\/bezoeken\/groepen\/"]}]},{"@type":"ImageObject","inLanguage":"nl-NL","@id":"https:\/\/www.notredamealarose.be\/nl\/bezoeken\/groepen\/#primaryimage","url":"https:\/\/www.notredamealarose.be\/2022\/wp-content\/uploads\/2022\/12\/NOTRE-DAME-A-LA-ROSE-12-1000x667-1.jpg","contentUrl":"https:\/\/www.notredamealarose.be\/2022\/wp-content\/uploads\/2022\/12\/NOTRE-DAME-A-LA-ROSE-12-1000x667-1.jpg","width":1000,"height":667},{"@type":"BreadcrumbList","@id":"https:\/\/www.notredamealarose.be\/nl\/bezoeken\/groepen\/#breadcrumb","itemListElement":[{"@type":"ListItem","position":1,"name":"Accueil","item":"https:\/\/www.notredamealarose.be\/nl\/"},{"@type":"ListItem","position":2,"name":"Bezoeken","item":"https:\/\/www.notredamealarose.be\/nl\/bezoeken\/"},{"@type":"ListItem","position":3,"name":"Groepen"}]},{"@type":"WebSite","@id":"https:\/\/www.notredamealarose.be\/#website","url":"https:\/\/www.notredamealarose.be\/","name":"H\u00f4pital Notre-Dame \u00e0 la Rose - Lessines","description":"Un mus\u00e9e magique et hors du temps !","publisher":{"@id":"https:\/\/www.notredamealarose.be\/#organization"},"potentialAction":[{"@type":"SearchAction","target":{"@type":"EntryPoint","urlTemplate":"https:\/\/www.notredamealarose.be\/?s={search_term_string}"},"query-input":{"@type":"PropertyValueSpecification","valueRequired":true,"valueName":"search_term_string"}}],"inLanguage":"nl-NL"},{"@type":"Organization","@id":"https:\/\/www.notredamealarose.be\/#organization","name":"H\u00f4pital Notre-Dame \u00e0 la Rose - Lessines","url":"https:\/\/www.notredamealarose.be\/","logo":{"@type":"ImageObject","inLanguage":"nl-NL","@id":"https:\/\/www.notredamealarose.be\/#\/schema\/logo\/image\/","url":"https:\/\/www.notredamealarose.be\/2022\/wp-content\/uploads\/2023\/12\/HNDR-logo-monochrome-neg.png","contentUrl":"https:\/\/www.notredamealarose.be\/2022\/wp-content\/uploads\/2023\/12\/HNDR-logo-monochrome-neg.png","width":1998,"height":1239,"caption":"H\u00f4pital Notre-Dame \u00e0 la Rose - Lessines"},"image":{"@id":"https:\/\/www.notredamealarose.be\/#\/schema\/logo\/image\/"}}]}},"jetpack_sharing_enabled":true,"_links":{"self":[{"href":"https:\/\/www.notredamealarose.be\/nl\/wp-json\/wp\/v2\/pages\/10250","targetHints":{"allow":["GET"]}}],"collection":[{"href":"https:\/\/www.notredamealarose.be\/nl\/wp-json\/wp\/v2\/pages"}],"about":[{"href":"https:\/\/www.notredamealarose.be\/nl\/wp-json\/wp\/v2\/types\/page"}],"author":[{"embeddable":true,"href":"https:\/\/www.notredamealarose.be\/nl\/wp-json\/wp\/v2\/users\/1"}],"replies":[{"embeddable":true,"href":"https:\/\/www.notredamealarose.be\/nl\/wp-json\/wp\/v2\/comments?post=10250"}],"version-history":[{"count":17,"href":"https:\/\/www.notredamealarose.be\/nl\/wp-json\/wp\/v2\/pages\/10250\/revisions"}],"predecessor-version":[{"id":13825,"href":"https:\/\/www.notredamealarose.be\/nl\/wp-json\/wp\/v2\/pages\/10250\/revisions\/13825"}],"up":[{"embeddable":true,"href":"https:\/\/www.notredamealarose.be\/nl\/wp-json\/wp\/v2\/pages\/10192"}],"wp:featuredmedia":[{"embeddable":true,"href":"https:\/\/www.notredamealarose.be\/nl\/wp-json\/wp\/v2\/media\/9914"}],"wp:attachment":[{"href":"https:\/\/www.notredamealarose.be\/nl\/wp-json\/wp\/v2\/media?parent=10250"}],"curies":[{"name":"wp","href":"https:\/\/api.w.org\/{rel}","templated":true}]}}