{"id":10259,"date":"2022-09-15T21:08:49","date_gmt":"2022-09-15T19:08:49","guid":{"rendered":"https:\/\/www.notredamealarose.be\/2022\/bezoeken\/individuele-bezoekers\/"},"modified":"2025-12-09T14:24:26","modified_gmt":"2025-12-09T13:24:26","slug":"individuele-bezoekers","status":"publish","type":"page","link":"https:\/\/www.notredamealarose.be\/nl\/bezoeken\/individuele-bezoekers\/","title":{"rendered":"Individuele bezoekers"},"content":{"rendered":"\n<p>Bezoek het museum (met gids of audiogids) en ontdek onze kruidentuinen (audiogids of didactische panelen).<\/p>\n\n\n\n<p>Het museum is open : van dinsdag tot vrijdag, van 9u00 tot 18u (laatste ticket om 16u45)\/ zaterdag, zon- en feestdagen, van 9u30 tot 18u30 (laatste ticket om 17u15).<\/p>\n\n\n\n<p>Gesloten op maandag (uitgezonderd feestdagen).<\/p>\n\n\n\n<h2 class=\"wp-block-heading positif\">Combi-ticket museum (gids of audiogids) en tuinen (audiogids)<\/h2>\n\n\n\n<p>Vrij bezoek met audiogids (museum +\/- 1u30 en tuinen +\/- 45 min)<\/p>\n\n\n\n<p>Rondleiding met gids (+\/- 2u) : Zondag en feestdagen om 15u<\/p>\n\n\n\n<ul class=\"wp-block-list\">\n<li>volwassenen (van 18 tot en met 64 jaar): 13 \u20ac<\/li>\n\n\n\n<li>senioren (+ 65 jaar): 10 \u20ac<\/li>\n\n\n\n<li>studententarief  (van 13 tot en met 17 jaar): 10 \u20ac<\/li>\n\n\n\n<li>Tarief voor studenten + (van 18 tot en met 24 jaar, op vertoon van studentenkaart): 10 \u20ac<\/li>\n\n\n\n<li>Kinderen (van 6 tot en met 12 jaar) \/ begeleider van personen met handicap : 5\u20ac<\/li>\n\n\n\n<li>Inwoners van Lessines \/ personen met handicap \/ Lerarenkaart \/ pers kaart \/ kinderen \u2013 6 jaar : gratis<\/li>\n\n\n\n<li>Museumpass gratis op vertoon van Museumpass of QR code<\/li>\n<\/ul>\n\n\n\n<div class=\"inherit-container-width wp-block-group alignfull has-ast-global-color-0-background-color has-background is-layout-constrained wp-block-group-is-layout-constrained\">\n<div style=\"height:50px\" aria-hidden=\"true\" class=\"wp-block-spacer\"><\/div>\n\n\n\n<h2 class=\"wp-block-heading negatiforange\">Boek uw tickets online<\/h2>\n\n\n\n<div class=\"wp-block-columns around is-layout-flex wp-container-core-columns-is-layout-d7d455e7 wp-block-columns-is-layout-flex\" style=\"padding-top:0;padding-right:0;padding-bottom:0;padding-left:0\">\n<div class=\"wp-block-column is-layout-flow wp-block-column-is-layout-flow\" style=\"flex-basis:33%\">\n<div style=\"height:50px\" aria-hidden=\"true\" class=\"wp-block-spacer\"><\/div>\n\n\n\n<p class=\"has-text-align-center has-ast-global-color-5-color has-text-color\"><i class=\"fas fa-headphones fa-3x\"><\/i><\/p>\n\n\n\n<h3 class=\"wp-block-heading has-text-align-center\">Bezoek met audiogids<\/h3>\n\n\n\n<div id=\"ConstellationWidgetContainer5d40365b-58de-4c3d-9895-855d4db3a263\" style=\"width:100%\" title=\"H\u00f4pital Notre-Dame \u00e0 la Rose\" data-id-projet=\"5d40365b58de4c3d9895855d4db3a263\">Chargement en cours&#8230;<\/div> <script type=\"text\/javascript\" src=\"https:\/\/reservation.elloha.com\/Scripts\/widget-loader.min.js?v=40\"><\/script><script type=\"text\/javascript\">var constellationWidgetUrl5d40365b58de4c3d9895855d4db3a263, constellationTypeModule5d40365b58de4c3d9895855d4db3a263; constellationWidgetUrl5d40365b58de4c3d9895855d4db3a263 = 'https:\/\/reservation.elloha.com\/Widget\/BookingEngine\/5d40365b-58de-4c3d-9895-855d4db3a263?idoi=d5c2a244-62cc-453f-8520-32a3935c6e16&culture=fr-FR'; constellationTypeModule5d40365b58de4c3d9895855d4db3a263=1; constellationWidgetLoad('ConstellationWidgetContainer5d40365b-58de-4c3d-9895-855d4db3a263'); constellationWidgetAddEvent(window, \"resize\", function () { constellationWidgetSetAppearance('ConstellationWidgetContainer5d40365b-58de-4c3d-9895-855d4db3a263'); });<\/script>\n\n\n\n<p class=\"has-ast-global-color-1-color has-text-color has-link-color wp-elements-9d898332ca353aa6b46e4bafc86ea845\">Pour les d\u00e9tenteurs du <strong>Museum Pass<\/strong>, utiliser le code promo &#8220;<strong><mark style=\"background-color:rgba(0, 0, 0, 0)\" class=\"has-inline-color has-ast-global-color-5-color\">MUSEUMPASS<\/mark><\/strong>&#8220;. Pour d\u00e9couvrir nos codes promos et savoir comment les utiliser merci de consulter<a href=\"https:\/\/www.dropbox.com\/s\/3hrxnibwo7ce23n\/Codes%20promo%20individuels.docx?dl=0\" target=\"_blank\" rel=\"noreferrer noopener\">&nbsp;ce document&nbsp;<\/a><\/p>\n<\/div>\n\n\n\n<div class=\"wp-block-column is-layout-flow wp-block-column-is-layout-flow\" style=\"flex-basis:33%\">\n<div style=\"height:50px\" aria-hidden=\"true\" class=\"wp-block-spacer\"><\/div>\n\n\n\n<p class=\"has-text-align-center has-ast-global-color-5-color has-text-color\"><i class=\"fas fa-user fa-3x\"><\/i><\/p>\n\n\n\n<h3 class=\"wp-block-heading has-text-align-center\">Bezoek met een gids<\/h3>\n\n\n\n<div id=\"ConstellationWidgetContainer849a40f0-05c0-4af9-9f31-a3b532ed1ddd\" style=\"width:100%\" title=\"H\u00f4pital Notre-Dame \u00e0 la Rose\" data-id-projet=\"849a40f005c04af99f31a3b532ed1ddd\">Chargement en cours&#8230;<\/div> <script type=\"text\/javascript\" src=\"https:\/\/reservation.elloha.com\/Scripts\/widget-loader.min.js?v=41\"><\/script><script type=\"text\/javascript\">var constellationWidgetUrl849a40f005c04af99f31a3b532ed1ddd, constellationTypeModule849a40f005c04af99f31a3b532ed1ddd; constellationWidgetUrl849a40f005c04af99f31a3b532ed1ddd = 'https:\/\/reservation.elloha.com\/Widget\/BookingEngine\/849a40f0-05c0-4af9-9f31-a3b532ed1ddd?idoi=d5c2a244-62cc-453f-8520-32a3935c6e16&culture=fr-FR'; constellationTypeModule849a40f005c04af99f31a3b532ed1ddd=1; constellationWidgetLoad('ConstellationWidgetContainer849a40f0-05c0-4af9-9f31-a3b532ed1ddd'); constellationWidgetAddEvent(window, \"resize\", function () { constellationWidgetSetAppearance('ConstellationWidgetContainer849a40f0-05c0-4af9-9f31-a3b532ed1ddd'); });<\/script>\n<\/div>\n<\/div>\n\n\n\n<div style=\"height:50px\" aria-hidden=\"true\" class=\"wp-block-spacer\"><\/div>\n<\/div>\n\n\n\n<p><\/p>\n","protected":false},"excerpt":{"rendered":"<p>Bezoek het museum (met gids of audiogids) en ontdek onze kruidentuinen (audiogids of didactische panelen). Het museum is open : van dinsdag tot vrijdag, van 9u00 tot 18u (laatste ticket om 16u45)\/ zaterdag, zon- en feestdagen, van 9u30 tot 18u30 (laatste ticket om 17u15). Gesloten op maandag (uitgezonderd feestdagen). Combi-ticket museum (gids of audiogids) en [&hellip;]<\/p>\n","protected":false},"author":1,"featured_media":9891,"parent":10192,"menu_order":0,"comment_status":"closed","ping_status":"closed","template":"","meta":{"site-sidebar-layout":"default","site-content-layout":"","ast-site-content-layout":"default","site-content-style":"default","site-sidebar-style":"default","ast-global-header-display":"","ast-banner-title-visibility":"","ast-main-header-display":"","ast-hfb-above-header-display":"","ast-hfb-below-header-display":"","ast-hfb-mobile-header-display":"","site-post-title":"","ast-breadcrumbs-content":"","ast-featured-img":"","footer-sml-layout":"","theme-transparent-header-meta":"","adv-header-id-meta":"","stick-header-meta":"","header-above-stick-meta":"","header-main-stick-meta":"","header-below-stick-meta":"","astra-migrate-meta-layouts":"set","ast-page-background-enabled":"default","ast-page-background-meta":{"desktop":{"background-color":"var(--ast-global-color-4)","background-image":"","background-repeat":"repeat","background-position":"center center","background-size":"auto","background-attachment":"scroll","background-type":"","background-media":"","overlay-type":"","overlay-color":"","overlay-gradient":""},"tablet":{"background-color":"","background-image":"","background-repeat":"repeat","background-position":"center center","background-size":"auto","background-attachment":"scroll","background-type":"","background-media":"","overlay-type":"","overlay-color":"","overlay-gradient":""},"mobile":{"background-color":"","background-image":"","background-repeat":"repeat","background-position":"center center","background-size":"auto","background-attachment":"scroll","background-type":"","background-media":"","overlay-type":"","overlay-color":"","overlay-gradient":""}},"ast-content-background-meta":{"desktop":{"background-color":"var(--ast-global-color-5)","background-image":"","background-repeat":"repeat","background-position":"center center","background-size":"auto","background-attachment":"scroll","background-type":"","background-media":"","overlay-type":"","overlay-color":"","overlay-gradient":""},"tablet":{"background-color":"var(--ast-global-color-5)","background-image":"","background-repeat":"repeat","background-position":"center center","background-size":"auto","background-attachment":"scroll","background-type":"","background-media":"","overlay-type":"","overlay-color":"","overlay-gradient":""},"mobile":{"background-color":"var(--ast-global-color-5)","background-image":"","background-repeat":"repeat","background-position":"center center","background-size":"auto","background-attachment":"scroll","background-type":"","background-media":"","overlay-type":"","overlay-color":"","overlay-gradient":""}},"_price":"","_stock":"","_tribe_ticket_header":"","_tribe_default_ticket_provider":"","_tribe_ticket_capacity":"0","_ticket_start_date":"","_ticket_end_date":"","_tribe_ticket_show_description":"","_tribe_ticket_show_not_going":false,"_tribe_ticket_use_global_stock":"","_tribe_ticket_global_stock_level":"","_global_stock_mode":"","_global_stock_cap":"","_tribe_rsvp_for_event":"","_tribe_ticket_going_count":"","_tribe_ticket_not_going_count":"","_tribe_tickets_list":"[]","_tribe_ticket_has_attendee_info_fields":false,"footnotes":""},"class_list":["post-10259","page","type-page","status-publish","has-post-thumbnail","hentry"],"yoast_head":"<!-- This site is optimized with the Yoast SEO plugin v27.5 - https:\/\/yoast.com\/product\/yoast-seo-wordpress\/ -->\n<title>Individuele bezoekers - H\u00f4pital Notre-Dame \u00e0 la Rose - Lessines<\/title>\n<meta name=\"description\" content=\"Boek uw ticket als individuele bezoeker met gids of audiogids in het Museum van het H\u00f4pital Notre-Dame \u00e0 la Rose in Lessines.\" \/>\n<meta name=\"robots\" content=\"index, follow, max-snippet:-1, max-image-preview:large, max-video-preview:-1\" \/>\n<link rel=\"canonical\" href=\"https:\/\/www.notredamealarose.be\/nl\/bezoeken\/individuele-bezoekers\/\" \/>\n<meta property=\"og:locale\" content=\"nl_NL\" \/>\n<meta property=\"og:type\" content=\"article\" \/>\n<meta property=\"og:title\" content=\"Individuele bezoekers - H\u00f4pital Notre-Dame \u00e0 la Rose - Lessines\" \/>\n<meta property=\"og:description\" content=\"Boek uw ticket als individuele bezoeker met gids of audiogids in het Museum van het H\u00f4pital Notre-Dame \u00e0 la Rose in Lessines.\" \/>\n<meta property=\"og:url\" content=\"https:\/\/www.notredamealarose.be\/nl\/bezoeken\/individuele-bezoekers\/\" \/>\n<meta property=\"og:site_name\" content=\"H\u00f4pital Notre-Dame \u00e0 la Rose - Lessines\" \/>\n<meta property=\"article:modified_time\" content=\"2025-12-09T13:24:26+00:00\" \/>\n<meta property=\"og:image\" content=\"https:\/\/www.notredamealarose.be\/2022\/wp-content\/uploads\/2022\/12\/DSC_0403-2.jpg\" \/>\n\t<meta property=\"og:image:width\" content=\"567\" \/>\n\t<meta property=\"og:image:height\" content=\"378\" \/>\n\t<meta property=\"og:image:type\" content=\"image\/jpeg\" \/>\n<meta name=\"twitter:card\" content=\"summary_large_image\" \/>\n<script type=\"application\/ld+json\" class=\"yoast-schema-graph\">{\"@context\":\"https:\\\/\\\/schema.org\",\"@graph\":[{\"@type\":\"WebPage\",\"@id\":\"https:\\\/\\\/www.notredamealarose.be\\\/nl\\\/bezoeken\\\/individuele-bezoekers\\\/\",\"url\":\"https:\\\/\\\/www.notredamealarose.be\\\/nl\\\/bezoeken\\\/individuele-bezoekers\\\/\",\"name\":\"Individuele bezoekers - H\u00f4pital Notre-Dame \u00e0 la Rose - Lessines\",\"isPartOf\":{\"@id\":\"https:\\\/\\\/www.notredamealarose.be\\\/#website\"},\"primaryImageOfPage\":{\"@id\":\"https:\\\/\\\/www.notredamealarose.be\\\/nl\\\/bezoeken\\\/individuele-bezoekers\\\/#primaryimage\"},\"image\":{\"@id\":\"https:\\\/\\\/www.notredamealarose.be\\\/nl\\\/bezoeken\\\/individuele-bezoekers\\\/#primaryimage\"},\"thumbnailUrl\":\"https:\\\/\\\/www.notredamealarose.be\\\/2022\\\/wp-content\\\/uploads\\\/2022\\\/12\\\/DSC_0403-2.jpg\",\"datePublished\":\"2022-09-15T19:08:49+00:00\",\"dateModified\":\"2025-12-09T13:24:26+00:00\",\"description\":\"Boek uw ticket als individuele bezoeker met gids of audiogids in het Museum van het H\u00f4pital Notre-Dame \u00e0 la Rose in Lessines.\",\"breadcrumb\":{\"@id\":\"https:\\\/\\\/www.notredamealarose.be\\\/nl\\\/bezoeken\\\/individuele-bezoekers\\\/#breadcrumb\"},\"inLanguage\":\"nl-NL\",\"potentialAction\":[{\"@type\":\"ReadAction\",\"target\":[\"https:\\\/\\\/www.notredamealarose.be\\\/nl\\\/bezoeken\\\/individuele-bezoekers\\\/\"]}]},{\"@type\":\"ImageObject\",\"inLanguage\":\"nl-NL\",\"@id\":\"https:\\\/\\\/www.notredamealarose.be\\\/nl\\\/bezoeken\\\/individuele-bezoekers\\\/#primaryimage\",\"url\":\"https:\\\/\\\/www.notredamealarose.be\\\/2022\\\/wp-content\\\/uploads\\\/2022\\\/12\\\/DSC_0403-2.jpg\",\"contentUrl\":\"https:\\\/\\\/www.notredamealarose.be\\\/2022\\\/wp-content\\\/uploads\\\/2022\\\/12\\\/DSC_0403-2.jpg\",\"width\":567,\"height\":378},{\"@type\":\"BreadcrumbList\",\"@id\":\"https:\\\/\\\/www.notredamealarose.be\\\/nl\\\/bezoeken\\\/individuele-bezoekers\\\/#breadcrumb\",\"itemListElement\":[{\"@type\":\"ListItem\",\"position\":1,\"name\":\"Accueil\",\"item\":\"https:\\\/\\\/www.notredamealarose.be\\\/nl\\\/\"},{\"@type\":\"ListItem\",\"position\":2,\"name\":\"Bezoeken\",\"item\":\"https:\\\/\\\/www.notredamealarose.be\\\/nl\\\/bezoeken\\\/\"},{\"@type\":\"ListItem\",\"position\":3,\"name\":\"Individuele bezoekers\"}]},{\"@type\":\"WebSite\",\"@id\":\"https:\\\/\\\/www.notredamealarose.be\\\/#website\",\"url\":\"https:\\\/\\\/www.notredamealarose.be\\\/\",\"name\":\"H\u00f4pital Notre-Dame \u00e0 la Rose - Lessines\",\"description\":\"Un mus\u00e9e magique et hors du temps !\",\"publisher\":{\"@id\":\"https:\\\/\\\/www.notredamealarose.be\\\/#organization\"},\"potentialAction\":[{\"@type\":\"SearchAction\",\"target\":{\"@type\":\"EntryPoint\",\"urlTemplate\":\"https:\\\/\\\/www.notredamealarose.be\\\/?s={search_term_string}\"},\"query-input\":{\"@type\":\"PropertyValueSpecification\",\"valueRequired\":true,\"valueName\":\"search_term_string\"}}],\"inLanguage\":\"nl-NL\"},{\"@type\":\"Organization\",\"@id\":\"https:\\\/\\\/www.notredamealarose.be\\\/#organization\",\"name\":\"H\u00f4pital Notre-Dame \u00e0 la Rose - Lessines\",\"url\":\"https:\\\/\\\/www.notredamealarose.be\\\/\",\"logo\":{\"@type\":\"ImageObject\",\"inLanguage\":\"nl-NL\",\"@id\":\"https:\\\/\\\/www.notredamealarose.be\\\/#\\\/schema\\\/logo\\\/image\\\/\",\"url\":\"https:\\\/\\\/www.notredamealarose.be\\\/2022\\\/wp-content\\\/uploads\\\/2023\\\/12\\\/HNDR-logo-monochrome-neg.png\",\"contentUrl\":\"https:\\\/\\\/www.notredamealarose.be\\\/2022\\\/wp-content\\\/uploads\\\/2023\\\/12\\\/HNDR-logo-monochrome-neg.png\",\"width\":1998,\"height\":1239,\"caption\":\"H\u00f4pital Notre-Dame \u00e0 la Rose - Lessines\"},\"image\":{\"@id\":\"https:\\\/\\\/www.notredamealarose.be\\\/#\\\/schema\\\/logo\\\/image\\\/\"}}]}<\/script>\n<!-- \/ Yoast SEO plugin. -->","yoast_head_json":{"title":"Individuele bezoekers - H\u00f4pital Notre-Dame \u00e0 la Rose - Lessines","description":"Boek uw ticket als individuele bezoeker met gids of audiogids in het Museum van het H\u00f4pital Notre-Dame \u00e0 la Rose in Lessines.","robots":{"index":"index","follow":"follow","max-snippet":"max-snippet:-1","max-image-preview":"max-image-preview:large","max-video-preview":"max-video-preview:-1"},"canonical":"https:\/\/www.notredamealarose.be\/nl\/bezoeken\/individuele-bezoekers\/","og_locale":"nl_NL","og_type":"article","og_title":"Individuele bezoekers - H\u00f4pital Notre-Dame \u00e0 la Rose - Lessines","og_description":"Boek uw ticket als individuele bezoeker met gids of audiogids in het Museum van het H\u00f4pital Notre-Dame \u00e0 la Rose in Lessines.","og_url":"https:\/\/www.notredamealarose.be\/nl\/bezoeken\/individuele-bezoekers\/","og_site_name":"H\u00f4pital Notre-Dame \u00e0 la Rose - Lessines","article_modified_time":"2025-12-09T13:24:26+00:00","og_image":[{"width":567,"height":378,"url":"https:\/\/www.notredamealarose.be\/2022\/wp-content\/uploads\/2022\/12\/DSC_0403-2.jpg","type":"image\/jpeg"}],"twitter_card":"summary_large_image","schema":{"@context":"https:\/\/schema.org","@graph":[{"@type":"WebPage","@id":"https:\/\/www.notredamealarose.be\/nl\/bezoeken\/individuele-bezoekers\/","url":"https:\/\/www.notredamealarose.be\/nl\/bezoeken\/individuele-bezoekers\/","name":"Individuele bezoekers - H\u00f4pital Notre-Dame \u00e0 la Rose - Lessines","isPartOf":{"@id":"https:\/\/www.notredamealarose.be\/#website"},"primaryImageOfPage":{"@id":"https:\/\/www.notredamealarose.be\/nl\/bezoeken\/individuele-bezoekers\/#primaryimage"},"image":{"@id":"https:\/\/www.notredamealarose.be\/nl\/bezoeken\/individuele-bezoekers\/#primaryimage"},"thumbnailUrl":"https:\/\/www.notredamealarose.be\/2022\/wp-content\/uploads\/2022\/12\/DSC_0403-2.jpg","datePublished":"2022-09-15T19:08:49+00:00","dateModified":"2025-12-09T13:24:26+00:00","description":"Boek uw ticket als individuele bezoeker met gids of audiogids in het Museum van het H\u00f4pital Notre-Dame \u00e0 la Rose in Lessines.","breadcrumb":{"@id":"https:\/\/www.notredamealarose.be\/nl\/bezoeken\/individuele-bezoekers\/#breadcrumb"},"inLanguage":"nl-NL","potentialAction":[{"@type":"ReadAction","target":["https:\/\/www.notredamealarose.be\/nl\/bezoeken\/individuele-bezoekers\/"]}]},{"@type":"ImageObject","inLanguage":"nl-NL","@id":"https:\/\/www.notredamealarose.be\/nl\/bezoeken\/individuele-bezoekers\/#primaryimage","url":"https:\/\/www.notredamealarose.be\/2022\/wp-content\/uploads\/2022\/12\/DSC_0403-2.jpg","contentUrl":"https:\/\/www.notredamealarose.be\/2022\/wp-content\/uploads\/2022\/12\/DSC_0403-2.jpg","width":567,"height":378},{"@type":"BreadcrumbList","@id":"https:\/\/www.notredamealarose.be\/nl\/bezoeken\/individuele-bezoekers\/#breadcrumb","itemListElement":[{"@type":"ListItem","position":1,"name":"Accueil","item":"https:\/\/www.notredamealarose.be\/nl\/"},{"@type":"ListItem","position":2,"name":"Bezoeken","item":"https:\/\/www.notredamealarose.be\/nl\/bezoeken\/"},{"@type":"ListItem","position":3,"name":"Individuele bezoekers"}]},{"@type":"WebSite","@id":"https:\/\/www.notredamealarose.be\/#website","url":"https:\/\/www.notredamealarose.be\/","name":"H\u00f4pital Notre-Dame \u00e0 la Rose - Lessines","description":"Un mus\u00e9e magique et hors du temps !","publisher":{"@id":"https:\/\/www.notredamealarose.be\/#organization"},"potentialAction":[{"@type":"SearchAction","target":{"@type":"EntryPoint","urlTemplate":"https:\/\/www.notredamealarose.be\/?s={search_term_string}"},"query-input":{"@type":"PropertyValueSpecification","valueRequired":true,"valueName":"search_term_string"}}],"inLanguage":"nl-NL"},{"@type":"Organization","@id":"https:\/\/www.notredamealarose.be\/#organization","name":"H\u00f4pital Notre-Dame \u00e0 la Rose - Lessines","url":"https:\/\/www.notredamealarose.be\/","logo":{"@type":"ImageObject","inLanguage":"nl-NL","@id":"https:\/\/www.notredamealarose.be\/#\/schema\/logo\/image\/","url":"https:\/\/www.notredamealarose.be\/2022\/wp-content\/uploads\/2023\/12\/HNDR-logo-monochrome-neg.png","contentUrl":"https:\/\/www.notredamealarose.be\/2022\/wp-content\/uploads\/2023\/12\/HNDR-logo-monochrome-neg.png","width":1998,"height":1239,"caption":"H\u00f4pital Notre-Dame \u00e0 la Rose - Lessines"},"image":{"@id":"https:\/\/www.notredamealarose.be\/#\/schema\/logo\/image\/"}}]}},"jetpack_sharing_enabled":true,"_links":{"self":[{"href":"https:\/\/www.notredamealarose.be\/nl\/wp-json\/wp\/v2\/pages\/10259","targetHints":{"allow":["GET"]}}],"collection":[{"href":"https:\/\/www.notredamealarose.be\/nl\/wp-json\/wp\/v2\/pages"}],"about":[{"href":"https:\/\/www.notredamealarose.be\/nl\/wp-json\/wp\/v2\/types\/page"}],"author":[{"embeddable":true,"href":"https:\/\/www.notredamealarose.be\/nl\/wp-json\/wp\/v2\/users\/1"}],"replies":[{"embeddable":true,"href":"https:\/\/www.notredamealarose.be\/nl\/wp-json\/wp\/v2\/comments?post=10259"}],"version-history":[{"count":17,"href":"https:\/\/www.notredamealarose.be\/nl\/wp-json\/wp\/v2\/pages\/10259\/revisions"}],"predecessor-version":[{"id":13316,"href":"https:\/\/www.notredamealarose.be\/nl\/wp-json\/wp\/v2\/pages\/10259\/revisions\/13316"}],"up":[{"embeddable":true,"href":"https:\/\/www.notredamealarose.be\/nl\/wp-json\/wp\/v2\/pages\/10192"}],"wp:featuredmedia":[{"embeddable":true,"href":"https:\/\/www.notredamealarose.be\/nl\/wp-json\/wp\/v2\/media\/9891"}],"wp:attachment":[{"href":"https:\/\/www.notredamealarose.be\/nl\/wp-json\/wp\/v2\/media?parent=10259"}],"curies":[{"name":"wp","href":"https:\/\/api.w.org\/{rel}","templated":true}]}}