{"id":10265,"date":"2022-09-13T21:12:04","date_gmt":"2022-09-13T19:12:04","guid":{"rendered":"https:\/\/www.notredamealarose.be\/2022\/bezoeken\/scholen\/"},"modified":"2024-10-07T08:55:43","modified_gmt":"2024-10-07T06:55:43","slug":"scholen","status":"publish","type":"page","link":"https:\/\/www.notredamealarose.be\/nl\/bezoeken\/scholen\/","title":{"rendered":"Scholen"},"content":{"rendered":"\n<div class=\"wp-block-columns is-layout-flex wp-container-core-columns-is-layout-28f84493 wp-block-columns-is-layout-flex\">\n<div class=\"wp-block-column is-layout-flow wp-block-column-is-layout-flow\" style=\"flex-basis:75%\">\n<p>Lager, hoger onderwijs en secundair onderwijs zijn welkom. Ontdek hieronder ons aanbod aan rondleidingen.<\/p>\n\n\n\n<p>We verwelkomen scholen van dinsdag tot zondag, het hele jaar door, na reservatie.<\/p>\n\n\n\n<p>Voor het secundair onderwijs hebben we een specifiek aanbod voor opleidingen paramedische bezoeken. <\/p>\n\n\n\n<p>Deze kunnen steeds bij ons terecht om de geschiedenis van de gezondheidszorg te ontdekken. <\/p>\n<\/div>\n\n\n\n<div class=\"wp-block-column is-layout-flow wp-block-column-is-layout-flow\" style=\"flex-basis:25%\">\n<figure class=\"wp-block-image size-full\"><img loading=\"lazy\" decoding=\"async\" width=\"1000\" height=\"663\" src=\"https:\/\/www.notredamealarose.be\/2022\/wp-content\/uploads\/2022\/12\/14001520651_372aab5e43_h-1000x663-1.jpg\" alt=\"\" class=\"wp-image-9966\" srcset=\"https:\/\/www.notredamealarose.be\/2022\/wp-content\/uploads\/2022\/12\/14001520651_372aab5e43_h-1000x663-1.jpg 1000w, https:\/\/www.notredamealarose.be\/2022\/wp-content\/uploads\/2022\/12\/14001520651_372aab5e43_h-1000x663-1-300x199.jpg 300w, https:\/\/www.notredamealarose.be\/2022\/wp-content\/uploads\/2022\/12\/14001520651_372aab5e43_h-1000x663-1-768x509.jpg 768w\" sizes=\"auto, (max-width: 1000px) 100vw, 1000px\" \/><\/figure>\n<\/div>\n<\/div>\n\n\n\n\n\n<h2 class=\"wp-block-heading positif\">Kennismakingsbezoek<\/h2>\n\n\n\n<p>Een eerste ontdekking van het museum. Een absoluut minimum. (tussen 1u30 en 2u)<\/p>\n\n\n\n<ul class=\"wp-block-list\">\n<li>Inkom : 6\u20ac per leerling<\/li>\n\n\n\n<li>8\u20ac per volwassen<\/li>\n\n\n\n<li>Gids : 65\u20ac per gids (\u00e9\u00e9n gids per klas van ongeveer 25 leerlingen)<\/li>\n\n\n\n<li>E\u00e9n begeleider gratis per 25 leerlingen<\/li>\n<\/ul>\n\n\n\n\n\n<h2 class=\"wp-block-heading positif\">Uitgediept bezoek<\/h2>\n\n\n\n<p>Een volledig en uitgebreid bezoek over specifieke thema\u2019s naar keuze: architectuur, kunstcollecties, wetenschappelijke collecties,\u2026. Een ideale formule voor een boeiende voor- of namiddag.<\/p>\n\n\n\n<ul class=\"wp-block-list\">\n<li>Inkom : 8\u20ac per leerling<\/li>\n\n\n\n<li>9 \u20ac per volwassen<\/li>\n\n\n\n<li>Gids : 95\u20ac per gids (\u00e9\u00e9n gids per klas van ongeveer 25 leerlingen)<\/li>\n\n\n\n<li>E\u00e9n begeleider gratis per 25 leerlingen<\/li>\n<\/ul>\n\n\n\n<h2 class=\"wp-block-heading positif\">Een dag in het Hospitaal<\/h2>\n\n\n\n<p>Neem gerust de tijd om alles te leren over het Hospitaal Onze-Lieve-Vrouw met de Roos, de collecties en de architectuur alsook de geschiedenis van de hospitalen en de sociale hulpverlening in Belgi\u00eb vanaf de Middeleeuwen tot vandaag. .<\/p>\n\n\n\n<ul class=\"wp-block-list\">\n<li>Inkom : 10\u20ac per leerling<\/li>\n\n\n\n<li>11\u20ac per volwassen<\/li>\n\n\n\n<li>Gids : 125\u20ac per gids (\u00e9\u00e9n gids per klas van ongeveer 25 leerlingen)<\/li>\n\n\n\n<li>E\u00e9n begeleider gratis per 25 leerlingen<\/li>\n<\/ul>\n\n\n\n\n\n<div class=\"wp-block-columns is-layout-flex wp-container-core-columns-is-layout-28f84493 wp-block-columns-is-layout-flex\">\n<div class=\"wp-block-column is-layout-flow wp-block-column-is-layout-flow\" style=\"flex-basis:33.33%\">\n<figure class=\"wp-block-image size-large is-resized\"><img loading=\"lazy\" decoding=\"async\" width=\"1024\" height=\"600\" src=\"https:\/\/www.notredamealarose.be\/2022\/wp-content\/uploads\/2023\/02\/NOTRE-DAME-A-LA-ROSE-47-1024x600.jpg\" alt=\"\" class=\"wp-image-10441\" style=\"width:932px;height:545px\" srcset=\"https:\/\/www.notredamealarose.be\/2022\/wp-content\/uploads\/2023\/02\/NOTRE-DAME-A-LA-ROSE-47-1024x600.jpg 1024w, https:\/\/www.notredamealarose.be\/2022\/wp-content\/uploads\/2023\/02\/NOTRE-DAME-A-LA-ROSE-47-300x176.jpg 300w, https:\/\/www.notredamealarose.be\/2022\/wp-content\/uploads\/2023\/02\/NOTRE-DAME-A-LA-ROSE-47-768x450.jpg 768w, https:\/\/www.notredamealarose.be\/2022\/wp-content\/uploads\/2023\/02\/NOTRE-DAME-A-LA-ROSE-47-1536x899.jpg 1536w, https:\/\/www.notredamealarose.be\/2022\/wp-content\/uploads\/2023\/02\/NOTRE-DAME-A-LA-ROSE-47.jpg 1650w\" sizes=\"auto, (max-width: 1024px) 100vw, 1024px\" \/><\/figure>\n<\/div>\n<\/div>\n\n\n\n\n\n<div class=\"wp-block-columns is-layout-flex wp-container-core-columns-is-layout-28f84493 wp-block-columns-is-layout-flex\">\n<div class=\"wp-block-column is-layout-flow wp-block-column-is-layout-flow\" style=\"flex-basis:33.33%\">\n<div class=\"wp-block-buttons is-layout-flex wp-block-buttons-is-layout-flex\"><\/div>\n<\/div>\n<\/div>\n\n\n\n\n\n<div class=\"inherit-container-width wp-block-group alignfull has-ast-global-color-5-color has-ast-global-color-0-background-color has-text-color has-background has-link-color wp-elements-d22d0b482c6a69e2ba840755b22d347f is-layout-constrained wp-block-group-is-layout-constrained\">\n\n\n<h2 class=\"wp-block-heading negatiforange\">Reservaties<\/h2>\n\n\n\n<p><strong>Per email : info@notredamealarose.be<\/strong><\/p>\n\n\n\n<p><strong>Par telefoon : +32 (0)68 33 24 03<\/strong><\/p>\n\n\n<\/div>\n","protected":false},"excerpt":{"rendered":"<p>Lager, hoger onderwijs en secundair onderwijs zijn welkom. Ontdek hieronder ons aanbod aan rondleidingen. We verwelkomen scholen van dinsdag tot zondag, het hele jaar door, na reservatie. Voor het secundair onderwijs hebben we een specifiek aanbod voor opleidingen paramedische bezoeken. Deze kunnen steeds bij ons terecht om de geschiedenis van de gezondheidszorg te ontdekken. Kennismakingsbezoek [&hellip;]<\/p>\n","protected":false},"author":1,"featured_media":9911,"parent":10192,"menu_order":0,"comment_status":"closed","ping_status":"closed","template":"","meta":{"site-sidebar-layout":"default","site-content-layout":"","ast-site-content-layout":"default","site-content-style":"default","site-sidebar-style":"default","ast-global-header-display":"","ast-banner-title-visibility":"","ast-main-header-display":"","ast-hfb-above-header-display":"","ast-hfb-below-header-display":"","ast-hfb-mobile-header-display":"","site-post-title":"","ast-breadcrumbs-content":"","ast-featured-img":"","footer-sml-layout":"","theme-transparent-header-meta":"","adv-header-id-meta":"","stick-header-meta":"","header-above-stick-meta":"","header-main-stick-meta":"","header-below-stick-meta":"","astra-migrate-meta-layouts":"set","ast-page-background-enabled":"default","ast-page-background-meta":{"desktop":{"background-color":"var(--ast-global-color-4)","background-image":"","background-repeat":"repeat","background-position":"center center","background-size":"auto","background-attachment":"scroll","background-type":"","background-media":"","overlay-type":"","overlay-color":"","overlay-gradient":""},"tablet":{"background-color":"","background-image":"","background-repeat":"repeat","background-position":"center center","background-size":"auto","background-attachment":"scroll","background-type":"","background-media":"","overlay-type":"","overlay-color":"","overlay-gradient":""},"mobile":{"background-color":"","background-image":"","background-repeat":"repeat","background-position":"center center","background-size":"auto","background-attachment":"scroll","background-type":"","background-media":"","overlay-type":"","overlay-color":"","overlay-gradient":""}},"ast-content-background-meta":{"desktop":{"background-color":"var(--ast-global-color-5)","background-image":"","background-repeat":"repeat","background-position":"center center","background-size":"auto","background-attachment":"scroll","background-type":"","background-media":"","overlay-type":"","overlay-color":"","overlay-gradient":""},"tablet":{"background-color":"var(--ast-global-color-5)","background-image":"","background-repeat":"repeat","background-position":"center center","background-size":"auto","background-attachment":"scroll","background-type":"","background-media":"","overlay-type":"","overlay-color":"","overlay-gradient":""},"mobile":{"background-color":"var(--ast-global-color-5)","background-image":"","background-repeat":"repeat","background-position":"center center","background-size":"auto","background-attachment":"scroll","background-type":"","background-media":"","overlay-type":"","overlay-color":"","overlay-gradient":""}},"_price":"","_stock":"","_tribe_ticket_header":"","_tribe_default_ticket_provider":"","_tribe_ticket_capacity":"0","_ticket_start_date":"","_ticket_end_date":"","_tribe_ticket_show_description":"","_tribe_ticket_show_not_going":false,"_tribe_ticket_use_global_stock":"","_tribe_ticket_global_stock_level":"","_global_stock_mode":"","_global_stock_cap":"","_tribe_rsvp_for_event":"","_tribe_ticket_going_count":"","_tribe_ticket_not_going_count":"","_tribe_tickets_list":"[]","_tribe_ticket_has_attendee_info_fields":false,"footnotes":""},"class_list":["post-10265","page","type-page","status-publish","has-post-thumbnail","hentry"],"yoast_head":"<!-- This site is optimized with the Yoast SEO plugin v27.5 - https:\/\/yoast.com\/product\/yoast-seo-wordpress\/ -->\n<title>Scholen - H\u00f4pital Notre-Dame \u00e0 la Rose - Lessines<\/title>\n<meta name=\"robots\" content=\"index, follow, max-snippet:-1, max-image-preview:large, max-video-preview:-1\" \/>\n<link rel=\"canonical\" href=\"https:\/\/www.notredamealarose.be\/nl\/bezoeken\/scholen\/\" \/>\n<meta property=\"og:locale\" content=\"nl_NL\" \/>\n<meta property=\"og:type\" content=\"article\" \/>\n<meta property=\"og:title\" content=\"Scholen - H\u00f4pital Notre-Dame \u00e0 la Rose - Lessines\" \/>\n<meta property=\"og:description\" content=\"Lager, hoger onderwijs en secundair onderwijs zijn welkom. Ontdek hieronder ons aanbod aan rondleidingen. We verwelkomen scholen van dinsdag tot zondag, het hele jaar door, na reservatie. Voor het secundair onderwijs hebben we een specifiek aanbod voor opleidingen paramedische bezoeken. Deze kunnen steeds bij ons terecht om de geschiedenis van de gezondheidszorg te ontdekken. Kennismakingsbezoek [&hellip;]\" \/>\n<meta property=\"og:url\" content=\"https:\/\/www.notredamealarose.be\/nl\/bezoeken\/scholen\/\" \/>\n<meta property=\"og:site_name\" content=\"H\u00f4pital Notre-Dame \u00e0 la Rose - Lessines\" \/>\n<meta property=\"article:modified_time\" content=\"2024-10-07T06:55:43+00:00\" \/>\n<meta property=\"og:image\" content=\"https:\/\/www.notredamealarose.be\/2022\/wp-content\/uploads\/2022\/12\/enfant2-1000x667-1.jpg\" \/>\n\t<meta property=\"og:image:width\" content=\"1000\" \/>\n\t<meta property=\"og:image:height\" content=\"667\" \/>\n\t<meta property=\"og:image:type\" content=\"image\/jpeg\" \/>\n<meta name=\"twitter:card\" content=\"summary_large_image\" \/>\n<script type=\"application\/ld+json\" class=\"yoast-schema-graph\">{\"@context\":\"https:\\\/\\\/schema.org\",\"@graph\":[{\"@type\":\"WebPage\",\"@id\":\"https:\\\/\\\/www.notredamealarose.be\\\/nl\\\/bezoeken\\\/scholen\\\/\",\"url\":\"https:\\\/\\\/www.notredamealarose.be\\\/nl\\\/bezoeken\\\/scholen\\\/\",\"name\":\"Scholen - H\u00f4pital Notre-Dame \u00e0 la Rose - Lessines\",\"isPartOf\":{\"@id\":\"https:\\\/\\\/www.notredamealarose.be\\\/#website\"},\"primaryImageOfPage\":{\"@id\":\"https:\\\/\\\/www.notredamealarose.be\\\/nl\\\/bezoeken\\\/scholen\\\/#primaryimage\"},\"image\":{\"@id\":\"https:\\\/\\\/www.notredamealarose.be\\\/nl\\\/bezoeken\\\/scholen\\\/#primaryimage\"},\"thumbnailUrl\":\"https:\\\/\\\/www.notredamealarose.be\\\/2022\\\/wp-content\\\/uploads\\\/2022\\\/12\\\/enfant2-1000x667-1.jpg\",\"datePublished\":\"2022-09-13T19:12:04+00:00\",\"dateModified\":\"2024-10-07T06:55:43+00:00\",\"breadcrumb\":{\"@id\":\"https:\\\/\\\/www.notredamealarose.be\\\/nl\\\/bezoeken\\\/scholen\\\/#breadcrumb\"},\"inLanguage\":\"nl-NL\",\"potentialAction\":[{\"@type\":\"ReadAction\",\"target\":[\"https:\\\/\\\/www.notredamealarose.be\\\/nl\\\/bezoeken\\\/scholen\\\/\"]}]},{\"@type\":\"ImageObject\",\"inLanguage\":\"nl-NL\",\"@id\":\"https:\\\/\\\/www.notredamealarose.be\\\/nl\\\/bezoeken\\\/scholen\\\/#primaryimage\",\"url\":\"https:\\\/\\\/www.notredamealarose.be\\\/2022\\\/wp-content\\\/uploads\\\/2022\\\/12\\\/enfant2-1000x667-1.jpg\",\"contentUrl\":\"https:\\\/\\\/www.notredamealarose.be\\\/2022\\\/wp-content\\\/uploads\\\/2022\\\/12\\\/enfant2-1000x667-1.jpg\",\"width\":1000,\"height\":667},{\"@type\":\"BreadcrumbList\",\"@id\":\"https:\\\/\\\/www.notredamealarose.be\\\/nl\\\/bezoeken\\\/scholen\\\/#breadcrumb\",\"itemListElement\":[{\"@type\":\"ListItem\",\"position\":1,\"name\":\"Accueil\",\"item\":\"https:\\\/\\\/www.notredamealarose.be\\\/nl\\\/\"},{\"@type\":\"ListItem\",\"position\":2,\"name\":\"Bezoeken\",\"item\":\"https:\\\/\\\/www.notredamealarose.be\\\/nl\\\/bezoeken\\\/\"},{\"@type\":\"ListItem\",\"position\":3,\"name\":\"Scholen\"}]},{\"@type\":\"WebSite\",\"@id\":\"https:\\\/\\\/www.notredamealarose.be\\\/#website\",\"url\":\"https:\\\/\\\/www.notredamealarose.be\\\/\",\"name\":\"H\u00f4pital Notre-Dame \u00e0 la Rose - Lessines\",\"description\":\"Un mus\u00e9e magique et hors du temps !\",\"publisher\":{\"@id\":\"https:\\\/\\\/www.notredamealarose.be\\\/#organization\"},\"potentialAction\":[{\"@type\":\"SearchAction\",\"target\":{\"@type\":\"EntryPoint\",\"urlTemplate\":\"https:\\\/\\\/www.notredamealarose.be\\\/?s={search_term_string}\"},\"query-input\":{\"@type\":\"PropertyValueSpecification\",\"valueRequired\":true,\"valueName\":\"search_term_string\"}}],\"inLanguage\":\"nl-NL\"},{\"@type\":\"Organization\",\"@id\":\"https:\\\/\\\/www.notredamealarose.be\\\/#organization\",\"name\":\"H\u00f4pital Notre-Dame \u00e0 la Rose - Lessines\",\"url\":\"https:\\\/\\\/www.notredamealarose.be\\\/\",\"logo\":{\"@type\":\"ImageObject\",\"inLanguage\":\"nl-NL\",\"@id\":\"https:\\\/\\\/www.notredamealarose.be\\\/#\\\/schema\\\/logo\\\/image\\\/\",\"url\":\"https:\\\/\\\/www.notredamealarose.be\\\/2022\\\/wp-content\\\/uploads\\\/2023\\\/12\\\/HNDR-logo-monochrome-neg.png\",\"contentUrl\":\"https:\\\/\\\/www.notredamealarose.be\\\/2022\\\/wp-content\\\/uploads\\\/2023\\\/12\\\/HNDR-logo-monochrome-neg.png\",\"width\":1998,\"height\":1239,\"caption\":\"H\u00f4pital Notre-Dame \u00e0 la Rose - Lessines\"},\"image\":{\"@id\":\"https:\\\/\\\/www.notredamealarose.be\\\/#\\\/schema\\\/logo\\\/image\\\/\"}}]}<\/script>\n<!-- \/ Yoast SEO plugin. -->","yoast_head_json":{"title":"Scholen - H\u00f4pital Notre-Dame \u00e0 la Rose - Lessines","robots":{"index":"index","follow":"follow","max-snippet":"max-snippet:-1","max-image-preview":"max-image-preview:large","max-video-preview":"max-video-preview:-1"},"canonical":"https:\/\/www.notredamealarose.be\/nl\/bezoeken\/scholen\/","og_locale":"nl_NL","og_type":"article","og_title":"Scholen - H\u00f4pital Notre-Dame \u00e0 la Rose - Lessines","og_description":"Lager, hoger onderwijs en secundair onderwijs zijn welkom. Ontdek hieronder ons aanbod aan rondleidingen. We verwelkomen scholen van dinsdag tot zondag, het hele jaar door, na reservatie. Voor het secundair onderwijs hebben we een specifiek aanbod voor opleidingen paramedische bezoeken. Deze kunnen steeds bij ons terecht om de geschiedenis van de gezondheidszorg te ontdekken. Kennismakingsbezoek [&hellip;]","og_url":"https:\/\/www.notredamealarose.be\/nl\/bezoeken\/scholen\/","og_site_name":"H\u00f4pital Notre-Dame \u00e0 la Rose - Lessines","article_modified_time":"2024-10-07T06:55:43+00:00","og_image":[{"width":1000,"height":667,"url":"https:\/\/www.notredamealarose.be\/2022\/wp-content\/uploads\/2022\/12\/enfant2-1000x667-1.jpg","type":"image\/jpeg"}],"twitter_card":"summary_large_image","schema":{"@context":"https:\/\/schema.org","@graph":[{"@type":"WebPage","@id":"https:\/\/www.notredamealarose.be\/nl\/bezoeken\/scholen\/","url":"https:\/\/www.notredamealarose.be\/nl\/bezoeken\/scholen\/","name":"Scholen - H\u00f4pital Notre-Dame \u00e0 la Rose - Lessines","isPartOf":{"@id":"https:\/\/www.notredamealarose.be\/#website"},"primaryImageOfPage":{"@id":"https:\/\/www.notredamealarose.be\/nl\/bezoeken\/scholen\/#primaryimage"},"image":{"@id":"https:\/\/www.notredamealarose.be\/nl\/bezoeken\/scholen\/#primaryimage"},"thumbnailUrl":"https:\/\/www.notredamealarose.be\/2022\/wp-content\/uploads\/2022\/12\/enfant2-1000x667-1.jpg","datePublished":"2022-09-13T19:12:04+00:00","dateModified":"2024-10-07T06:55:43+00:00","breadcrumb":{"@id":"https:\/\/www.notredamealarose.be\/nl\/bezoeken\/scholen\/#breadcrumb"},"inLanguage":"nl-NL","potentialAction":[{"@type":"ReadAction","target":["https:\/\/www.notredamealarose.be\/nl\/bezoeken\/scholen\/"]}]},{"@type":"ImageObject","inLanguage":"nl-NL","@id":"https:\/\/www.notredamealarose.be\/nl\/bezoeken\/scholen\/#primaryimage","url":"https:\/\/www.notredamealarose.be\/2022\/wp-content\/uploads\/2022\/12\/enfant2-1000x667-1.jpg","contentUrl":"https:\/\/www.notredamealarose.be\/2022\/wp-content\/uploads\/2022\/12\/enfant2-1000x667-1.jpg","width":1000,"height":667},{"@type":"BreadcrumbList","@id":"https:\/\/www.notredamealarose.be\/nl\/bezoeken\/scholen\/#breadcrumb","itemListElement":[{"@type":"ListItem","position":1,"name":"Accueil","item":"https:\/\/www.notredamealarose.be\/nl\/"},{"@type":"ListItem","position":2,"name":"Bezoeken","item":"https:\/\/www.notredamealarose.be\/nl\/bezoeken\/"},{"@type":"ListItem","position":3,"name":"Scholen"}]},{"@type":"WebSite","@id":"https:\/\/www.notredamealarose.be\/#website","url":"https:\/\/www.notredamealarose.be\/","name":"H\u00f4pital Notre-Dame \u00e0 la Rose - Lessines","description":"Un mus\u00e9e magique et hors du temps !","publisher":{"@id":"https:\/\/www.notredamealarose.be\/#organization"},"potentialAction":[{"@type":"SearchAction","target":{"@type":"EntryPoint","urlTemplate":"https:\/\/www.notredamealarose.be\/?s={search_term_string}"},"query-input":{"@type":"PropertyValueSpecification","valueRequired":true,"valueName":"search_term_string"}}],"inLanguage":"nl-NL"},{"@type":"Organization","@id":"https:\/\/www.notredamealarose.be\/#organization","name":"H\u00f4pital Notre-Dame \u00e0 la Rose - Lessines","url":"https:\/\/www.notredamealarose.be\/","logo":{"@type":"ImageObject","inLanguage":"nl-NL","@id":"https:\/\/www.notredamealarose.be\/#\/schema\/logo\/image\/","url":"https:\/\/www.notredamealarose.be\/2022\/wp-content\/uploads\/2023\/12\/HNDR-logo-monochrome-neg.png","contentUrl":"https:\/\/www.notredamealarose.be\/2022\/wp-content\/uploads\/2023\/12\/HNDR-logo-monochrome-neg.png","width":1998,"height":1239,"caption":"H\u00f4pital Notre-Dame \u00e0 la Rose - Lessines"},"image":{"@id":"https:\/\/www.notredamealarose.be\/#\/schema\/logo\/image\/"}}]}},"jetpack_sharing_enabled":true,"_links":{"self":[{"href":"https:\/\/www.notredamealarose.be\/nl\/wp-json\/wp\/v2\/pages\/10265","targetHints":{"allow":["GET"]}}],"collection":[{"href":"https:\/\/www.notredamealarose.be\/nl\/wp-json\/wp\/v2\/pages"}],"about":[{"href":"https:\/\/www.notredamealarose.be\/nl\/wp-json\/wp\/v2\/types\/page"}],"author":[{"embeddable":true,"href":"https:\/\/www.notredamealarose.be\/nl\/wp-json\/wp\/v2\/users\/1"}],"replies":[{"embeddable":true,"href":"https:\/\/www.notredamealarose.be\/nl\/wp-json\/wp\/v2\/comments?post=10265"}],"version-history":[{"count":5,"href":"https:\/\/www.notredamealarose.be\/nl\/wp-json\/wp\/v2\/pages\/10265\/revisions"}],"predecessor-version":[{"id":12329,"href":"https:\/\/www.notredamealarose.be\/nl\/wp-json\/wp\/v2\/pages\/10265\/revisions\/12329"}],"up":[{"embeddable":true,"href":"https:\/\/www.notredamealarose.be\/nl\/wp-json\/wp\/v2\/pages\/10192"}],"wp:featuredmedia":[{"embeddable":true,"href":"https:\/\/www.notredamealarose.be\/nl\/wp-json\/wp\/v2\/media\/9911"}],"wp:attachment":[{"href":"https:\/\/www.notredamealarose.be\/nl\/wp-json\/wp\/v2\/media?parent=10265"}],"curies":[{"name":"wp","href":"https:\/\/api.w.org\/{rel}","templated":true}]}}